{"id":1729,"date":"2024-01-29T10:23:23","date_gmt":"2024-01-29T09:23:23","guid":{"rendered":"https:\/\/goodbeer.solutions\/product\/deptacid-ams\/"},"modified":"2024-09-10T12:01:55","modified_gmt":"2024-09-10T11:01:55","slug":"deptacid-ams","status":"publish","type":"product","link":"https:\/\/goodbeer.solutions\/fr\/produit\/deptacid-ams\/","title":{"rendered":"Nettoyant moussant brasserie DEPTACID AMS Kersia"},"content":{"rendered":"<p>Propri\u00e9t\u00e9s :<br \/>\n&#8211; D\u00e9tergent<br \/>\n&#8211; D\u00e9tartrage<br \/>\n&#8211; Mouillage<br \/>\n&#8211; \u00c9mulsifiant<br \/>\n&#8211; Mousse<br \/>\n&#8211; Sans phosphore<\/p>\n<p>Application :<br \/>\n&#8211; Nettoyage des sols, des murs, des plafonds et des \u00e9quipements.<br \/>\n&#8211; Ne pas appliquer sur le b\u00e9ton.<br \/>\n&#8211; A utiliser avec pr\u00e9caution sur l&rsquo;acier doux et l&rsquo;acier galvanis\u00e9.<\/p>\n<p>Mode d&#8217;emploi :<br \/>\n&#8211; Concentration : 2 &#8211; 5%<br \/>\n&#8211; Temp\u00e9rature : 10 &#8211; 50\u00b0C<br \/>\n&#8211; Temps de contact : 15 &#8211; 20 minutes<br \/>\n&#8211; S\u00e9quence d&rsquo;utilisation standard : Pr\u00e9-rin\u00e7age \u00e0 l&rsquo;eau<\/p>\n","protected":false},"excerpt":{"rendered":"<p>D\u00c9TERGENT ACIDE MOUSSANT D\u00c9TARTRANT SANS PHOSPHORE<br \/>\nPOUR LES APPLICATIONS DE MOUSSE ET LA PULV\u00c9RISATION SUR LES SURFACES<\/p>\n","protected":false},"featured_media":1625,"template":"","meta":{"_themeisle_gutenberg_block_has_review":false},"product_brand":[],"product_cat":[282,490],"product_tag":[],"class_list":{"0":"post-1729","1":"product","2":"type-product","3":"status-publish","4":"has-post-thumbnail","6":"product_cat-hygiene-fr","7":"product_cat-nettoyage","8":"pa_brand-kersia-fr","10":"first","11":"instock","12":"taxable","13":"shipping-taxable","14":"purchasable","15":"product-type-simple"},"_links":{"self":[{"href":"https:\/\/goodbeer.solutions\/fr\/wp-json\/wp\/v2\/product\/1729","targetHints":{"allow":["GET"]}}],"collection":[{"href":"https:\/\/goodbeer.solutions\/fr\/wp-json\/wp\/v2\/product"}],"about":[{"href":"https:\/\/goodbeer.solutions\/fr\/wp-json\/wp\/v2\/types\/product"}],"wp:featuredmedia":[{"embeddable":true,"href":"https:\/\/goodbeer.solutions\/fr\/wp-json\/wp\/v2\/media\/1625"}],"wp:attachment":[{"href":"https:\/\/goodbeer.solutions\/fr\/wp-json\/wp\/v2\/media?parent=1729"}],"wp:term":[{"taxonomy":"product_brand","embeddable":true,"href":"https:\/\/goodbeer.solutions\/fr\/wp-json\/wp\/v2\/product_brand?post=1729"},{"taxonomy":"product_cat","embeddable":true,"href":"https:\/\/goodbeer.solutions\/fr\/wp-json\/wp\/v2\/product_cat?post=1729"},{"taxonomy":"product_tag","embeddable":true,"href":"https:\/\/goodbeer.solutions\/fr\/wp-json\/wp\/v2\/product_tag?post=1729"}],"curies":[{"name":"wp","href":"https:\/\/api.w.org\/{rel}","templated":true}]}}