{"id":1730,"date":"2024-01-29T10:22:26","date_gmt":"2024-01-29T09:22:26","guid":{"rendered":"https:\/\/goodbeer.solutions\/product\/deptil-poh\/"},"modified":"2024-09-10T12:02:02","modified_gmt":"2024-09-10T11:02:02","slug":"deptil-poh","status":"publish","type":"product","link":"https:\/\/goodbeer.solutions\/fr\/produit\/deptil-poh\/","title":{"rendered":"Boosteur CIP DEPTIL POH pour brasseries"},"content":{"rendered":"<p>L&rsquo;addition doit se faire lentement et sous agitation. Consultez au pr\u00e9alable votre conseiller technique qui d\u00e9finira le protocole de s\u00e9curit\u00e9 \u00e0 suivre lors de la pr\u00e9paration de ce m\u00e9lange. Cette m\u00e9thode ne doit pas \u00eatre utilis\u00e9e dans un espace confin\u00e9, et un \u00e9vent est n\u00e9cessaire pour \u00e9vacuer l&rsquo;oxyg\u00e8ne au fur et \u00e0 mesure de sa formation.<\/p>\n<p>CORROSION : DEPTIL POH est peu corrosif pour les aciers inoxydables ; en solution aqueuse, DEPTIL POH ne provoque pas de corrosion par piq\u00fbres ou par crevasses sur les aciers inoxydables couramment utilis\u00e9s dans l&rsquo;industrie alimentaire.<\/p>\n<p>Param\u00e8tres de contr\u00f4le : Dose d&rsquo;\u00e9chantillon : 5ml Pr\u00e9traitement : Thiosulfate de sodium 0,1 N Indicateur : KI R\u00e9actif : 20% H2SO4 Facteur de titrage : f = 0,05\u00b10,01 Concentration en % = ml de titrage * f Concentration en g\/l = ml de titrage * f * 10<\/p>\n","protected":false},"excerpt":{"rendered":"<p><strong>Renforcement de la force de nettoyage CIP<\/strong><\/p>\n<p>&nbsp;<\/p>\n<div class=\"flex-1 overflow-hidden\">\n<div class=\"react-scroll-to-bottom--css-kdeca-79elbk h-full\">\n<div class=\"react-scroll-to-bottom--css-kdeca-1n7m0yu\">\n<div class=\"flex flex-col pb-9 text-sm\">\n<div class=\"w-full text-token-text-primary\" data-testid=\"conversation-turn-7\">\n<div class=\"px-4 py-2 justify-center text-base md:gap-6 m-auto\">\n<div class=\"flex flex-1 text-base mx-auto gap-3 md:px-5 lg:px-1 xl:px-5 md:max-w-3xl lg:max-w-[40rem] xl:max-w-[48rem] group final-completion\">\n<div class=\"relative flex w-full flex-col lg:w-[calc(100%-115px)] agent-turn\">\n<div class=\"flex-col gap-1 md:gap-3\">\n<div class=\"flex flex-grow flex-col max-w-full\">\n<div class=\"min-h-[20px] text-message flex flex-col items-start gap-3 whitespace-pre-wrap break-words [.text-message+&amp;]:mt-5 overflow-x-auto\" data-message-author-role=\"assistant\" data-message-id=\"cf8e4b6b-41cd-44e7-8e87-07ff8e824992\">\n<div class=\"markdown prose w-full break-words dark:prose-invert light\">\n<p>Contient du peroxyde d&rsquo;hydrog\u00e8ne Ce produit n&rsquo;est pas destin\u00e9 \u00e0 la d\u00e9sinfection.<\/p>\n<p>Application : Agent de nettoyage pour les circuits et les r\u00e9servoirs. Agent de nettoyage pour le mat\u00e9riel de brassage. Peut \u00eatre ajout\u00e9 aux nettoyants acides. Additif pour les nettoyants acides, pour les solutions alcalines afin d&rsquo;am\u00e9liorer le pouvoir nettoyant. Avant toute utilisation, consultez votre conseiller technique qui d\u00e9finira le protocole de s\u00e9curit\u00e9 \u00e0 suivre pour ce m\u00e9lange.<\/p>\n<p>Mode d&#8217;emploi : Concentration : 0,2 \u00e0 1% Temps de contact : 5-30 min Temp\u00e9rature : 20 \u00e0 80 \u00b0C S\u00e9quence d&rsquo;utilisation standard : Application de la solution DEPTIL POH (consulter notre \u00e9quipe technique) Rin\u00e7age \u00e0 l&rsquo;eau potable<\/p>\n<\/div>\n<\/div>\n<\/div>\n<div class=\"mt-1 flex justify-start gap-3 empty:hidden\">\n<div class=\"text-gray-400 flex self-end lg:self-center justify-center lg:justify-start mt-0 -ml-1 visible\">\n<p>&nbsp;<\/p>\n<div class=\"flex\"><\/div>\n<div class=\"flex items-center gap-1.5 text-xs\"><\/div>\n<\/div>\n<\/div>\n<\/div>\n<div class=\"absolute\">\n<div class=\"flex w-full gap-2 items-center justify-center\"><\/div>\n<\/div>\n<\/div>\n<\/div>\n<\/div>\n<\/div>\n<\/div>\n<\/div>\n<\/div>\n<\/div>\n<div class=\"w-full pt-2 md:pt-0 dark:border-white\/20 md:border-transparent md:dark:border-transparent md:w-[calc(100%-.5rem)]\">\n<form class=\"stretch mx-2 flex flex-row gap-3 last:mb-2 md:mx-4 md:last:mb-6 lg:mx-auto lg:max-w-2xl xl:max-w-3xl\">\n<div class=\"relative flex h-full flex-1 items-stretch md:flex-col\">\n<div class=\"flex w-full items-center\">\n<div class=\"overflow-hidden [&amp;:has(textarea:focus)]:border-token-border-xheavy [&amp;:has(textarea:focus)]:shadow-[0_2px_6px_rgba(0,0,0,.05)] flex flex-col w-full dark:border-token-border-heavy flex-grow relative border border-token-border-heavy dark:text-white rounded-2xl bg-white dark:bg-gray-800 shadow-[0_0_0_2px_rgba(255,255,255,0.95)] dark:shadow-[0_0_0_2px_rgba(52,53,65,0.95)]\">\n<div data-grammarly-part=\"button\">\n<div>\n<div>\n<div class=\"amkYk\">\n<div>\n<div class=\"ptGJG\"><\/div>\n<\/div>\n<\/div>\n<\/div>\n<\/div>\n<\/div>\n<\/div>\n<\/div>\n<\/div>\n<\/form>\n<\/div>\n","protected":false},"featured_media":1623,"template":"","meta":{"_themeisle_gutenberg_block_has_review":false},"product_brand":[],"product_cat":[282,490],"product_tag":[],"class_list":{"0":"post-1730","1":"product","2":"type-product","3":"status-publish","4":"has-post-thumbnail","6":"product_cat-hygiene-fr","7":"product_cat-nettoyage","8":"pa_brand-kersia-fr","10":"first","11":"instock","12":"taxable","13":"shipping-taxable","14":"purchasable","15":"product-type-simple"},"_links":{"self":[{"href":"https:\/\/goodbeer.solutions\/fr\/wp-json\/wp\/v2\/product\/1730","targetHints":{"allow":["GET"]}}],"collection":[{"href":"https:\/\/goodbeer.solutions\/fr\/wp-json\/wp\/v2\/product"}],"about":[{"href":"https:\/\/goodbeer.solutions\/fr\/wp-json\/wp\/v2\/types\/product"}],"wp:featuredmedia":[{"embeddable":true,"href":"https:\/\/goodbeer.solutions\/fr\/wp-json\/wp\/v2\/media\/1623"}],"wp:attachment":[{"href":"https:\/\/goodbeer.solutions\/fr\/wp-json\/wp\/v2\/media?parent=1730"}],"wp:term":[{"taxonomy":"product_brand","embeddable":true,"href":"https:\/\/goodbeer.solutions\/fr\/wp-json\/wp\/v2\/product_brand?post=1730"},{"taxonomy":"product_cat","embeddable":true,"href":"https:\/\/goodbeer.solutions\/fr\/wp-json\/wp\/v2\/product_cat?post=1730"},{"taxonomy":"product_tag","embeddable":true,"href":"https:\/\/goodbeer.solutions\/fr\/wp-json\/wp\/v2\/product_tag?post=1730"}],"curies":[{"name":"wp","href":"https:\/\/api.w.org\/{rel}","templated":true}]}}