{"id":1732,"date":"2024-01-29T10:05:27","date_gmt":"2024-01-29T09:05:27","guid":{"rendered":"https:\/\/goodbeer.solutions\/product\/acide-lactique-80-fg-fcc-e270\/"},"modified":"2024-09-10T12:02:23","modified_gmt":"2024-09-10T11:02:23","slug":"acide-lactique-80-fg-fcc-e270","status":"publish","type":"product","link":"https:\/\/goodbeer.solutions\/fr\/produit\/acide-lactique-80-fg-fcc-e270\/","title":{"rendered":"Acide lactique 80% E270 pour le contr\u00f4le du PH en brasserie"},"content":{"rendered":"<div class=\"flex-1 overflow-hidden\">\n<div class=\"react-scroll-to-bottom--css-kdeca-79elbk h-full\">\n<div class=\"react-scroll-to-bottom--css-kdeca-1n7m0yu\">\n<div class=\"flex flex-col pb-9 text-sm\">\n<div class=\"w-full text-token-text-primary\" data-testid=\"conversation-turn-7\">\n<div class=\"px-4 py-2 justify-center text-base md:gap-6 m-auto\">\n<div class=\"flex flex-1 text-base mx-auto gap-3 md:px-5 lg:px-1 xl:px-5 md:max-w-3xl lg:max-w-[40rem] xl:max-w-[48rem] group final-completion\">\n<div class=\"relative flex w-full flex-col lg:w-[calc(100%-115px)] agent-turn\">\n<div class=\"flex-col gap-1 md:gap-3\">\n<div class=\"flex flex-grow flex-col max-w-full\">\n<div class=\"min-h-[20px] text-message flex flex-col items-start gap-3 whitespace-pre-wrap break-words [.text-message+&amp;]:mt-5 overflow-x-auto\" data-message-author-role=\"assistant\" data-message-id=\"dde41110-f001-4fcf-b7eb-69ebc534a797\">\n<div class=\"markdown prose w-full break-words dark:prose-invert light\">\n<p><strong>Mode d&#8217;emploi :<\/strong> Pour une utilisation optimale de l&rsquo;acide lactique 80%, commencez par le diluer dans de l&rsquo;eau avant de l&rsquo;ajouter \u00e0 votre mo\u00fbt. L&rsquo;essentiel est de l&rsquo;ajouter progressivement, en testant les niveaux de pH au fur et \u00e0 mesure, afin d&rsquo;obtenir l&rsquo;acidit\u00e9 souhait\u00e9e sans surcharger le brassin. Ce produit \u00e9tant tr\u00e8s concentr\u00e9, une petite quantit\u00e9 suffit. Il est \u00e9galement polyvalent. Utilisez-le pour le traitement de l&rsquo;eau de sparge afin de r\u00e9duire la teneur en min\u00e9raux et d&#8217;emp\u00eacher l&rsquo;extraction des tanins, qui peut conduire \u00e0 des saveurs astringentes.<\/p>\n<p><strong>Avantages :<\/strong><\/p>\n<ul>\n<li><strong>Contr\u00f4le pr\u00e9cis du pH :<\/strong> R\u00e9glez avec pr\u00e9cision l&rsquo;acidit\u00e9 de votre mo\u00fbt pour une activit\u00e9 enzymatique optimale et le d\u00e9veloppement des ar\u00f4mes.<\/li>\n<li><strong>Am\u00e9lioration de la saveur :<\/strong> Ajustez subtilement l&rsquo;acidit\u00e9 et la complexit\u00e9 de votre bi\u00e8re, ce qui est parfait pour cr\u00e9er des bi\u00e8res acides distinctives et am\u00e9liorer les styles traditionnels.<\/li>\n<li><strong>Puret\u00e9 et qualit\u00e9 :<\/strong> Fabriqu\u00e9 \u00e0 partir de mati\u00e8res premi\u00e8res naturelles, notre acide lactique 80% est con\u00e7u pour r\u00e9pondre aux normes \u00e9lev\u00e9es des brasseurs artisanaux, garantissant un produit propre et coh\u00e9rent \u00e0 chaque lot.<\/li>\n<li><strong>Efficacit\u00e9 :<\/strong> Une petite quantit\u00e9 peut avoir un impact significatif, ce qui en fait une solution rentable pour l&rsquo;ajustement du pH et la modification des ar\u00f4mes.<\/li>\n<li><strong>Durabilit\u00e9 :<\/strong> En tant que produit d&rsquo;origine naturelle, il s&rsquo;aligne sur les pratiques de brassage durables, r\u00e9duisant ainsi l&#8217;empreinte environnementale de votre brasserie.<\/li>\n<\/ul>\n<p>Facilitez le travail du brasseur avec notre Acide Lactique 80% &#8211; votre partenaire essentiel dans l&rsquo;\u00e9laboration de bi\u00e8res qui se distinguent par leur qualit\u00e9, leur saveur et leur caract\u00e8re. Parfait pour les brasseurs qui privil\u00e9gient la pr\u00e9cision, la puret\u00e9 et la durabilit\u00e9 dans leur m\u00e9tier.<\/p>\n<\/div>\n<\/div>\n<\/div>\n<div class=\"mt-1 flex justify-start gap-3 empty:hidden\">\n<div class=\"text-gray-400 flex self-end lg:self-center justify-center lg:justify-start mt-0 -ml-1 visible\">\n<p>&nbsp;<\/p>\n<div class=\"flex\"><\/div>\n<div class=\"flex items-center gap-1.5 text-xs\"><\/div>\n<\/div>\n<\/div>\n<\/div>\n<div class=\"absolute\">\n<div class=\"flex w-full gap-2 items-center justify-center\"><\/div>\n<\/div>\n<\/div>\n<\/div>\n<\/div>\n<\/div>\n<\/div>\n<\/div>\n<\/div>\n<\/div>\n<div class=\"w-full pt-2 md:pt-0 dark:border-white\/20 md:border-transparent md:dark:border-transparent md:w-[calc(100%-.5rem)]\">\n<form class=\"stretch mx-2 flex flex-row gap-3 last:mb-2 md:mx-4 md:last:mb-6 lg:mx-auto lg:max-w-2xl xl:max-w-3xl\">\n<div class=\"relative flex h-full flex-1 items-stretch md:flex-col\">\n<div class=\"flex w-full items-center\">\n<div class=\"overflow-hidden [&amp;:has(textarea:focus)]:border-token-border-xheavy [&amp;:has(textarea:focus)]:shadow-[0_2px_6px_rgba(0,0,0,.05)] flex flex-col w-full dark:border-token-border-heavy flex-grow relative border border-token-border-heavy dark:text-white rounded-2xl bg-white dark:bg-gray-800 shadow-[0_0_0_2px_rgba(255,255,255,0.95)] dark:shadow-[0_0_0_2px_rgba(52,53,65,0.95)]\">\n<div data-grammarly-part=\"button\">\n<div>\n<div>\n<div class=\"amkYk\">\n<div>\n<div class=\"ptGJG\"><\/div>\n<\/div>\n<\/div>\n<\/div>\n<\/div>\n<\/div>\n<\/div>\n<\/div>\n<\/div>\n<\/form>\n<\/div>\n","protected":false},"excerpt":{"rendered":"<p>Nous vous pr\u00e9sentons notre Acide Lactique 80% de premi\u00e8re qualit\u00e9, un produit essentiel de brassage \u00e0 haute concentration con\u00e7u pour les brasseurs artisanaux. Ce puissant additif de qualit\u00e9 alimentaire est d\u00e9riv\u00e9 de mati\u00e8res premi\u00e8res naturelles, ce qui lui permet de s&rsquo;aligner parfaitement sur l&rsquo;\u00e9thique de la brasserie artisanale.<\/p>\n<p>L&rsquo;acide lactique 80% est une forme concentr\u00e9e d&rsquo;acide lactique, l&rsquo;un des acides organiques les plus utilis\u00e9s dans l&rsquo;industrie brassicole. Son r\u00f4le est essentiel dans l&rsquo;ajustement du niveau de pH de la trempe et du mo\u00fbt, favorisant un environnement qui optimise l&rsquo;activit\u00e9 enzymatique au cours de la trempe et am\u00e9liore le profil aromatique global de la bi\u00e8re. Ce produit est particuli\u00e8rement important pour les styles qui b\u00e9n\u00e9ficient d&rsquo;une acidit\u00e9 l\u00e9g\u00e8rement acidul\u00e9e et plus ronde, comme les sour ales et les lambics belges.<\/p>\n","protected":false},"featured_media":1621,"template":"","meta":{"_themeisle_gutenberg_block_has_review":false},"product_brand":[],"product_cat":[292,372],"product_tag":[],"class_list":{"0":"post-1732","1":"product","2":"type-product","3":"status-publish","4":"has-post-thumbnail","6":"product_cat-aide-au-brassage","7":"product_cat-traitement-de-l-eau","8":"pa_brand-kersia-fr","10":"first","11":"instock","12":"taxable","13":"shipping-taxable","14":"purchasable","15":"product-type-simple"},"_links":{"self":[{"href":"https:\/\/goodbeer.solutions\/fr\/wp-json\/wp\/v2\/product\/1732","targetHints":{"allow":["GET"]}}],"collection":[{"href":"https:\/\/goodbeer.solutions\/fr\/wp-json\/wp\/v2\/product"}],"about":[{"href":"https:\/\/goodbeer.solutions\/fr\/wp-json\/wp\/v2\/types\/product"}],"wp:featuredmedia":[{"embeddable":true,"href":"https:\/\/goodbeer.solutions\/fr\/wp-json\/wp\/v2\/media\/1621"}],"wp:attachment":[{"href":"https:\/\/goodbeer.solutions\/fr\/wp-json\/wp\/v2\/media?parent=1732"}],"wp:term":[{"taxonomy":"product_brand","embeddable":true,"href":"https:\/\/goodbeer.solutions\/fr\/wp-json\/wp\/v2\/product_brand?post=1732"},{"taxonomy":"product_cat","embeddable":true,"href":"https:\/\/goodbeer.solutions\/fr\/wp-json\/wp\/v2\/product_cat?post=1732"},{"taxonomy":"product_tag","embeddable":true,"href":"https:\/\/goodbeer.solutions\/fr\/wp-json\/wp\/v2\/product_tag?post=1732"}],"curies":[{"name":"wp","href":"https:\/\/api.w.org\/{rel}","templated":true}]}}