{"id":1745,"date":"2024-01-25T15:36:12","date_gmt":"2024-01-25T14:36:12","guid":{"rendered":"https:\/\/goodbeer.solutions\/product\/chocolat-seigle-300-md\/"},"modified":"2024-09-10T12:03:50","modified_gmt":"2024-09-10T11:03:50","slug":"chocolat-seigle-300-md","status":"publish","type":"product","link":"https:\/\/goodbeer.solutions\/fr\/produit\/chocolat-seigle-300-md\/","title":{"rendered":"SEIGLE CHOCOLAT 300 M Dingemans"},"content":{"rendered":"<table dir=\"ltr\" style=\"height: 183px;\" border=\"1\" width=\"275\" cellspacing=\"0\" cellpadding=\"0\" data-sheets-root=\"1\">\n<colgroup>\n<col width=\"100\" \/>\n<col width=\"100\" \/><\/colgroup>\n<tbody>\n<tr>\n<td data-sheets-value=\"{\">COULEUR EBC :<\/td>\n<td data-sheets-value=\"{\">300<\/td>\n<\/tr>\n<tr>\n<td data-sheets-value=\"{\">LOVIBOND :<\/td>\n<td data-sheets-value=\"{\">115<\/td>\n<\/tr>\n<tr>\n<td data-sheets-value=\"{\">SAVEUR :<\/td>\n<td data-sheets-value=\"{\">\n<div class=\"field field-name-field-flavour field-type-text field-label-inline clearfix\">\n<div class=\"field-items\">\n<div class=\"field-item even\">Chocolat, F\u00e8ves de cacao, Grains de caf\u00e9, piquant fin<\/div>\n<\/div>\n<\/div>\n<\/td>\n<\/tr>\n<tr>\n<td data-sheets-value=\"{\">UTILISATION :<\/td>\n<td data-sheets-value=\"{\">\n<div class=\"field-item even\">\n<div class=\"field-item even\">\n<div class=\"field-item even\">\n<div class=\"field-item even\">\n<div class=\"field-item even\">\n<div class=\"field-item even\">\n<div class=\"field-item even\">\n<div class=\"field-item even\">\n<div class=\"field-item even\">\n<div class=\"field-item even\">\n<div class=\"field-item even\">\n<div class=\"field-item even\">\n<div class=\"field-item even\">\n<div class=\"field-item even\">Stout<\/div>\n<div class=\"field-item odd\">Bi\u00e8re de seigle<\/div>\n<div class=\"field-item even\">Porter<\/div>\n<div class=\"field-item odd\">Dark Ale<\/div>\n<div class=\"field-item even\">Quadrupel belge<\/div>\n<div class=\"field-item odd\">Belgian Brown<\/div>\n<\/div>\n<\/div>\n<\/div>\n<\/div>\n<\/div>\n<\/div>\n<\/div>\n<\/div>\n<\/div>\n<\/div>\n<\/div>\n<\/div>\n<\/div>\n<\/td>\n<\/tr>\n<tr>\n<td data-sheets-value=\"{\">Malt Bill :<\/td>\n<td data-sheets-value=\"{\">jusqu&rsquo;\u00e0 5%<\/td>\n<\/tr>\n<\/tbody>\n<\/table>\n","protected":false},"excerpt":{"rendered":"<div class=\"field field-name-field-colour-ebc field-type-number-integer field-label-inline clearfix\">\n<div class=\"field-label\">\n<div class=\"flex-1 overflow-hidden\">\n<div class=\"react-scroll-to-bottom--css-dusec-79elbk h-full\">\n<div class=\"react-scroll-to-bottom--css-dusec-1n7m0yu\">\n<div class=\"flex flex-col pb-9 text-sm\">\n<div class=\"w-full text-token-text-primary\" data-testid=\"conversation-turn-39\">\n<div class=\"px-4 py-2 justify-center text-base md:gap-6 m-auto\">\n<div class=\"flex flex-1 text-base mx-auto gap-3 md:px-5 lg:px-1 xl:px-5 md:max-w-3xl lg:max-w-[40rem] xl:max-w-[48rem] group final-completion\">\n<div class=\"relative flex w-full flex-col lg:w-[calc(100%-115px)] agent-turn\">\n<div class=\"flex-col gap-1 md:gap-3\">\n<div class=\"flex flex-grow flex-col max-w-full\">\n<div class=\"min-h-[20px] text-message flex flex-col items-start gap-3 whitespace-pre-wrap break-words [.text-message+&amp;]:mt-5 overflow-x-auto\" data-message-author-role=\"assistant\" data-message-id=\"ab7fc229-c7d0-4e56-bf5b-daac872de423\">\n<div class=\"markdown prose w-full break-words dark:prose-invert light\">\n<p>Notre malt Chocolate Rye 300 MD est obtenu par torr\u00e9faction de notre malt de seigle MD dans notre tambour de torr\u00e9faction \u00e0 des temp\u00e9ratures \u00e9lev\u00e9es. Ce processus rehausse le malt avec les saveurs malt\u00e9es et \u00e9pic\u00e9es que l&rsquo;on retrouve dans le Rye Malt MD standard, enrichies de notes de chocolat, d&rsquo;amandes de cacao et de grains de caf\u00e9.<\/p>\n<p>Parfait pour toute bi\u00e8re de seigle, le malt Chocolate Rye 300 MD apporte une dimension suppl\u00e9mentaire de complexit\u00e9 au brassin.<\/p>\n<p>Ce malt torr\u00e9fi\u00e9 peut \u00eatre incorpor\u00e9 jusqu&rsquo;\u00e0 5 % du total des grains.<\/p>\n<\/div>\n<\/div>\n<\/div>\n<div class=\"mt-1 flex justify-start gap-3 empty:hidden\">\n<div class=\"text-gray-400 flex self-end lg:self-center justify-center lg:justify-start mt-0 -ml-1 visible\">\n<p>&nbsp;<\/p>\n<div class=\"flex\"><\/div>\n<div class=\"flex items-center gap-1.5 text-xs\"><\/div>\n<\/div>\n<\/div>\n<\/div>\n<div class=\"absolute\">\n<div class=\"flex w-full gap-2 items-center justify-center\"><\/div>\n<\/div>\n<\/div>\n<\/div>\n<\/div>\n<\/div>\n<\/div>\n<\/div>\n<\/div>\n<\/div>\n<div class=\"w-full pt-2 md:pt-0 dark:border-white\/20 md:border-transparent md:dark:border-transparent md:w-[calc(100%-.5rem)]\">\n<form class=\"stretch mx-2 flex flex-row gap-3 last:mb-2 md:mx-4 md:last:mb-6 lg:mx-auto lg:max-w-2xl xl:max-w-3xl\">\n<div class=\"relative flex h-full flex-1 items-stretch md:flex-col\">\n<div class=\"flex w-full items-center\">\n<div class=\"overflow-hidden [&amp;:has(textarea:focus)]:border-token-border-xheavy [&amp;:has(textarea:focus)]:shadow-[0_2px_6px_rgba(0,0,0,.05)] flex flex-col w-full dark:border-token-border-heavy flex-grow relative border border-token-border-heavy dark:text-white rounded-2xl bg-white dark:bg-gray-800 shadow-[0_0_0_2px_rgba(255,255,255,0.95)] dark:shadow-[0_0_0_2px_rgba(52,53,65,0.95)]\">\n<div data-grammarly-part=\"button\">\n<div>\n<div>\n<div class=\"amkYk\">\n<div>\n<div class=\"ptGJG\"><\/div>\n<\/div>\n<\/div>\n<\/div>\n<\/div>\n<\/div>\n<\/div>\n<\/div>\n<\/div>\n<\/form>\n<\/div>\n<\/div>\n<\/div>\n","protected":false},"featured_media":1427,"template":"","meta":{"_themeisle_gutenberg_block_has_review":false},"product_brand":[],"product_cat":[366,314,315],"product_tag":[],"class_list":{"0":"post-1745","1":"product","2":"type-product","3":"status-publish","4":"has-post-thumbnail","6":"product_cat-malt-cereale","7":"product_cat-malt-speciaux","8":"product_cat-roti","9":"pa_brand-dingemans","10":"pa_capacity-1t-big-bag-fr","11":"pa_capacity-40-x-sacs-de-25-kg","13":"first","14":"onbackorder","15":"taxable","16":"shipping-taxable","17":"purchasable","18":"product-type-variable"},"_links":{"self":[{"href":"https:\/\/goodbeer.solutions\/fr\/wp-json\/wp\/v2\/product\/1745","targetHints":{"allow":["GET"]}}],"collection":[{"href":"https:\/\/goodbeer.solutions\/fr\/wp-json\/wp\/v2\/product"}],"about":[{"href":"https:\/\/goodbeer.solutions\/fr\/wp-json\/wp\/v2\/types\/product"}],"wp:featuredmedia":[{"embeddable":true,"href":"https:\/\/goodbeer.solutions\/fr\/wp-json\/wp\/v2\/media\/1427"}],"wp:attachment":[{"href":"https:\/\/goodbeer.solutions\/fr\/wp-json\/wp\/v2\/media?parent=1745"}],"wp:term":[{"taxonomy":"product_brand","embeddable":true,"href":"https:\/\/goodbeer.solutions\/fr\/wp-json\/wp\/v2\/product_brand?post=1745"},{"taxonomy":"product_cat","embeddable":true,"href":"https:\/\/goodbeer.solutions\/fr\/wp-json\/wp\/v2\/product_cat?post=1745"},{"taxonomy":"product_tag","embeddable":true,"href":"https:\/\/goodbeer.solutions\/fr\/wp-json\/wp\/v2\/product_tag?post=1745"}],"curies":[{"name":"wp","href":"https:\/\/api.w.org\/{rel}","templated":true}]}}