{"id":1758,"date":"2024-01-25T15:08:39","date_gmt":"2024-01-25T14:08:39","guid":{"rendered":"https:\/\/goodbeer.solutions\/product\/karrewheat-77-md\/"},"modified":"2024-09-10T12:04:00","modified_gmt":"2024-09-10T11:04:00","slug":"karrewheat-77-dingemans","status":"publish","type":"product","link":"https:\/\/goodbeer.solutions\/fr\/produit\/karrewheat-77-dingemans\/","title":{"rendered":"Malt KARREWHEAT 77 malt de bl\u00e9 &#8211; Dingemans malt"},"content":{"rendered":"<table dir=\"ltr\" style=\"height: 183px;\" border=\"1\" width=\"275\" cellspacing=\"0\" cellpadding=\"0\" data-sheets-root=\"1\">\n<colgroup>\n<col width=\"100\" \/>\n<col width=\"100\" \/><\/colgroup>\n<tbody>\n<tr>\n<td data-sheets-value=\"{\">COULEUR EBC :<\/td>\n<td data-sheets-value=\"{\">77<\/td>\n<\/tr>\n<tr>\n<td data-sheets-value=\"{\">LOVIBOND :<\/td>\n<td data-sheets-value=\"{\">30<\/td>\n<\/tr>\n<tr>\n<td data-sheets-value=\"{\">SAVEUR :<\/td>\n<td data-sheets-value=\"{\">\n<div class=\"field field-name-field-flavour field-type-text field-label-inline clearfix\">\n<div class=\"field-items\">\n<div class=\"field-item even\">Ar\u00f4me doux, caramel clair avec des notes de pain chaud et de biscuits.<\/div>\n<\/div>\n<\/div>\n<\/td>\n<\/tr>\n<tr>\n<td data-sheets-value=\"{\">UTILISATION :<\/td>\n<td data-sheets-value=\"{\">\n<div class=\"field-item even\">\n<div class=\"field-item even\">\n<div class=\"field-item even\">\n<div class=\"field-item even\">\n<div class=\"field-item even\">\n<div class=\"field-item even\">\n<div class=\"field-item even\">\n<div class=\"field-item even\">\n<div class=\"field-item even\">\n<div class=\"field-item even\">\n<div class=\"field-item even\">\n<div class=\"field-item even\">\n<div class=\"field-item even\">Bi\u00e8res d&rsquo;abbaye<\/div>\n<div class=\"field-item odd\">Stout<\/div>\n<div class=\"field-item even\">Porter<\/div>\n<div class=\"field-item odd\">Barleywine<\/div>\n<div class=\"field-item even\">Flemish Old Brown<\/div>\n<div class=\"field-item odd\">Dark Ale<\/div>\n<div class=\"field-item even\">Quadrupel belge<\/div>\n<div class=\"field-item odd\">Belgian Brown<\/div>\n<\/div>\n<\/div>\n<\/div>\n<\/div>\n<\/div>\n<\/div>\n<\/div>\n<\/div>\n<\/div>\n<\/div>\n<\/div>\n<\/div>\n<\/td>\n<\/tr>\n<tr>\n<td data-sheets-value=\"{\">Malt Bill :<\/td>\n<td data-sheets-value=\"{\">Jusqu&rsquo;\u00e0 20%<\/td>\n<\/tr>\n<\/tbody>\n<\/table>\n","protected":false},"excerpt":{"rendered":"<div class=\"field field-name-field-colour-ebc field-type-number-integer field-label-inline clearfix\">\n<div class=\"field-label\">\n<p>Notre malt Karrewheat 77 MD est cr\u00e9\u00e9 en caram\u00e9lisant notre malt de bl\u00e9 MD dans le tambour de torr\u00e9faction, contrairement au processus de touraillage typique. La combinaison de la caram\u00e9lisation et de temp\u00e9ratures de s\u00e9chage plus basses est la cl\u00e9 du profil aromatique unique de ce malt.<\/p>\n<p>La Karrewheat 77 MD, tout en conservant les caract\u00e9ristiques classiques du bl\u00e9, contribue \u00e0 une bi\u00e8re plus riche et apporte des saveurs de pain chaud, de biscuits et de caramel. Comme ce malt est d\u00e9pourvu d&rsquo;enzymes, il doit \u00eatre m\u00e9lang\u00e9 \u00e0 un malt qui poss\u00e8de un pouvoir diastatique \u00e9lev\u00e9 pour un brassage optimal.<\/p>\n<p>Les malts caram\u00e9lis\u00e9s comme le Karrewheat 77 MD sont connus pour leur impact b\u00e9n\u00e9fique sur la stabilit\u00e9 de la mousse, efficace d\u00e8s 5%<\/p>\n<p>Ce malt caram\u00e9lis\u00e9 peut \u00eatre incorpor\u00e9 jusqu&rsquo;\u00e0 25 % du total de c\u00e9r\u00e9ales.<\/p>\n<p>ill.<\/p>\n<\/div>\n<\/div>\n","protected":false},"featured_media":1433,"template":"","meta":{"_themeisle_gutenberg_block_has_review":false},"product_brand":[],"product_cat":[366,314,315],"product_tag":[],"class_list":{"0":"post-1758","1":"product","2":"type-product","3":"status-publish","4":"has-post-thumbnail","6":"product_cat-malt-cereale","7":"product_cat-malt-speciaux","8":"product_cat-roti","9":"pa_brand-dingemans","10":"pa_capacity-1t-big-bag-fr","11":"pa_capacity-40-x-sacs-de-25-kg","13":"first","14":"onbackorder","15":"taxable","16":"shipping-taxable","17":"purchasable","18":"product-type-variable"},"_links":{"self":[{"href":"https:\/\/goodbeer.solutions\/fr\/wp-json\/wp\/v2\/product\/1758","targetHints":{"allow":["GET"]}}],"collection":[{"href":"https:\/\/goodbeer.solutions\/fr\/wp-json\/wp\/v2\/product"}],"about":[{"href":"https:\/\/goodbeer.solutions\/fr\/wp-json\/wp\/v2\/types\/product"}],"wp:featuredmedia":[{"embeddable":true,"href":"https:\/\/goodbeer.solutions\/fr\/wp-json\/wp\/v2\/media\/1433"}],"wp:attachment":[{"href":"https:\/\/goodbeer.solutions\/fr\/wp-json\/wp\/v2\/media?parent=1758"}],"wp:term":[{"taxonomy":"product_brand","embeddable":true,"href":"https:\/\/goodbeer.solutions\/fr\/wp-json\/wp\/v2\/product_brand?post=1758"},{"taxonomy":"product_cat","embeddable":true,"href":"https:\/\/goodbeer.solutions\/fr\/wp-json\/wp\/v2\/product_cat?post=1758"},{"taxonomy":"product_tag","embeddable":true,"href":"https:\/\/goodbeer.solutions\/fr\/wp-json\/wp\/v2\/product_tag?post=1758"}],"curies":[{"name":"wp","href":"https:\/\/api.w.org\/{rel}","templated":true}]}}