{"id":1759,"date":"2024-01-25T14:53:08","date_gmt":"2024-01-25T13:53:08","guid":{"rendered":"https:\/\/goodbeer.solutions\/product\/mroost-1400-md\/"},"modified":"2024-09-17T12:00:45","modified_gmt":"2024-09-17T11:00:45","slug":"mroost-1400-md","status":"publish","type":"product","link":"https:\/\/goodbeer.solutions\/fr\/produit\/mroost-1400-md\/","title":{"rendered":"Malt MROOST 1400 d\u00e9bitteris\u00e9 et torr\u00e9fi\u00e9 &#8211; Dingemans malt"},"content":{"rendered":"<table dir=\"ltr\" style=\"height: 183px;\" border=\"1\" width=\"275\" cellspacing=\"0\" cellpadding=\"0\" data-sheets-root=\"1\">\n<colgroup>\n<col width=\"100\" \/>\n<col width=\"100\" \/><\/colgroup>\n<tbody>\n<tr>\n<td data-sheets-value=\"{\">COULEUR EBC :<\/td>\n<td data-sheets-value=\"{\">1400<\/td>\n<\/tr>\n<tr>\n<td data-sheets-value=\"{\">LOVIBOND :<\/td>\n<td data-sheets-value=\"{\">530<\/td>\n<\/tr>\n<tr>\n<td data-sheets-value=\"{\">SAVEUR :<\/td>\n<td data-sheets-value=\"{\">\n<div class=\"field field-name-field-flavour field-type-text field-label-inline clearfix\">\n<div class=\"field-items\">\n<div class=\"field-item even\">caf\u00e9 fort, cappuccino et cacao<\/div>\n<\/div>\n<\/div>\n<\/td>\n<\/tr>\n<tr>\n<td data-sheets-value=\"{\">UTILISATION :<\/td>\n<td data-sheets-value=\"{\">\n<div class=\"field-item even\">\n<div class=\"field-item even\">\n<div class=\"field-item even\">\n<div class=\"field-item even\">\n<div class=\"field-item even\">\n<div class=\"field-item even\">\n<div class=\"field-item even\">\n<div class=\"field-item even\">\n<div class=\"field-item even\">\n<div class=\"field-item even\">\n<div class=\"field-item even\">Bi\u00e8res d&rsquo;abbaye<\/div>\n<div class=\"field-item odd\">Stout<\/div>\n<div class=\"field-item even\">Porter<\/div>\n<div class=\"field-item odd\">Dark Ale<\/div>\n<div class=\"field-item even\">Quadrupel belge<\/div>\n<div class=\"field-item odd\">Belgian Brown<\/div>\n<\/div>\n<\/div>\n<\/div>\n<\/div>\n<\/div>\n<\/div>\n<\/div>\n<\/div>\n<\/div>\n<\/div>\n<\/td>\n<\/tr>\n<tr>\n<td data-sheets-value=\"{\">Malt Bill :<\/td>\n<td data-sheets-value=\"{\">Jusqu&rsquo;\u00e0 5 %.<\/td>\n<\/tr>\n<\/tbody>\n<\/table>\n","protected":false},"excerpt":{"rendered":"<div class=\"field field-name-field-colour-ebc field-type-number-integer field-label-inline clearfix\">\n<div class=\"field-label\">\n<p>Le malt Mroost 1400 MD, \u00e9galement connu sous le nom de malt noir d\u00e9sam\u00e9ris\u00e9, est torr\u00e9fi\u00e9 \u00e0 haute temp\u00e9rature dans notre tambour de torr\u00e9faction. D\u00e8s qu&rsquo;il a atteint la couleur souhait\u00e9e, il est rapidement refroidi. Ce processus conf\u00e8re au malt Mroost 1400 MD un puissant ar\u00f4me de chocolat et de f\u00e8ves de cacao, tout en apportant une couleur fonc\u00e9e \u00e0 la bi\u00e8re finale.<\/p>\n<p>Notre approche de production garantit que nos malts torr\u00e9fi\u00e9s ont un go\u00fbt plus doux et moins astringent.<\/p>\n<p>Ce type particulier de malt torr\u00e9fi\u00e9 peut repr\u00e9senter jusqu&rsquo;\u00e0 5 % de la quantit\u00e9 totale de c\u00e9r\u00e9ales.<\/p>\n<\/div>\n<\/div>\n","protected":false},"featured_media":1447,"template":"","meta":{"_themeisle_gutenberg_block_has_review":false},"product_brand":[],"product_cat":[366,315],"product_tag":[],"class_list":{"0":"post-1759","1":"product","2":"type-product","3":"status-publish","4":"has-post-thumbnail","6":"product_cat-malt-cereale","7":"product_cat-roti","8":"pa_brand-dingemans","9":"pa_capacity-1t-big-bag-fr","10":"pa_capacity-40-x-sacs-de-25-kg","12":"first","13":"onbackorder","14":"taxable","15":"shipping-taxable","16":"purchasable","17":"product-type-variable"},"_links":{"self":[{"href":"https:\/\/goodbeer.solutions\/fr\/wp-json\/wp\/v2\/product\/1759","targetHints":{"allow":["GET"]}}],"collection":[{"href":"https:\/\/goodbeer.solutions\/fr\/wp-json\/wp\/v2\/product"}],"about":[{"href":"https:\/\/goodbeer.solutions\/fr\/wp-json\/wp\/v2\/types\/product"}],"wp:featuredmedia":[{"embeddable":true,"href":"https:\/\/goodbeer.solutions\/fr\/wp-json\/wp\/v2\/media\/1447"}],"wp:attachment":[{"href":"https:\/\/goodbeer.solutions\/fr\/wp-json\/wp\/v2\/media?parent=1759"}],"wp:term":[{"taxonomy":"product_brand","embeddable":true,"href":"https:\/\/goodbeer.solutions\/fr\/wp-json\/wp\/v2\/product_brand?post=1759"},{"taxonomy":"product_cat","embeddable":true,"href":"https:\/\/goodbeer.solutions\/fr\/wp-json\/wp\/v2\/product_cat?post=1759"},{"taxonomy":"product_tag","embeddable":true,"href":"https:\/\/goodbeer.solutions\/fr\/wp-json\/wp\/v2\/product_tag?post=1759"}],"curies":[{"name":"wp","href":"https:\/\/api.w.org\/{rel}","templated":true}]}}