{"id":1775,"date":"2024-01-25T14:46:47","date_gmt":"2024-01-25T13:46:47","guid":{"rendered":"https:\/\/goodbeer.solutions\/product\/mroost-900-md\/"},"modified":"2024-09-17T12:00:47","modified_gmt":"2024-09-17T11:00:47","slug":"mroost-900-md","status":"publish","type":"product","link":"https:\/\/goodbeer.solutions\/fr\/produit\/mroost-900-md\/","title":{"rendered":"MROOST 900 MD malt chocolat"},"content":{"rendered":"<table dir=\"ltr\" style=\"height: 183px;\" border=\"1\" width=\"275\" cellspacing=\"0\" cellpadding=\"0\" data-sheets-root=\"1\">\n<colgroup>\n<col width=\"100\" \/>\n<col width=\"100\" \/><\/colgroup>\n<tbody>\n<tr>\n<td data-sheets-value=\"{\">COULEUR EBC :<\/td>\n<td data-sheets-value=\"{\">900<\/td>\n<\/tr>\n<tr>\n<td data-sheets-value=\"{\">LOVIBOND :<\/td>\n<td data-sheets-value=\"{\">340<\/td>\n<\/tr>\n<tr>\n<td data-sheets-value=\"{\">SAVEUR :<\/td>\n<td data-sheets-value=\"{\">\n<div class=\"field field-name-field-flavour field-type-text field-label-inline clearfix\">\n<div class=\"field-items\">\n<div class=\"field-item even\">chocolat, f\u00e8ves de cacao, grains de caf\u00e9<\/div>\n<\/div>\n<\/div>\n<\/td>\n<\/tr>\n<tr>\n<td data-sheets-value=\"{\">UTILISATION :<\/td>\n<td data-sheets-value=\"{\">\n<div class=\"field-item even\">\n<div class=\"field-item even\">\n<div class=\"field-item even\">\n<div class=\"field-item even\">\n<div class=\"field-item even\">\n<div class=\"field-item even\">\n<div class=\"field-item even\">\n<div class=\"field-item even\">\n<div class=\"field-item even\">\n<div class=\"field-item even\">Bi\u00e8res d&rsquo;abbaye<\/div>\n<div class=\"field-item odd\">Stout<\/div>\n<div class=\"field-item even\">Porter<\/div>\n<div class=\"field-item odd\">Dark Ale<\/div>\n<div class=\"field-item even\">Quadrupel belge<\/div>\n<div class=\"field-item odd\">Belgian Brown<\/div>\n<\/div>\n<\/div>\n<\/div>\n<\/div>\n<\/div>\n<\/div>\n<\/div>\n<\/div>\n<\/div>\n<\/td>\n<\/tr>\n<tr>\n<td data-sheets-value=\"{\">Malt Bill :<\/td>\n<td data-sheets-value=\"{\">Jusqu&rsquo;\u00e0 5 %.<\/td>\n<\/tr>\n<\/tbody>\n<\/table>\n","protected":false},"excerpt":{"rendered":"<div class=\"field field-name-field-colour-ebc field-type-number-integer field-label-inline clearfix\">\n<div class=\"field-label\">\n<p>Le malt Mroost 900 MD, \u00e9galement connu sous le nom de malt chocolat\u00e9, est torr\u00e9fi\u00e9 dans notre tambour de torr\u00e9faction \u00e0 des temp\u00e9ratures \u00e9lev\u00e9es. Une fois qu&rsquo;il a atteint la couleur souhait\u00e9e, il est rapidement refroidi. Ce processus conf\u00e8re au malt Mroost 900 MD un riche ar\u00f4me rappelant le chocolat, le gru\u00e9 de cacao et le caf\u00e9, et conf\u00e8re une teinte fonc\u00e9e au produit final de la bi\u00e8re.<\/p>\n<p>Nos techniques de production sp\u00e9cialis\u00e9es garantissent que nos malts torr\u00e9fi\u00e9s ont une saveur plus douce et moins astringente.<\/p>\n<p>Ce malt torr\u00e9fi\u00e9 particulier peut repr\u00e9senter jusqu&rsquo;\u00e0 5 % de la liste des c\u00e9r\u00e9ales.<\/p>\n<\/div>\n<\/div>\n","protected":false},"featured_media":1445,"template":"","meta":{"_themeisle_gutenberg_block_has_review":false},"product_brand":[],"product_cat":[366,315],"product_tag":[],"class_list":{"0":"post-1775","1":"product","2":"type-product","3":"status-publish","4":"has-post-thumbnail","6":"product_cat-malt-cereale","7":"product_cat-roti","8":"pa_brand-dingemans","9":"pa_capacity-1t-big-bag-fr","10":"pa_capacity-40-x-sacs-de-25-kg","12":"first","13":"onbackorder","14":"taxable","15":"shipping-taxable","16":"purchasable","17":"product-type-variable"},"_links":{"self":[{"href":"https:\/\/goodbeer.solutions\/fr\/wp-json\/wp\/v2\/product\/1775","targetHints":{"allow":["GET"]}}],"collection":[{"href":"https:\/\/goodbeer.solutions\/fr\/wp-json\/wp\/v2\/product"}],"about":[{"href":"https:\/\/goodbeer.solutions\/fr\/wp-json\/wp\/v2\/types\/product"}],"wp:featuredmedia":[{"embeddable":true,"href":"https:\/\/goodbeer.solutions\/fr\/wp-json\/wp\/v2\/media\/1445"}],"wp:attachment":[{"href":"https:\/\/goodbeer.solutions\/fr\/wp-json\/wp\/v2\/media?parent=1775"}],"wp:term":[{"taxonomy":"product_brand","embeddable":true,"href":"https:\/\/goodbeer.solutions\/fr\/wp-json\/wp\/v2\/product_brand?post=1775"},{"taxonomy":"product_cat","embeddable":true,"href":"https:\/\/goodbeer.solutions\/fr\/wp-json\/wp\/v2\/product_cat?post=1775"},{"taxonomy":"product_tag","embeddable":true,"href":"https:\/\/goodbeer.solutions\/fr\/wp-json\/wp\/v2\/product_tag?post=1775"}],"curies":[{"name":"wp","href":"https:\/\/api.w.org\/{rel}","templated":true}]}}