{"id":1785,"date":"2024-01-25T15:24:30","date_gmt":"2024-01-25T14:24:30","guid":{"rendered":"https:\/\/goodbeer.solutions\/product\/rye-malt-md\/"},"modified":"2024-09-10T12:03:57","modified_gmt":"2024-09-10T11:03:57","slug":"rye-malt-md","status":"publish","type":"product","link":"https:\/\/goodbeer.solutions\/fr\/produit\/rye-malt-md\/","title":{"rendered":"MALT DE SEIGLE pour bi\u00e8res de seigle, Rye IPA &#8211; Dingemans malt"},"content":{"rendered":"<table dir=\"ltr\" style=\"height: 183px;\" border=\"1\" width=\"275\" cellspacing=\"0\" cellpadding=\"0\" data-sheets-root=\"1\">\n<colgroup>\n<col width=\"100\" \/>\n<col width=\"100\" \/><\/colgroup>\n<tbody>\n<tr>\n<td data-sheets-value=\"{\">COULEUR EBC :<\/td>\n<td data-sheets-value=\"{\">7<\/td>\n<\/tr>\n<tr>\n<td data-sheets-value=\"{\">LOVIBOND :<\/td>\n<td data-sheets-value=\"{\">3.2<\/td>\n<\/tr>\n<tr>\n<td data-sheets-value=\"{\">SAVEUR :<\/td>\n<td data-sheets-value=\"{\">\n<div class=\"field field-name-field-flavour field-type-text field-label-inline clearfix\">\n<div class=\"field-items\">\n<div class=\"field-item even\">Malt\u00e9 avec un go\u00fbt d&rsquo;herbes s\u00e8ches et d&rsquo;\u00e9pic\u00e9s<\/div>\n<\/div>\n<\/div>\n<\/td>\n<\/tr>\n<tr>\n<td data-sheets-value=\"{\">UTILISATION :<\/td>\n<td data-sheets-value=\"{\">\n<div class=\"field-item even\">\n<div class=\"field-item even\">\n<div class=\"field-item even\">\n<div class=\"field-item even\">\n<div class=\"field-item even\">\n<div class=\"field-item even\">\n<div class=\"field-item even\">\n<div class=\"field-item even\">\n<div class=\"field-item even\">\n<div class=\"field-item even\">\n<div class=\"field-item even\">\n<div class=\"field-item even\">Stout<\/div>\n<div class=\"field-item odd\">Saison<\/div>\n<div class=\"field-item even\">Bi\u00e8re de seigle<\/div>\n<div class=\"field-item odd\">Porter<\/div>\n<div class=\"field-item even\">Barleywine<\/div>\n<div class=\"field-item odd\">India Pale Ale<\/div>\n<div class=\"field-item even\">Dark Ale<\/div>\n<div class=\"field-item odd\">Quadrupel belge<\/div>\n<\/div>\n<\/div>\n<\/div>\n<\/div>\n<\/div>\n<\/div>\n<\/div>\n<\/div>\n<\/div>\n<\/div>\n<\/div>\n<\/td>\n<\/tr>\n<tr>\n<td data-sheets-value=\"{\">Malt Bill :<\/td>\n<td data-sheets-value=\"{\">Selon le style<\/td>\n<\/tr>\n<\/tbody>\n<\/table>\n","protected":false},"excerpt":{"rendered":"<div class=\"field field-name-field-colour-ebc field-type-number-integer field-label-inline clearfix\">\n<div class=\"field-label\">\n<p>Notre Rye Malt MD est produit \u00e0 partir de seigle anglais de premi\u00e8re qualit\u00e9. Cette vari\u00e9t\u00e9 de seigle se distingue par une absorption plus rapide de l&rsquo;eau pendant le processus de trempage que l&rsquo;orge. Nous contr\u00f4lons soigneusement les temp\u00e9ratures de s\u00e9chage afin de conserver sa couleur claire.<\/p>\n<p>Le malt de seigle se caract\u00e9rise par une viscosit\u00e9 plus \u00e9lev\u00e9e, ce qui rend le processus de filtration moins efficace que les malts de bl\u00e9 ou d&rsquo;orge.<\/p>\n<p>Ce malt de seigle MD conf\u00e8re \u00e0 la bi\u00e8re une saveur \u00e9pic\u00e9e caract\u00e9ristique du seigle. La quantit\u00e9 de malt touraill\u00e9 utilis\u00e9e peut varier en fonction du style de bi\u00e8re souhait\u00e9 et de l&rsquo;\u00e9quipement disponible dans la salle de brassage.<\/p>\n<\/div>\n<\/div>\n","protected":false},"featured_media":1477,"template":"","meta":{"_themeisle_gutenberg_block_has_review":false},"product_brand":[],"product_cat":[366,314,330],"product_tag":[],"class_list":{"0":"post-1785","1":"product","2":"type-product","3":"status-publish","4":"has-post-thumbnail","6":"product_cat-malt-cereale","7":"product_cat-malt-speciaux","8":"product_cat-malt-torreifie","9":"pa_brand-dingemans","10":"pa_capacity-1t-big-bag-fr","11":"pa_capacity-40-x-sacs-de-25-kg","13":"first","14":"onbackorder","15":"taxable","16":"shipping-taxable","17":"purchasable","18":"product-type-variable"},"_links":{"self":[{"href":"https:\/\/goodbeer.solutions\/fr\/wp-json\/wp\/v2\/product\/1785","targetHints":{"allow":["GET"]}}],"collection":[{"href":"https:\/\/goodbeer.solutions\/fr\/wp-json\/wp\/v2\/product"}],"about":[{"href":"https:\/\/goodbeer.solutions\/fr\/wp-json\/wp\/v2\/types\/product"}],"wp:featuredmedia":[{"embeddable":true,"href":"https:\/\/goodbeer.solutions\/fr\/wp-json\/wp\/v2\/media\/1477"}],"wp:attachment":[{"href":"https:\/\/goodbeer.solutions\/fr\/wp-json\/wp\/v2\/media?parent=1785"}],"wp:term":[{"taxonomy":"product_brand","embeddable":true,"href":"https:\/\/goodbeer.solutions\/fr\/wp-json\/wp\/v2\/product_brand?post=1785"},{"taxonomy":"product_cat","embeddable":true,"href":"https:\/\/goodbeer.solutions\/fr\/wp-json\/wp\/v2\/product_cat?post=1785"},{"taxonomy":"product_tag","embeddable":true,"href":"https:\/\/goodbeer.solutions\/fr\/wp-json\/wp\/v2\/product_tag?post=1785"}],"curies":[{"name":"wp","href":"https:\/\/api.w.org\/{rel}","templated":true}]}}