{"id":2097,"date":"2024-01-19T15:23:15","date_gmt":"2024-01-19T14:23:15","guid":{"rendered":"https:\/\/goodbeer.solutions\/product\/lallemand-nottingham-ale-500g-levure-seche\/"},"modified":"2024-09-17T13:01:13","modified_gmt":"2024-09-17T12:01:13","slug":"lallemand-nottingham-ale-500g-levure","status":"publish","type":"product","link":"https:\/\/goodbeer.solutions\/fr\/produit\/lallemand-nottingham-ale-500g-levure\/","title":{"rendered":"Levure Lallemand Lalbrew Nottingham Ale 500g pack"},"content":{"rendered":"<table dir=\"ltr\" border=\"1\" cellspacing=\"0\" cellpadding=\"0\" data-sheets-root=\"1\">\n<colgroup>\n<col width=\"153\" \/>\n<col width=\"391\" \/><\/colgroup>\n<tbody>\n<tr>\n<td data-sheets-value=\"{\">Souche<\/td>\n<td data-sheets-value=\"{\">Saccharomyces cerevisiae<\/td>\n<\/tr>\n<tr>\n<td data-sheets-value=\"{\">Styles de bi\u00e8res<\/td>\n<td data-sheets-value=\"{\">\n<div>\n<div>American Amber Ale, American Barleywine, American Brown Ale, American IPA, American Pale Ale, American Stout, American Wheat, Baltic Porter, Belgian Blonde Ale, Belgian Dark Strong Ale, Belgian Golden Strong Ale, Belgian Pale Ale, Blonde Ale, Bohemian Pilsner, Brown Porter, California Common, Classic American Pilsner, Cream Ale, Dark American Lager, Doppelbock, Dortmunder Export, Dry Stout, Dusseldorf Altbier, Eisbock, English Barleywine, English Brown Ale, English IPA, Extra Special Bitter, Foreign Extra Stout, German Pilsner, Imperial IPA, Irish Red Ale, Kolsch, Maibock\/Helles Bock, Mild, Munich Dunkel, Munich Helles, Oatmeal Stout, Oktoberfest\/Marzen, Old Ale, Ordinary Bitter, Robust Porter, Roggen\/Rye, Russian Imperial Stout, Schwarzbier, Scottish Ale, Session IPA, Special\/Best Bitter, Strong Scotch Ale, Sweet Stout, Traditional Bock, Vienna Lager, Weizenbock, Witbier.<\/div>\n<\/div>\n<\/td>\n<\/tr>\n<tr>\n<td data-sheets-value=\"{\">Att\u00e9nuation<\/td>\n<td data-sheets-value=\"{\">78-84<\/td>\n<\/tr>\n<tr>\n<td data-sheets-value=\"{\">Plage de temp\u00e9rature<\/td>\n<td data-sheets-value=\"{\">10 &#8211; 25\u00b0C (50 &#8211; 77\u00b0F)<\/td>\n<\/tr>\n<tr>\n<td data-sheets-value=\"{\">Floculation<\/td>\n<td data-sheets-value=\"{\">Haute<\/td>\n<\/tr>\n<tr>\n<td data-sheets-value=\"{\">Ar\u00f4me<\/td>\n<td data-sheets-value=\"{\">L\u00e9g\u00e8rement fruit\u00e9, neutre<\/td>\n<\/tr>\n<tr>\n<td data-sheets-value=\"{\">Tol\u00e9rance \u00e0 l&rsquo;alcool<\/td>\n<td data-sheets-value=\"{\">14% ABV<\/td>\n<\/tr>\n<tr>\n<td data-sheets-value=\"{\">Taux d&rsquo;ensemencement<\/td>\n<td data-sheets-value=\"{\">50 &#8211; 100g\/hL<\/td>\n<\/tr>\n<\/tbody>\n<\/table>\n","protected":false},"excerpt":{"rendered":"<p><span style=\"font-weight: 400;\">LalBrew Nottingham\u2122 est une levure ale de style anglais m\u00e9ticuleusement choisie pour ses performances exceptionnelles et sa polyvalence. Affichant un profil de saveur neutre et des performances constantes dans un large \u00e9ventail de conditions de fermentation, LalBrew Nottingham\u2122 se pr\u00e9sente comme une <strong>souche maison id\u00e9ale<\/strong>, capable de produire un large \u00e9ventail de styles de bi\u00e8res. Gr\u00e2ce \u00e0 une expression mod\u00e9r\u00e9e des enzymes \u03b2-glucosidase et \u03b2-lyase, il favorise la biotransformation du houblon, ce qui renforce la saveur et l&rsquo;ar\u00f4me du houblon. S\u00e9lectionn\u00e9e \u00e0 l&rsquo;origine dans la collection de cultures de levures Lallemand en 1992, lors de la cr\u00e9ation de la brasserie Lallemand, cette souche de levure donne vie \u00e0 des styles traditionnels tels que les Pale Ales, Ambers, Porters, Stouts et Barleywines, sans toutefois s&rsquo;y limiter. En outre, LalBrew Nottingham\u2122 peut \u00eatre employ\u00e9e dans la cr\u00e9ation de Golden Ale, K\u00f6lsch, bi\u00e8res de style Lager, IPA, Imperial Stout, entre autres. Sa nature tol\u00e9rante au stress le rend adapt\u00e9 au brassage \u00e0 forte gravit\u00e9, \u00e0 la production de bi\u00e8res acides, au red\u00e9marrage de fermentations bloqu\u00e9es et \u00e0 d&rsquo;autres conditions de fermentation difficiles.<\/span><\/p>\n","protected":false},"featured_media":1569,"template":"","meta":{"_themeisle_gutenberg_block_has_review":false},"product_brand":[],"product_cat":[478,364],"product_tag":[],"class_list":{"0":"post-2097","1":"product","2":"type-product","3":"status-publish","4":"has-post-thumbnail","6":"product_cat-ale-fr","7":"product_cat-levure","8":"product_shipping_class-planzer-fr","9":"pa_brand-lallemand-lalbrew","11":"first","12":"instock","13":"taxable","14":"shipping-taxable","15":"purchasable","16":"product-type-simple"},"_links":{"self":[{"href":"https:\/\/goodbeer.solutions\/fr\/wp-json\/wp\/v2\/product\/2097","targetHints":{"allow":["GET"]}}],"collection":[{"href":"https:\/\/goodbeer.solutions\/fr\/wp-json\/wp\/v2\/product"}],"about":[{"href":"https:\/\/goodbeer.solutions\/fr\/wp-json\/wp\/v2\/types\/product"}],"wp:featuredmedia":[{"embeddable":true,"href":"https:\/\/goodbeer.solutions\/fr\/wp-json\/wp\/v2\/media\/1569"}],"wp:attachment":[{"href":"https:\/\/goodbeer.solutions\/fr\/wp-json\/wp\/v2\/media?parent=2097"}],"wp:term":[{"taxonomy":"product_brand","embeddable":true,"href":"https:\/\/goodbeer.solutions\/fr\/wp-json\/wp\/v2\/product_brand?post=2097"},{"taxonomy":"product_cat","embeddable":true,"href":"https:\/\/goodbeer.solutions\/fr\/wp-json\/wp\/v2\/product_cat?post=2097"},{"taxonomy":"product_tag","embeddable":true,"href":"https:\/\/goodbeer.solutions\/fr\/wp-json\/wp\/v2\/product_tag?post=2097"}],"curies":[{"name":"wp","href":"https:\/\/api.w.org\/{rel}","templated":true}]}}