{"id":2098,"date":"2024-01-19T14:35:01","date_gmt":"2024-01-19T13:35:01","guid":{"rendered":"https:\/\/goodbeer.solutions\/product\/levure-seche-lallemand-new-england-500g\/"},"modified":"2025-02-24T15:58:49","modified_gmt":"2025-02-24T14:58:49","slug":"lallemand-new-england-ipa-500g","status":"publish","type":"product","link":"https:\/\/goodbeer.solutions\/fr\/produit\/lallemand-new-england-ipa-500g\/","title":{"rendered":"Levure Lallemand Lalbrew New England 500g pack"},"content":{"rendered":"<table dir=\"ltr\" border=\"1\" cellspacing=\"0\" cellpadding=\"0\" data-sheets-root=\"1\">\n<colgroup>\n<col width=\"153\" \/>\n<col width=\"391\" \/><\/colgroup>\n<tbody>\n<tr>\n<td data-sheets-value=\"{\">Souche<\/td>\n<td data-sheets-value=\"{\">Saccharomyces cerevisiae<\/td>\n<\/tr>\n<tr>\n<td data-sheets-value=\"{\">Styles de bi\u00e8res<\/td>\n<td data-sheets-value=\"{\">\n<div>\n<div>Altbier, American Wheat, Blonde Ale, Brown Porter, Cream Ale, English Brown Ale, English IPA, Extra Special Bitter, Irish Red Ale, Mild, New England IPA, New England Pale Ale, Old Ale, Special\/Best Bitter, Sweet Stout<\/div>\n<\/div>\n<\/td>\n<\/tr>\n<tr>\n<td data-sheets-value=\"{\">Att\u00e9nuation<\/td>\n<td data-sheets-value=\"{\">78-83<\/td>\n<\/tr>\n<tr>\n<td data-sheets-value=\"{\">Plage de temp\u00e9rature<\/td>\n<td data-sheets-value=\"{\">18 &#8211; 25\u00b0C (64 &#8211; 77\u00b0F)<\/td>\n<\/tr>\n<tr>\n<td data-sheets-value=\"{\">Floculation<\/td>\n<td data-sheets-value=\"{\">Moyen<\/td>\n<\/tr>\n<tr>\n<td data-sheets-value=\"{\">Ar\u00f4me<\/td>\n<td data-sheets-value=\"{\">Fruit\u00e9, en particulier fruits tropicaux et fruits \u00e0 noyau<\/td>\n<\/tr>\n<tr>\n<td data-sheets-value=\"{\">Tol\u00e9rance \u00e0 l&rsquo;alcool<\/td>\n<td data-sheets-value=\"{\">9% ABV<\/td>\n<\/tr>\n<tr>\n<td data-sheets-value=\"{\">Taux d&rsquo;ensemencement<\/td>\n<td data-sheets-value=\"{\">100 &#8211; 200g\/hl<\/td>\n<\/tr>\n<\/tbody>\n<\/table>\n","protected":false},"excerpt":{"rendered":"<p><span style=\"font-weight: 400;\">LalBrew New England\u2122 est une souche ale s\u00e9lectionn\u00e9e pour sa capacit\u00e9 \u00e0 produire un profil ester fruit\u00e9 unique, tr\u00e8s recherch\u00e9 dans les styles de bi\u00e8re de la c\u00f4te Est. Une fermentation typique avec LalBrew New England\u2122 aboutit \u00e0 des esters tropicaux et fruit\u00e9s, mettant en avant des notes de fruits \u00e0 noyaux comme la p\u00eache. Gr\u00e2ce \u00e0 l&rsquo;expression d&rsquo;une enzyme \u03b2-glucosidase, LalBrew New England\u2122 am\u00e9liore la biotransformation du houblon, accentuant ainsi la saveur et l&rsquo;ar\u00f4me du houblon. LalBrew New England\u2122 pr\u00e9sente une att\u00e9nuation moyenne \u00e0 \u00e9lev\u00e9e et une floculation moyenne, ce qui en fait un choix id\u00e9al pour les ales de style c\u00f4te Est.<\/span><\/p>\n","protected":false},"featured_media":1567,"template":"","meta":{"_themeisle_gutenberg_block_has_review":false},"product_brand":[],"product_cat":[478,364],"product_tag":[],"class_list":{"0":"post-2098","1":"product","2":"type-product","3":"status-publish","4":"has-post-thumbnail","6":"product_cat-ale-fr","7":"product_cat-levure","8":"product_shipping_class-planzer-fr","9":"pa_brand-lallemand-lalbrew","11":"first","12":"instock","13":"taxable","14":"shipping-taxable","15":"purchasable","16":"product-type-simple"},"_links":{"self":[{"href":"https:\/\/goodbeer.solutions\/fr\/wp-json\/wp\/v2\/product\/2098","targetHints":{"allow":["GET"]}}],"collection":[{"href":"https:\/\/goodbeer.solutions\/fr\/wp-json\/wp\/v2\/product"}],"about":[{"href":"https:\/\/goodbeer.solutions\/fr\/wp-json\/wp\/v2\/types\/product"}],"wp:featuredmedia":[{"embeddable":true,"href":"https:\/\/goodbeer.solutions\/fr\/wp-json\/wp\/v2\/media\/1567"}],"wp:attachment":[{"href":"https:\/\/goodbeer.solutions\/fr\/wp-json\/wp\/v2\/media?parent=2098"}],"wp:term":[{"taxonomy":"product_brand","embeddable":true,"href":"https:\/\/goodbeer.solutions\/fr\/wp-json\/wp\/v2\/product_brand?post=2098"},{"taxonomy":"product_cat","embeddable":true,"href":"https:\/\/goodbeer.solutions\/fr\/wp-json\/wp\/v2\/product_cat?post=2098"},{"taxonomy":"product_tag","embeddable":true,"href":"https:\/\/goodbeer.solutions\/fr\/wp-json\/wp\/v2\/product_tag?post=2098"}],"curies":[{"name":"wp","href":"https:\/\/api.w.org\/{rel}","templated":true}]}}