{"id":2099,"date":"2024-01-19T14:30:18","date_gmt":"2024-01-19T13:30:18","guid":{"rendered":"https:\/\/goodbeer.solutions\/product\/lallemand-munich-classic-wheat-500g-de-levure-seche\/"},"modified":"2025-03-04T12:05:57","modified_gmt":"2025-03-04T11:05:57","slug":"lallemand-munich-classic-wheat-500g","status":"publish","type":"product","link":"https:\/\/goodbeer.solutions\/fr\/produit\/lallemand-munich-classic-wheat-500g\/","title":{"rendered":"Levure Lallemand Lalbrew Munich Classic Wheat 500g"},"content":{"rendered":"<table dir=\"ltr\" border=\"1\" cellspacing=\"0\" cellpadding=\"0\" data-sheets-root=\"1\">\n<colgroup>\n<col width=\"153\" \/>\n<col width=\"391\" \/><\/colgroup>\n<tbody>\n<tr>\n<td data-sheets-value=\"{\">Souche<\/td>\n<td data-sheets-value=\"{\">Saccharomyces cerevisiae<\/td>\n<\/tr>\n<tr>\n<td data-sheets-value=\"{\">Styles de bi\u00e8res<\/td>\n<td data-sheets-value=\"{\">Dunkelweizen, Gose, Weizen\/Weissbier, Weizenbock<\/td>\n<\/tr>\n<tr>\n<td data-sheets-value=\"{\">Att\u00e9nuation<\/td>\n<td data-sheets-value=\"{\">76-83<\/td>\n<\/tr>\n<tr>\n<td data-sheets-value=\"{\">Plage de temp\u00e9rature<\/td>\n<td data-sheets-value=\"{\">17 &#8211; 25\u00b0C (63 &#8211; 77\u00b0F)<\/td>\n<\/tr>\n<tr>\n<td data-sheets-value=\"{\">Floculation<\/td>\n<td data-sheets-value=\"{\">Faible<\/td>\n<\/tr>\n<tr>\n<td data-sheets-value=\"{\">Ar\u00f4me<\/td>\n<td data-sheets-value=\"{\">Fruit\u00e9, banane, clou de girofle<\/td>\n<\/tr>\n<tr>\n<td data-sheets-value=\"{\">Tol\u00e9rance \u00e0 l&rsquo;alcool<\/td>\n<td data-sheets-value=\"{\">12% ABV<\/td>\n<\/tr>\n<tr>\n<td data-sheets-value=\"{\">Taux d&rsquo;ensemencement<\/td>\n<td data-sheets-value=\"{\">50 &#8211; 100g\/hL<\/td>\n<\/tr>\n<\/tbody>\n<\/table>\n","protected":false},"excerpt":{"rendered":"<p><span style=\"font-weight: 400;\">LalBrew Munich Classic\u2122 est une souche de bi\u00e8re de bl\u00e9 bavaroise m\u00e9ticuleusement s\u00e9lectionn\u00e9e dans la collection de cultures de l&rsquo;Acad\u00e9mie Doemens en Allemagne. Il conf\u00e8re le profil aromatique \u00e9pic\u00e9 et fruit\u00e9 typique des bi\u00e8res de bl\u00e9 allemandes. Remarqu\u00e9e pour ses niveaux plus \u00e9lev\u00e9s d&rsquo;esters et de ph\u00e9nols par rapport aux souches traditionnelles de bi\u00e8re de bl\u00e9 belge telles que LalBrew Wit\u2122, LalBrew Munich Classic\u2122 offre constamment des performances robustes et fiables, ce qui en fait un excellent choix pour une vari\u00e9t\u00e9 de styles de bi\u00e8re de bl\u00e9 traditionnels. En tant que v\u00e9ritable levure de culture sup\u00e9rieure, elle peut \u00eatre r\u00e9colt\u00e9e au sommet des cuves de fermentation ouvertes classiques en utilisant des m\u00e9thodes traditionnelles. Les styles mis en valeur par LalBrew Munich Classic\u2122 comprennent, sans s&rsquo;y limiter, la Hefeweizen, la Weissbier, la Dunkelweizen et la Weizenbock.<\/span><\/p>\n","protected":false},"featured_media":1565,"template":"","meta":{"_themeisle_gutenberg_block_has_review":false},"product_brand":[],"product_cat":[478,364],"product_tag":[],"class_list":{"0":"post-2099","1":"product","2":"type-product","3":"status-publish","4":"has-post-thumbnail","6":"product_cat-ale-fr","7":"product_cat-levure","8":"product_shipping_class-planzer-fr","9":"pa_brand-lallemand-lalbrew","11":"first","12":"onbackorder","13":"taxable","14":"shipping-taxable","15":"purchasable","16":"product-type-simple"},"_links":{"self":[{"href":"https:\/\/goodbeer.solutions\/fr\/wp-json\/wp\/v2\/product\/2099","targetHints":{"allow":["GET"]}}],"collection":[{"href":"https:\/\/goodbeer.solutions\/fr\/wp-json\/wp\/v2\/product"}],"about":[{"href":"https:\/\/goodbeer.solutions\/fr\/wp-json\/wp\/v2\/types\/product"}],"wp:featuredmedia":[{"embeddable":true,"href":"https:\/\/goodbeer.solutions\/fr\/wp-json\/wp\/v2\/media\/1565"}],"wp:attachment":[{"href":"https:\/\/goodbeer.solutions\/fr\/wp-json\/wp\/v2\/media?parent=2099"}],"wp:term":[{"taxonomy":"product_brand","embeddable":true,"href":"https:\/\/goodbeer.solutions\/fr\/wp-json\/wp\/v2\/product_brand?post=2099"},{"taxonomy":"product_cat","embeddable":true,"href":"https:\/\/goodbeer.solutions\/fr\/wp-json\/wp\/v2\/product_cat?post=2099"},{"taxonomy":"product_tag","embeddable":true,"href":"https:\/\/goodbeer.solutions\/fr\/wp-json\/wp\/v2\/product_tag?post=2099"}],"curies":[{"name":"wp","href":"https:\/\/api.w.org\/{rel}","templated":true}]}}