{"id":2107,"date":"2024-01-19T14:16:38","date_gmt":"2024-01-19T13:16:38","guid":{"rendered":"https:\/\/goodbeer.solutions\/product\/lallemand-farmhouse-hybrid-saison-500g-paquet-de-levure-seche\/"},"modified":"2024-09-17T13:35:37","modified_gmt":"2024-09-17T12:35:37","slug":"lallemand-farmhouse-hybrid-saison-500g","status":"publish","type":"product","link":"https:\/\/goodbeer.solutions\/fr\/produit\/lallemand-farmhouse-hybrid-saison-500g\/","title":{"rendered":"Levure Lallemand Lalbrew Farmhouse Saison 500g pack"},"content":{"rendered":"<table dir=\"ltr\" border=\"1\" cellspacing=\"0\" cellpadding=\"0\" data-sheets-root=\"1\">\n<colgroup>\n<col width=\"153\" \/>\n<col width=\"391\" \/><\/colgroup>\n<tbody>\n<tr>\n<td data-sheets-value=\"{\">Souche<\/td>\n<td data-sheets-value=\"{\">Saccharomyces cerevisiae<\/td>\n<\/tr>\n<tr>\n<td data-sheets-value=\"{\">Styles de bi\u00e8res<\/td>\n<td data-sheets-value=\"{\">Saison<\/td>\n<\/tr>\n<tr>\n<td data-sheets-value=\"{\">Att\u00e9nuation<\/td>\n<td data-sheets-value=\"{\">78-84<\/td>\n<\/tr>\n<tr>\n<td data-sheets-value=\"{\">Plage de temp\u00e9rature<\/td>\n<td data-sheets-value=\"{\">22 &#8211; 30\u00b0C (72 &#8211; 86\u00b0F)<\/td>\n<\/tr>\n<tr>\n<td data-sheets-value=\"{\">Floculation<\/td>\n<td data-sheets-value=\"{\">Faible<\/td>\n<\/tr>\n<tr>\n<td data-sheets-value=\"{\">Ar\u00f4me<\/td>\n<td data-sheets-value=\"{\">Clou de girofle, poivre, fruits tropicaux<\/td>\n<\/tr>\n<tr>\n<td data-sheets-value=\"{\">Tol\u00e9rance \u00e0 l&rsquo;alcool<\/td>\n<td data-sheets-value=\"{\">13% ABV<\/td>\n<\/tr>\n<tr>\n<td data-sheets-value=\"{\">Taux d&rsquo;ensemencement<\/td>\n<td data-sheets-value=\"{\">50 &#8211; 100g\/hL<\/td>\n<\/tr>\n<\/tbody>\n<\/table>\n","protected":false},"excerpt":{"rendered":"<p><span style=\"font-weight: 400;\">LalBrew Farmhouse\u2122 est une levure hybride <strong>non diastatique<\/strong> m\u00e9ticuleusement s\u00e9lectionn\u00e9 pour \u00e9laborer des bi\u00e8res de style saison et farmhouse. Cette souche extraordinaire a \u00e9t\u00e9 cr\u00e9\u00e9e gr\u00e2ce \u00e0 des techniques de s\u00e9lection avanc\u00e9es, qui impliquent l&rsquo;\u00e9limination du g\u00e8ne STA1, responsable de l&rsquo;activit\u00e9 diastatique des levures de Saison, en utilisant des m\u00e9thodes classiques et non OGM. On a veill\u00e9 \u00e0 pr\u00e9server l&rsquo;utilisation normale de sucre lors du brassage tout en produisant des saisons att\u00e9nu\u00e9es. En outre, la technologie brevet\u00e9e de l&rsquo;Universit\u00e9 de Californie Davis (\u00c9tats-Unis) garantit que la souche ne produit pas d&rsquo;ar\u00f4mes de sulfure d&rsquo;hydrog\u00e8ne (H2S), ce qui renforce les caract\u00e9ristiques aromatiques de la levure de saison.<\/span><\/p>\n","protected":false},"featured_media":1563,"template":"","meta":{"_themeisle_gutenberg_block_has_review":false},"product_brand":[],"product_cat":[478,364],"product_tag":[],"class_list":{"0":"post-2107","1":"product","2":"type-product","3":"status-publish","4":"has-post-thumbnail","6":"product_cat-ale-fr","7":"product_cat-levure","8":"product_shipping_class-planzer-fr","9":"pa_brand-lallemand-lalbrew","11":"first","12":"instock","13":"taxable","14":"shipping-taxable","15":"purchasable","16":"product-type-simple"},"_links":{"self":[{"href":"https:\/\/goodbeer.solutions\/fr\/wp-json\/wp\/v2\/product\/2107","targetHints":{"allow":["GET"]}}],"collection":[{"href":"https:\/\/goodbeer.solutions\/fr\/wp-json\/wp\/v2\/product"}],"about":[{"href":"https:\/\/goodbeer.solutions\/fr\/wp-json\/wp\/v2\/types\/product"}],"wp:featuredmedia":[{"embeddable":true,"href":"https:\/\/goodbeer.solutions\/fr\/wp-json\/wp\/v2\/media\/1563"}],"wp:attachment":[{"href":"https:\/\/goodbeer.solutions\/fr\/wp-json\/wp\/v2\/media?parent=2107"}],"wp:term":[{"taxonomy":"product_brand","embeddable":true,"href":"https:\/\/goodbeer.solutions\/fr\/wp-json\/wp\/v2\/product_brand?post=2107"},{"taxonomy":"product_cat","embeddable":true,"href":"https:\/\/goodbeer.solutions\/fr\/wp-json\/wp\/v2\/product_cat?post=2107"},{"taxonomy":"product_tag","embeddable":true,"href":"https:\/\/goodbeer.solutions\/fr\/wp-json\/wp\/v2\/product_tag?post=2107"}],"curies":[{"name":"wp","href":"https:\/\/api.w.org\/{rel}","templated":true}]}}