{"id":2152,"date":"2024-01-25T11:34:41","date_gmt":"2024-01-25T10:34:41","guid":{"rendered":"https:\/\/goodbeer.solutions\/product\/cara-20-md-malt-leger-au-caramel\/"},"modified":"2024-09-17T12:00:59","modified_gmt":"2024-09-17T11:00:59","slug":"cara-20-md-malt-leger-au-caramel","status":"publish","type":"product","link":"https:\/\/goodbeer.solutions\/fr\/produit\/cara-20-md-malt-leger-au-caramel\/","title":{"rendered":"Malt CARA 20 caramel l\u00e9ger &#8211; Malts Dingemans"},"content":{"rendered":"<table dir=\"ltr\" style=\"height: 183px;\" border=\"1\" width=\"275\" cellspacing=\"0\" cellpadding=\"0\" data-sheets-root=\"1\">\n<colgroup>\n<col width=\"100\" \/>\n<col width=\"100\" \/><\/colgroup>\n<tbody>\n<tr>\n<td data-sheets-value=\"{\">COULEUR EBC :<\/td>\n<td data-sheets-value=\"{\">20<\/td>\n<\/tr>\n<tr>\n<td data-sheets-value=\"{\">LOVIBOND :<\/td>\n<td data-sheets-value=\"{\">8<\/td>\n<\/tr>\n<tr>\n<td data-sheets-value=\"{\">SAVEUR :<\/td>\n<td data-sheets-value=\"{\">\n<div class=\"field field-name-field-flavour field-type-text field-label-inline clearfix\">\n<div class=\"field-items\">\n<div class=\"field-item even\">Caramel clair<\/div>\n<\/div>\n<\/div>\n<\/td>\n<\/tr>\n<tr>\n<td data-sheets-value=\"{\">UTILISATION :<\/td>\n<td data-sheets-value=\"{\">\n<div class=\"field-item even\">\n<div class=\"field-item even\">\n<div class=\"field-item even\">Tous les types de bi\u00e8re<\/div>\n<\/div>\n<\/div>\n<\/td>\n<\/tr>\n<tr>\n<td data-sheets-value=\"{\">Malt Bill :<\/td>\n<td data-sheets-value=\"{\">Jusqu&rsquo;\u00e0 30% de r\u00e9duction<\/td>\n<\/tr>\n<\/tbody>\n<\/table>\n","protected":false},"excerpt":{"rendered":"<div class=\"field field-name-field-colour-ebc field-type-number-integer field-label-inline clearfix\">\n<div class=\"field-label\">\n<p>Notre Cara 20 MD est un malt caramel d\u00e9licatement l\u00e9ger fabriqu\u00e9 dans un tambour de torr\u00e9faction. La saveur unique de ce malt est le r\u00e9sultat d&rsquo;une caram\u00e9lisation combin\u00e9e \u00e0 un s\u00e9chage \u00e0 basse temp\u00e9rature. L&rsquo;incorporation de seulement 5 % de ce malt dans votre recette de bi\u00e8re peut consid\u00e9rablement am\u00e9liorer la stabilit\u00e9 de la mousse.<\/p>\n<p>L&rsquo;intensit\u00e9 subtile de la couleur de la Cara 20 MD lui permet d&rsquo;\u00eatre utilis\u00e9e m\u00eame pour les bi\u00e8res pilsner, en ajoutant de la profondeur, de la complexit\u00e9 et en am\u00e9liorant la r\u00e9tention de la mousse.<\/p>\n<p>Ce malt caram\u00e9lis\u00e9 est suffisamment polyvalent pour \u00eatre utilis\u00e9 jusqu&rsquo;\u00e0 30 % de la composition des grains en brasserie.<\/p>\n<\/div>\n<\/div>\n","protected":false},"featured_media":1419,"template":"","meta":{"_themeisle_gutenberg_block_has_review":false},"product_brand":[],"product_cat":[366,368,330],"product_tag":[],"class_list":{"0":"post-2152","1":"product","2":"type-product","3":"status-publish","4":"has-post-thumbnail","6":"product_cat-malt-cereale","7":"product_cat-malt-caramelise","8":"product_cat-malt-torreifie","9":"pa_brand-dingemans","10":"pa_capacity-1t-big-bag-fr","11":"pa_capacity-40-x-sacs-de-25-kg","13":"first","14":"onbackorder","15":"taxable","16":"shipping-taxable","17":"purchasable","18":"product-type-variable"},"_links":{"self":[{"href":"https:\/\/goodbeer.solutions\/fr\/wp-json\/wp\/v2\/product\/2152","targetHints":{"allow":["GET"]}}],"collection":[{"href":"https:\/\/goodbeer.solutions\/fr\/wp-json\/wp\/v2\/product"}],"about":[{"href":"https:\/\/goodbeer.solutions\/fr\/wp-json\/wp\/v2\/types\/product"}],"wp:featuredmedia":[{"embeddable":true,"href":"https:\/\/goodbeer.solutions\/fr\/wp-json\/wp\/v2\/media\/1419"}],"wp:attachment":[{"href":"https:\/\/goodbeer.solutions\/fr\/wp-json\/wp\/v2\/media?parent=2152"}],"wp:term":[{"taxonomy":"product_brand","embeddable":true,"href":"https:\/\/goodbeer.solutions\/fr\/wp-json\/wp\/v2\/product_brand?post=2152"},{"taxonomy":"product_cat","embeddable":true,"href":"https:\/\/goodbeer.solutions\/fr\/wp-json\/wp\/v2\/product_cat?post=2152"},{"taxonomy":"product_tag","embeddable":true,"href":"https:\/\/goodbeer.solutions\/fr\/wp-json\/wp\/v2\/product_tag?post=2152"}],"curies":[{"name":"wp","href":"https:\/\/api.w.org\/{rel}","templated":true}]}}