{"id":2156,"date":"2024-01-25T11:24:46","date_gmt":"2024-01-25T10:24:46","guid":{"rendered":"https:\/\/goodbeer.solutions\/product\/malt-touraille-aroma-150-md\/"},"modified":"2024-09-17T12:01:00","modified_gmt":"2024-09-17T11:01:00","slug":"malt-touraille-aroma-150-md","status":"publish","type":"product","link":"https:\/\/goodbeer.solutions\/fr\/produit\/malt-touraille-aroma-150-md\/","title":{"rendered":"AROMA 150 Malt Touraill\u00e9 Dingemans"},"content":{"rendered":"<table dir=\"ltr\" style=\"height: 183px;\" border=\"1\" width=\"275\" cellspacing=\"0\" cellpadding=\"0\" data-sheets-root=\"1\">\n<colgroup>\n<col width=\"100\" \/>\n<col width=\"100\" \/><\/colgroup>\n<tbody>\n<tr>\n<td data-sheets-value=\"{\">COULEUR EBC :<\/td>\n<td data-sheets-value=\"{\">150<\/td>\n<\/tr>\n<tr>\n<td data-sheets-value=\"{\">LOVIBOND :<\/td>\n<td data-sheets-value=\"{\">60<\/td>\n<\/tr>\n<tr>\n<td data-sheets-value=\"{\">SAVEUR :<\/td>\n<td data-sheets-value=\"{\">Prononc\u00e9 malt<\/td>\n<\/tr>\n<tr>\n<td data-sheets-value=\"{\">UTILISATION :<\/td>\n<td data-sheets-value=\"{\">\n<div class=\"field-item even\">\n<div class=\"field-item even\">\n<div class=\"field-item even\">Stout<\/div>\n<div class=\"field-item odd\">Porter<\/div>\n<div class=\"field-item even\">Barleywine<\/div>\n<div class=\"field-item odd\">Flemish Old Brown<\/div>\n<div class=\"field-item even\">Dark Ale<\/div>\n<div class=\"field-item odd\">Quadrupel belge<\/div>\n<div class=\"field-item even\">Belgian Brown<\/div>\n<\/div>\n<\/div>\n<\/td>\n<\/tr>\n<tr>\n<td data-sheets-value=\"{\">Malt Bill :<\/td>\n<td data-sheets-value=\"{\">Jusqu&rsquo;\u00e0 20%<\/td>\n<\/tr>\n<\/tbody>\n<\/table>\n","protected":false},"excerpt":{"rendered":"<div class=\"field field-name-field-colour-ebc field-type-number-integer field-label-inline clearfix\">\n<div class=\"field-label\">\n<p>Le malt Aroma 150 MD offre une grande polyvalence gr\u00e2ce \u00e0 son processus rigoureux de germination et de touraillage, ce qui permet d&rsquo;obtenir un parfum de malt prononc\u00e9. Il contribue \u00e0 l&rsquo;am\u00e9lioration de la consistance et du corps de la bi\u00e8re, tout en amplifiant l&rsquo;intensit\u00e9 de la couleur du produit final.<\/p>\n<p>En raison de sa faible activit\u00e9 enzymatique, le malt Aroma 150 MD est un choix id\u00e9al pour constituer jusqu&rsquo;\u00e0 20 % du m\u00e9lange de grains de brasserie.<\/p>\n<\/div>\n<\/div>\n","protected":false},"featured_media":1413,"template":"","meta":{"_themeisle_gutenberg_block_has_review":false},"product_brand":[],"product_cat":[366,330],"product_tag":[],"class_list":{"0":"post-2156","1":"product","2":"type-product","3":"status-publish","4":"has-post-thumbnail","6":"product_cat-malt-cereale","7":"product_cat-malt-torreifie","8":"pa_brand-dingemans","9":"pa_capacity-1t-big-bag-fr","10":"pa_capacity-40-x-sacs-de-25-kg","12":"first","13":"onbackorder","14":"taxable","15":"shipping-taxable","16":"purchasable","17":"product-type-variable"},"_links":{"self":[{"href":"https:\/\/goodbeer.solutions\/fr\/wp-json\/wp\/v2\/product\/2156","targetHints":{"allow":["GET"]}}],"collection":[{"href":"https:\/\/goodbeer.solutions\/fr\/wp-json\/wp\/v2\/product"}],"about":[{"href":"https:\/\/goodbeer.solutions\/fr\/wp-json\/wp\/v2\/types\/product"}],"wp:featuredmedia":[{"embeddable":true,"href":"https:\/\/goodbeer.solutions\/fr\/wp-json\/wp\/v2\/media\/1413"}],"wp:attachment":[{"href":"https:\/\/goodbeer.solutions\/fr\/wp-json\/wp\/v2\/media?parent=2156"}],"wp:term":[{"taxonomy":"product_brand","embeddable":true,"href":"https:\/\/goodbeer.solutions\/fr\/wp-json\/wp\/v2\/product_brand?post=2156"},{"taxonomy":"product_cat","embeddable":true,"href":"https:\/\/goodbeer.solutions\/fr\/wp-json\/wp\/v2\/product_cat?post=2156"},{"taxonomy":"product_tag","embeddable":true,"href":"https:\/\/goodbeer.solutions\/fr\/wp-json\/wp\/v2\/product_tag?post=2156"}],"curies":[{"name":"wp","href":"https:\/\/api.w.org\/{rel}","templated":true}]}}