{"id":2163,"date":"2024-01-25T10:45:48","date_gmt":"2024-01-25T09:45:48","guid":{"rendered":"https:\/\/goodbeer.solutions\/product\/ambre-aromatic-md-malt-ambre\/"},"modified":"2024-09-17T12:01:04","modified_gmt":"2024-09-17T11:01:04","slug":"ambre-aromatic-md-malt-ambre","status":"publish","type":"product","link":"https:\/\/goodbeer.solutions\/fr\/produit\/ambre-aromatic-md-malt-ambre\/","title":{"rendered":"Malt AMBRE \/ AROMATIQUE &#8211; Malts Dingemans"},"content":{"rendered":"<table dir=\"ltr\" style=\"height: 183px;\" border=\"1\" width=\"275\" cellspacing=\"0\" cellpadding=\"0\" data-sheets-root=\"1\">\n<colgroup>\n<col width=\"100\" \/>\n<col width=\"100\" \/><\/colgroup>\n<tbody>\n<tr>\n<td data-sheets-value=\"{\">COULEUR EBC :<\/td>\n<td data-sheets-value=\"{\">50<\/td>\n<\/tr>\n<tr>\n<td data-sheets-value=\"{\">LOVIBOND :<\/td>\n<td data-sheets-value=\"{\">20<\/td>\n<\/tr>\n<tr>\n<td data-sheets-value=\"{\">SAVEUR :<\/td>\n<td data-sheets-value=\"{\">Malt tr\u00e8s puissant<\/td>\n<\/tr>\n<tr>\n<td data-sheets-value=\"{\">UTILISATION :<\/td>\n<td data-sheets-value=\"{\">\n<div class=\"field-item even\">Stout<\/div>\n<div class=\"field-item odd\">Speciale Belge<\/div>\n<div class=\"field-item even\">Porter<\/div>\n<div class=\"field-item odd\">Barleywine<\/div>\n<div class=\"field-item even\">Flemish Old Brown<\/div>\n<div class=\"field-item odd\">Dark Ale<\/div>\n<div class=\"field-item even\">Quadrupel belge<\/div>\n<div class=\"field-item odd\">Belgian Brown<\/div>\n<\/td>\n<\/tr>\n<tr>\n<td data-sheets-value=\"{\">Malt Bill :<\/td>\n<td data-sheets-value=\"{\">Jusqu&rsquo;\u00e0 30% de r\u00e9duction<\/td>\n<\/tr>\n<\/tbody>\n<\/table>\n","protected":false},"excerpt":{"rendered":"<div class=\"field field-name-field-colour-ebc field-type-number-integer field-label-inline clearfix\">\n<div class=\"field-label\">\n<p>Notre malt Amber &#8211; Aromatic\u00ae MD subit un processus de germination vigoureux, suivi d&rsquo;un touraillage \u00e0 des temp\u00e9ratures \u00e9lev\u00e9es. Cette technique entra\u00eene de nombreuses r\u00e9actions de Maillard tout au long de la production du malt, ce qui lui conf\u00e8re un parfum de malt robuste. Il apporte \u00e9galement une teinte rouge distincte \u00e0 la bi\u00e8re.<\/p>\n<p>En outre, ce malt ambr\u00e9 permet d&rsquo;am\u00e9liorer la stabilit\u00e9 de la mousse de la bi\u00e8re.<\/p>\n<p>Le malt ambr\u00e9\/aromatique MD, connu pour son activit\u00e9 enzymatique minimale, peut repr\u00e9senter jusqu&rsquo;\u00e0 30 % du m\u00e9lange total de grains.<\/p>\n<\/div>\n<\/div>\n","protected":false},"featured_media":1411,"template":"","meta":{"_themeisle_gutenberg_block_has_review":false},"product_brand":[],"product_cat":[366,330],"product_tag":[],"class_list":{"0":"post-2163","1":"product","2":"type-product","3":"status-publish","4":"has-post-thumbnail","6":"product_cat-malt-cereale","7":"product_cat-malt-torreifie","8":"pa_brand-dingemans","9":"pa_capacity-1t-big-bag-fr","10":"pa_capacity-40-x-sacs-de-25-kg","12":"first","13":"onbackorder","14":"taxable","15":"shipping-taxable","16":"purchasable","17":"product-type-variable"},"_links":{"self":[{"href":"https:\/\/goodbeer.solutions\/fr\/wp-json\/wp\/v2\/product\/2163","targetHints":{"allow":["GET"]}}],"collection":[{"href":"https:\/\/goodbeer.solutions\/fr\/wp-json\/wp\/v2\/product"}],"about":[{"href":"https:\/\/goodbeer.solutions\/fr\/wp-json\/wp\/v2\/types\/product"}],"wp:featuredmedia":[{"embeddable":true,"href":"https:\/\/goodbeer.solutions\/fr\/wp-json\/wp\/v2\/media\/1411"}],"wp:attachment":[{"href":"https:\/\/goodbeer.solutions\/fr\/wp-json\/wp\/v2\/media?parent=2163"}],"wp:term":[{"taxonomy":"product_brand","embeddable":true,"href":"https:\/\/goodbeer.solutions\/fr\/wp-json\/wp\/v2\/product_brand?post=2163"},{"taxonomy":"product_cat","embeddable":true,"href":"https:\/\/goodbeer.solutions\/fr\/wp-json\/wp\/v2\/product_cat?post=2163"},{"taxonomy":"product_tag","embeddable":true,"href":"https:\/\/goodbeer.solutions\/fr\/wp-json\/wp\/v2\/product_tag?post=2163"}],"curies":[{"name":"wp","href":"https:\/\/api.w.org\/{rel}","templated":true}]}}