{"id":2166,"date":"2024-01-19T15:47:21","date_gmt":"2024-01-19T14:47:21","guid":{"rendered":"https:\/\/goodbeer.solutions\/product\/wildbrew-sour-pitch-250g-bacteries-seches\/"},"modified":"2024-09-17T12:54:46","modified_gmt":"2024-09-17T11:54:46","slug":"wildbrew-sour-pitch-250g-bacteries-seches","status":"publish","type":"product","link":"https:\/\/goodbeer.solutions\/fr\/produit\/wildbrew-sour-pitch-250g-bacteries-seches\/","title":{"rendered":"Bact\u00e9rie WildBrew Sour Pitch 250g pour bi\u00e8res sour"},"content":{"rendered":"<table dir=\"ltr\" border=\"1\" cellspacing=\"0\" cellpadding=\"0\" data-sheets-root=\"1\">\n<colgroup>\n<col width=\"153\" \/>\n<col width=\"391\" \/><\/colgroup>\n<tbody>\n<tr>\n<td data-sheets-value=\"{\">Souche<\/td>\n<td data-sheets-value=\"{\">Lactiplantibacillus plantarum<\/td>\n<\/tr>\n<tr>\n<td data-sheets-value=\"{\">Plage de temp\u00e9rature<\/td>\n<td data-sheets-value=\"{\">30 &#8211; 40\u00b0C (86 &#8211; 104\u00b0F)<\/td>\n<\/tr>\n<tr>\n<td data-sheets-value=\"{\">Ar\u00f4me<\/td>\n<td data-sheets-value=\"{\">Agrumes forts, acidul\u00e9s, acides<\/td>\n<\/tr>\n<tr>\n<td data-sheets-value=\"{\">Taux d&rsquo;inoculation<\/td>\n<td data-sheets-value=\"{\">10g\/hL<\/td>\n<\/tr>\n<tr>\n<td data-sheets-value=\"{\">Gamme de pH<\/td>\n<td data-sheets-value=\"{\">3.2 &#8211; 3.5<\/td>\n<\/tr>\n<tr>\n<td data-sheets-value=\"{\">Tol\u00e9rance au houblonnage<\/td>\n<td data-sheets-value=\"{\">Acide alpha : 4 ppm (IBU) &#8211; Acide b\u00eata : 8 ppm<\/td>\n<\/tr>\n<tr>\n<td><\/td>\n<td data-sheets-value=\"{\">12% ABV<\/td>\n<\/tr>\n<\/tbody>\n<\/table>\n","protected":false},"excerpt":{"rendered":"<div class=\"flex-1 overflow-hidden\">\n<div class=\"react-scroll-to-bottom--css-ircrb-79elbk h-full\">\n<div class=\"react-scroll-to-bottom--css-ircrb-1n7m0yu\">\n<div class=\"flex flex-col pb-9 text-sm\">\n<div class=\"w-full text-token-text-primary\" data-testid=\"conversation-turn-3\">\n<div class=\"px-4 py-2 justify-center text-base md:gap-6 m-auto\">\n<div class=\"flex flex-1 text-base mx-auto gap-3 md:px-5 lg:px-1 xl:px-5 md:max-w-3xl lg:max-w-[40rem] xl:max-w-[48rem] group final-completion\">\n<div class=\"relative flex w-full flex-col agent-turn\">\n<div class=\"flex-col gap-1 md:gap-3\">\n<div class=\"flex flex-grow flex-col max-w-full\">\n<div class=\"min-h-[20px] text-message flex flex-col items-start gap-3 whitespace-pre-wrap break-words [.text-message+&amp;]:mt-5 overflow-x-auto\" data-message-author-role=\"assistant\" data-message-id=\"d7791ca2-081c-45a3-86d9-aa6a36caced3\">\n<div class=\"markdown prose w-full break-words dark:prose-invert light\">\n<p>WildBrew Sour Pitch\u2122 se distingue comme une bact\u00e9rie lactique de qualit\u00e9 sup\u00e9rieure, m\u00e9ticuleusement choisie pour sa comp\u00e9tence dans la fabrication d&rsquo;un large \u00e9ventail de vari\u00e9t\u00e9s de bi\u00e8res acides. Ce produit est r\u00e9put\u00e9 pour g\u00e9n\u00e9rer un go\u00fbt d&rsquo;agrumes vif et bien \u00e9quilibr\u00e9, embl\u00e9matique des styles de bi\u00e8res acides classiques et contemporaines. Avec une inoculation appropri\u00e9e dans des temp\u00e9ratures et des conditions id\u00e9ales, WildBrew Sour Pitch\u2122 offre une solution robuste, fiable et directe pour employer des bact\u00e9ries dans diverses m\u00e9thodes d&rsquo;aigrissement, telles que la technique courante d&rsquo;aigrissement en bouilloire. Non seulement il affiche des performances remarquables, mais WildBrew Sour Pitch\u2122 garantit \u00e9galement des r\u00e9sultats constants aux brasseurs.<\/p>\n<p>La polyvalence de cette bact\u00e9rie est mise en \u00e9vidence par les divers styles de bi\u00e8re qu&rsquo;elle peut produire, y compris, mais sans s&rsquo;y limiter, la Berliner Weisse, la Gose, la lambic, la American Wild et la Sour IPA, ce qui en fait un choix de premier ordre pour les brasseurs d\u00e9sireux d&rsquo;explorer la gamme des bi\u00e8res acides.<\/p>\n<\/div>\n<\/div>\n<\/div>\n<div class=\"mt-1 flex justify-start gap-3 empty:hidden\">\n<div class=\"text-gray-400 flex self-end lg:self-center justify-center lg:justify-start mt-0 -ml-1 visible\">\n<p>&nbsp;<\/p>\n<div class=\"flex items-center gap-1.5 text-xs\"><\/div>\n<div class=\"flex\"><\/div>\n<\/div>\n<\/div>\n<\/div>\n<div class=\"absolute\">\n<div class=\"flex w-full gap-2 items-center justify-center\"><\/div>\n<\/div>\n<\/div>\n<\/div>\n<\/div>\n<\/div>\n<\/div>\n<\/div>\n<\/div>\n<\/div>\n<div class=\"w-full pt-2 md:pt-0 dark:border-white\/20 md:border-transparent md:dark:border-transparent md:w-[calc(100%-.5rem)]\">\n<form class=\"stretch mx-2 flex flex-row gap-3 last:mb-2 md:mx-4 md:last:mb-6 lg:mx-auto lg:max-w-2xl xl:max-w-3xl\">\n<div class=\"relative flex h-full flex-1 items-stretch md:flex-col\">\n<div class=\"flex w-full items-center\">\n<div class=\"overflow-hidden [&amp;:has(textarea:focus)]:border-token-border-xheavy [&amp;:has(textarea:focus)]:shadow-[0_2px_6px_rgba(0,0,0,.05)] flex flex-col w-full dark:border-token-border-heavy flex-grow relative border border-token-border-heavy dark:text-white rounded-2xl bg-token-main-surface-primary\">\n<div data-grammarly-part=\"button\">\n<div>\n<div>\n<div class=\"amkYk\">\n<div>\n<div class=\"ptGJG\"><\/div>\n<\/div>\n<\/div>\n<\/div>\n<\/div>\n<\/div>\n<\/div>\n<\/div>\n<\/div>\n<\/form>\n<\/div>\n","protected":false},"featured_media":1931,"template":"","meta":{"_themeisle_gutenberg_block_has_review":false},"product_brand":[],"product_cat":[484,364],"product_tag":[],"class_list":{"0":"post-2166","1":"product","2":"type-product","3":"status-publish","4":"has-post-thumbnail","6":"product_cat-bacteries-levure","7":"product_cat-levure","8":"product_shipping_class-planzer-fr","9":"pa_brand-lallemand-lalbrew","11":"first","12":"instock","13":"taxable","14":"shipping-taxable","15":"purchasable","16":"product-type-simple"},"_links":{"self":[{"href":"https:\/\/goodbeer.solutions\/fr\/wp-json\/wp\/v2\/product\/2166","targetHints":{"allow":["GET"]}}],"collection":[{"href":"https:\/\/goodbeer.solutions\/fr\/wp-json\/wp\/v2\/product"}],"about":[{"href":"https:\/\/goodbeer.solutions\/fr\/wp-json\/wp\/v2\/types\/product"}],"wp:featuredmedia":[{"embeddable":true,"href":"https:\/\/goodbeer.solutions\/fr\/wp-json\/wp\/v2\/media\/1931"}],"wp:attachment":[{"href":"https:\/\/goodbeer.solutions\/fr\/wp-json\/wp\/v2\/media?parent=2166"}],"wp:term":[{"taxonomy":"product_brand","embeddable":true,"href":"https:\/\/goodbeer.solutions\/fr\/wp-json\/wp\/v2\/product_brand?post=2166"},{"taxonomy":"product_cat","embeddable":true,"href":"https:\/\/goodbeer.solutions\/fr\/wp-json\/wp\/v2\/product_cat?post=2166"},{"taxonomy":"product_tag","embeddable":true,"href":"https:\/\/goodbeer.solutions\/fr\/wp-json\/wp\/v2\/product_tag?post=2166"}],"curies":[{"name":"wp","href":"https:\/\/api.w.org\/{rel}","templated":true}]}}