{"id":2167,"date":"2024-01-19T15:44:33","date_gmt":"2024-01-19T14:44:33","guid":{"rendered":"https:\/\/goodbeer.solutions\/product\/lallemand-wit-belgian-wit-500g-de-levure-seche\/"},"modified":"2024-11-05T12:34:05","modified_gmt":"2024-11-05T11:34:05","slug":"levure-lallemand-lalbrew-wit","status":"publish","type":"product","link":"https:\/\/goodbeer.solutions\/fr\/produit\/levure-lallemand-lalbrew-wit\/","title":{"rendered":"Levure Lallemand Lalbrew Wit Belgian Wit 500g pack"},"content":{"rendered":"<table dir=\"ltr\" border=\"1\" cellspacing=\"0\" cellpadding=\"0\" data-sheets-root=\"1\">\n<colgroup>\n<col width=\"153\" \/>\n<col width=\"391\" \/><\/colgroup>\n<tbody>\n<tr>\n<td data-sheets-value=\"{\">Souche<\/td>\n<td data-sheets-value=\"{\">Saccharomyces cerevisiae<\/td>\n<\/tr>\n<tr>\n<td data-sheets-value=\"{\">Styles de bi\u00e8res<\/td>\n<td data-sheets-value=\"{\">\n<div>\n<div>Bl\u00e9 am\u00e9ricain, Berliner Weiss, Dunkelweizen, Gose, Roggen\/Rye, Weizen\/Weissbier, Weizenbock, Witbier<\/div>\n<\/div>\n<\/td>\n<\/tr>\n<tr>\n<td data-sheets-value=\"{\">Att\u00e9nuation<\/td>\n<td data-sheets-value=\"{\">75-82<\/td>\n<\/tr>\n<tr>\n<td data-sheets-value=\"{\">Plage de temp\u00e9rature<\/td>\n<td data-sheets-value=\"{\">17 &#8211; 25\u00b0C (63 &#8211; 77\u00b0F)<\/td>\n<\/tr>\n<tr>\n<td data-sheets-value=\"{\">Floculation<\/td>\n<td data-sheets-value=\"{\">Faible<\/td>\n<\/tr>\n<tr>\n<td data-sheets-value=\"{\">Ar\u00f4me<\/td>\n<td data-sheets-value=\"{\">Fruit\u00e9, l\u00e9g\u00e8rement banane et clou de girofle<\/td>\n<\/tr>\n<tr>\n<td data-sheets-value=\"{\">Tol\u00e9rance \u00e0 l&rsquo;alcool<\/td>\n<td data-sheets-value=\"{\">12% ABV<\/td>\n<\/tr>\n<tr>\n<td data-sheets-value=\"{\">Taux d&rsquo;ensemencement<\/td>\n<td data-sheets-value=\"{\">50 &#8211; 100g\/hL<\/td>\n<\/tr>\n<\/tbody>\n<\/table>\n","protected":false},"excerpt":{"rendered":"<p><span style=\"font-weight: 400;\">Lallemand LalBrew Wit\u2122 repr\u00e9sente une souche de bi\u00e8re de bl\u00e9 relativement neutre qui convient \u00e0 une grande vari\u00e9t\u00e9 de styles de bi\u00e8re de bl\u00e9. Bien que LalBrew Wit\u2122 produise des niveaux inf\u00e9rieurs d&rsquo;esters et de ph\u00e9nols par rapport aux souches hefeweizen traditionnelles comme LalBrew Munich Classic\u2122, elle fournit une base d&rsquo;ar\u00f4mes de banane et d&rsquo;\u00e9pices, laissant aux brasseurs la libert\u00e9 cr\u00e9ative de mettre en valeur d&rsquo;autres ajouts d&rsquo;\u00e9pices typiques des bi\u00e8res de style belge. Les styles traditionnels tels que la Witbier belge, la Wheat am\u00e9ricaine, la Berliner Weisse, la Gose, la Hefeweizen, la Dunkelweiss et la Weizenbock s&rsquo;\u00e9panouissent gr\u00e2ce \u00e0 l&rsquo;utilisation de cette levure.<\/span><\/p>\n","protected":false},"featured_media":1579,"template":"","meta":{"_themeisle_gutenberg_block_has_review":false},"product_brand":[],"product_cat":[478,364],"product_tag":[],"class_list":{"0":"post-2167","1":"product","2":"type-product","3":"status-publish","4":"has-post-thumbnail","6":"product_cat-ale-fr","7":"product_cat-levure","8":"product_shipping_class-planzer-fr","9":"pa_brand-lallemand-lalbrew","11":"first","12":"instock","13":"taxable","14":"shipping-taxable","15":"purchasable","16":"product-type-simple"},"_links":{"self":[{"href":"https:\/\/goodbeer.solutions\/fr\/wp-json\/wp\/v2\/product\/2167","targetHints":{"allow":["GET"]}}],"collection":[{"href":"https:\/\/goodbeer.solutions\/fr\/wp-json\/wp\/v2\/product"}],"about":[{"href":"https:\/\/goodbeer.solutions\/fr\/wp-json\/wp\/v2\/types\/product"}],"wp:featuredmedia":[{"embeddable":true,"href":"https:\/\/goodbeer.solutions\/fr\/wp-json\/wp\/v2\/media\/1579"}],"wp:attachment":[{"href":"https:\/\/goodbeer.solutions\/fr\/wp-json\/wp\/v2\/media?parent=2167"}],"wp:term":[{"taxonomy":"product_brand","embeddable":true,"href":"https:\/\/goodbeer.solutions\/fr\/wp-json\/wp\/v2\/product_brand?post=2167"},{"taxonomy":"product_cat","embeddable":true,"href":"https:\/\/goodbeer.solutions\/fr\/wp-json\/wp\/v2\/product_cat?post=2167"},{"taxonomy":"product_tag","embeddable":true,"href":"https:\/\/goodbeer.solutions\/fr\/wp-json\/wp\/v2\/product_tag?post=2167"}],"curies":[{"name":"wp","href":"https:\/\/api.w.org\/{rel}","templated":true}]}}