{"id":2169,"date":"2024-01-19T15:35:00","date_gmt":"2024-01-19T14:35:00","guid":{"rendered":"https:\/\/goodbeer.solutions\/product\/lallemand-verdant-ipa-500g-de-levure-seche\/"},"modified":"2026-04-10T10:34:50","modified_gmt":"2026-04-10T09:34:50","slug":"lallemand-verdant-ipa-500g","status":"publish","type":"product","link":"https:\/\/goodbeer.solutions\/fr\/produit\/lallemand-verdant-ipa-500g\/","title":{"rendered":"Levure Lallemand Lalbrew Verdant IPA 500g pour NEIPA"},"content":{"rendered":"<table dir=\"ltr\" border=\"1\" cellspacing=\"0\" cellpadding=\"0\" data-sheets-root=\"1\">\n<colgroup>\n<col width=\"153\" \/>\n<col width=\"391\" \/><\/colgroup>\n<tbody>\n<tr>\n<td data-sheets-value=\"{\">Souche<\/td>\n<td data-sheets-value=\"{\">Saccharomyces cerevisiae<\/td>\n<\/tr>\n<tr>\n<td data-sheets-value=\"{\">Styles de bi\u00e8res<\/td>\n<td data-sheets-value=\"{\">\n<div>\n<div>American Amber Ale, American IPA, American Pale Ale, American Stout, Berliner Weiss, Blonde Ale, Cream Ale, English Barleywine, English Brown Ale, English IPA, Extra Special Bitter, Gose, Imperial IPA, Irish Red Ale, Mild, New England IPA, New England Pale Ale, Oatmeal Stout, Old Ale, Ordinary Bitter, Scottish Ale, Session IPA, Special\/Best Bitter, Strong Scotch Ale, Sweet Stout<\/div>\n<\/div>\n<\/td>\n<\/tr>\n<tr>\n<td data-sheets-value=\"{\">Att\u00e9nuation<\/td>\n<td data-sheets-value=\"{\">75-82<\/td>\n<\/tr>\n<tr>\n<td data-sheets-value=\"{\">Plage de temp\u00e9rature<\/td>\n<td data-sheets-value=\"{\">18 &#8211; 25\u00b0C (64 &#8211; 77\u00b0F)<\/td>\n<\/tr>\n<tr>\n<td data-sheets-value=\"{\">Floculation<\/td>\n<td data-sheets-value=\"{\">Moyen<\/td>\n<\/tr>\n<tr>\n<td data-sheets-value=\"{\">Ar\u00f4me<\/td>\n<td data-sheets-value=\"{\">Abricot avec des notes de fruits tropicaux et d&rsquo;agrumes<\/td>\n<\/tr>\n<tr>\n<td data-sheets-value=\"{\">Tol\u00e9rance \u00e0 l&rsquo;alcool<\/td>\n<td data-sheets-value=\"{\">12% ABV<\/td>\n<\/tr>\n<tr>\n<td data-sheets-value=\"{\">Taux d&rsquo;ensemencement<\/td>\n<td data-sheets-value=\"{\">50 &#8211; 100g\/hL<\/td>\n<\/tr>\n<\/tbody>\n<\/table>\n","protected":false},"excerpt":{"rendered":"<p><span style=\"font-weight: 400;\">LalBrew Verdant IPA\u2122by Lallemand a \u00e9t\u00e9 m\u00e9ticuleusement choisie en collaboration avec Verdant Brewing Co. (UK) pour sa capacit\u00e9 \u00e0 produire une vari\u00e9t\u00e9 de bi\u00e8res houblonn\u00e9es et malt\u00e9es. Les notes dominantes d&rsquo;abricot se m\u00ealent harmonieusement aux nuances de fruits tropicaux et d&rsquo;agrumes, s&rsquo;harmonisant parfaitement avec les ar\u00f4mes de houblon. B\u00e9n\u00e9ficiant d&rsquo;une att\u00e9nuation moyennement \u00e9lev\u00e9e, la LalBrew Verdant IPA\u2122 laisse un profil de malt doux et \u00e9quilibr\u00e9, offrant un peu plus de corps que les souches de levure IPA am\u00e9ricaines conventionnelles. Cette souche tr\u00e8s polyvalente est id\u00e9ale pour toute une s\u00e9rie de styles de bi\u00e8re, notamment les NEIPA, les IPA anglaises, les American Pale, les English Bitter, les Sweet Stout et les Sours.<\/span><\/p>\n","protected":false},"featured_media":1573,"template":"","meta":{"_themeisle_gutenberg_block_has_review":false},"product_brand":[],"product_cat":[478,364],"product_tag":[],"class_list":{"0":"post-2169","1":"product","2":"type-product","3":"status-publish","4":"has-post-thumbnail","6":"product_cat-ale-fr","7":"product_cat-levure","8":"product_shipping_class-planzer-fr","9":"pa_brand-lallemand-lalbrew","11":"first","12":"instock","13":"sale","14":"taxable","15":"shipping-taxable","16":"purchasable","17":"product-type-simple"},"_links":{"self":[{"href":"https:\/\/goodbeer.solutions\/fr\/wp-json\/wp\/v2\/product\/2169","targetHints":{"allow":["GET"]}}],"collection":[{"href":"https:\/\/goodbeer.solutions\/fr\/wp-json\/wp\/v2\/product"}],"about":[{"href":"https:\/\/goodbeer.solutions\/fr\/wp-json\/wp\/v2\/types\/product"}],"wp:featuredmedia":[{"embeddable":true,"href":"https:\/\/goodbeer.solutions\/fr\/wp-json\/wp\/v2\/media\/1573"}],"wp:attachment":[{"href":"https:\/\/goodbeer.solutions\/fr\/wp-json\/wp\/v2\/media?parent=2169"}],"wp:term":[{"taxonomy":"product_brand","embeddable":true,"href":"https:\/\/goodbeer.solutions\/fr\/wp-json\/wp\/v2\/product_brand?post=2169"},{"taxonomy":"product_cat","embeddable":true,"href":"https:\/\/goodbeer.solutions\/fr\/wp-json\/wp\/v2\/product_cat?post=2169"},{"taxonomy":"product_tag","embeddable":true,"href":"https:\/\/goodbeer.solutions\/fr\/wp-json\/wp\/v2\/product_tag?post=2169"}],"curies":[{"name":"wp","href":"https:\/\/api.w.org\/{rel}","templated":true}]}}