{"id":2170,"date":"2024-01-19T14:10:52","date_gmt":"2024-01-19T13:10:52","guid":{"rendered":"https:\/\/goodbeer.solutions\/product\/lallemand-diamond-lager-500g-paquet-de-levure-seche\/"},"modified":"2024-09-17T13:37:48","modified_gmt":"2024-09-17T12:37:48","slug":"lallemand-diamond-lager-500g","status":"publish","type":"product","link":"https:\/\/goodbeer.solutions\/fr\/produit\/lallemand-diamond-lager-500g\/","title":{"rendered":"Levure s\u00e8che Lallemand Lalbrew Diamond Lager 500g"},"content":{"rendered":"<table dir=\"ltr\" border=\"1\" cellspacing=\"0\" cellpadding=\"0\" data-sheets-root=\"1\">\n<colgroup>\n<col width=\"153\" \/>\n<col width=\"391\" \/><\/colgroup>\n<tbody>\n<tr>\n<td data-sheets-value=\"{\">Souche<\/td>\n<td data-sheets-value=\"{\">Saccharomyces pastorianus<\/td>\n<\/tr>\n<tr>\n<td data-sheets-value=\"{\">Styles de bi\u00e8res<\/td>\n<td data-sheets-value=\"{\">\n<div>\n<div>Baltic Porter, Bohemian Pilsner, California Common, Classic American Pilsner, Dark American Lager, Doppelbock, Dortmunder Export, Eisbock, German Pilsner, Maibock\/Helles Bock, Munich Dunkel, Munich Helles, Oktoberfest\/Marzen, Schwarzbier, Traditional Bock, Vienna Lager<\/div>\n<\/div>\n<\/td>\n<\/tr>\n<tr>\n<td data-sheets-value=\"{\">Att\u00e9nuation<\/td>\n<td data-sheets-value=\"{\">77-83<\/td>\n<\/tr>\n<tr>\n<td data-sheets-value=\"{\">Plage de temp\u00e9rature<\/td>\n<td data-sheets-value=\"{\">10 &#8211; 15\u00b0C (50 &#8211; 59\u00b0F)<\/td>\n<\/tr>\n<tr>\n<td data-sheets-value=\"{\">Floculation<\/td>\n<td data-sheets-value=\"{\">Haute<\/td>\n<\/tr>\n<tr>\n<td data-sheets-value=\"{\">Ar\u00f4me<\/td>\n<td data-sheets-value=\"{\">Neutre<\/td>\n<\/tr>\n<tr>\n<td data-sheets-value=\"{\">Tol\u00e9rance \u00e0 l&rsquo;alcool<\/td>\n<td data-sheets-value=\"{\">13% ABV<\/td>\n<\/tr>\n<tr>\n<td data-sheets-value=\"{\">Taux d&rsquo;ensemencement<\/td>\n<td data-sheets-value=\"{\">100 &#8211; 200g\/hl<\/td>\n<\/tr>\n<\/tbody>\n<\/table>\n","protected":false},"excerpt":{"rendered":"<p><span style=\"font-weight: 400;\">LalBrew Diamond\u2122 est une v\u00e9ritable souche lager provenant de la v\u00e9n\u00e9rable Doemens Academy Culture Collection en Allemagne. R\u00e9put\u00e9e pour ses performances exceptionnelles en mati\u00e8re de fermentation, LalBrew Diamond\u2122 se caract\u00e9rise par sa capacit\u00e9 \u00e0 produire des lagers propres et authentiques. Les styles traditionnels auxquels LalBrew Diamond\u2122 donne vie couvrent un large spectre, y compris, mais sans s&rsquo;y limiter, la Munich Helles, la Dortmunder Export, la German Pilsner, la Bohemian Pilsner, l&rsquo;American Pilsner, la Vienna Lager, l&rsquo;Oktoberfest\/M\u00e4rzen, la Dark American Lager, la Munich Dunkel, la Schwarzbier, la Traditional Bock, la Doppelbock, l&rsquo;Eisbock, et la California Common.<\/span><\/p>\n","protected":false},"featured_media":1561,"template":"","meta":{"_themeisle_gutenberg_block_has_review":false},"product_brand":[],"product_cat":[481,364],"product_tag":[],"class_list":{"0":"post-2170","1":"product","2":"type-product","3":"status-publish","4":"has-post-thumbnail","6":"product_cat-lager-fr","7":"product_cat-levure","8":"product_shipping_class-planzer-fr","9":"pa_brand-lallemand-lalbrew","11":"first","12":"instock","13":"taxable","14":"shipping-taxable","15":"purchasable","16":"product-type-simple"},"_links":{"self":[{"href":"https:\/\/goodbeer.solutions\/fr\/wp-json\/wp\/v2\/product\/2170","targetHints":{"allow":["GET"]}}],"collection":[{"href":"https:\/\/goodbeer.solutions\/fr\/wp-json\/wp\/v2\/product"}],"about":[{"href":"https:\/\/goodbeer.solutions\/fr\/wp-json\/wp\/v2\/types\/product"}],"wp:featuredmedia":[{"embeddable":true,"href":"https:\/\/goodbeer.solutions\/fr\/wp-json\/wp\/v2\/media\/1561"}],"wp:attachment":[{"href":"https:\/\/goodbeer.solutions\/fr\/wp-json\/wp\/v2\/media?parent=2170"}],"wp:term":[{"taxonomy":"product_brand","embeddable":true,"href":"https:\/\/goodbeer.solutions\/fr\/wp-json\/wp\/v2\/product_brand?post=2170"},{"taxonomy":"product_cat","embeddable":true,"href":"https:\/\/goodbeer.solutions\/fr\/wp-json\/wp\/v2\/product_cat?post=2170"},{"taxonomy":"product_tag","embeddable":true,"href":"https:\/\/goodbeer.solutions\/fr\/wp-json\/wp\/v2\/product_tag?post=2170"}],"curies":[{"name":"wp","href":"https:\/\/api.w.org\/{rel}","templated":true}]}}