{"id":2171,"date":"2024-01-18T16:06:17","date_gmt":"2024-01-18T15:06:17","guid":{"rendered":"https:\/\/goodbeer.solutions\/product\/lallemand-bry-97-west-coast-paquet-de-500g-de-levure-seche\/"},"modified":"2025-06-16T06:53:03","modified_gmt":"2025-06-16T05:53:03","slug":"lallemand-bry-97-west-coast-500g","status":"publish","type":"product","link":"https:\/\/goodbeer.solutions\/fr\/produit\/lallemand-bry-97-west-coast-500g\/","title":{"rendered":"Levure Lallemand Lalbrew BRY-97 West Coast 500g pack"},"content":{"rendered":"<table dir=\"ltr\" border=\"1\" cellspacing=\"0\" cellpadding=\"0\" data-sheets-root=\"1\">\n<colgroup>\n<col width=\"153\" \/>\n<col width=\"391\" \/><\/colgroup>\n<tbody>\n<tr>\n<td data-sheets-value=\"{\">Souche<\/td>\n<td data-sheets-value=\"{\">Saccharomyces cerevisiae<\/td>\n<\/tr>\n<tr>\n<td data-sheets-value=\"{\">Styles de bi\u00e8res<\/td>\n<td data-sheets-value=\"{\">\n<div>\n<div>Strong Scotch Ale, Session IPA, Scottish Ale, Russian Imperial Stout, Roggen\/Rye, Old Ale, Oatmeal Stout, Kolsch, Irish Red Ale, Imperial IPA, Foreign Extra Stout, Extra Special Bitter, Dusseldorf Altbier, Dry Stout, Cream Ale, Blonde Ale, Belgian Blonde Ale, American Wheat, American Stout, American Pale Ale, American IPA, American Brown Ale, American Barleywine, American Amber Ale<\/div>\n<\/div>\n<\/td>\n<\/tr>\n<tr>\n<td data-sheets-value=\"{\">Att\u00e9nuation<\/td>\n<td data-sheets-value=\"{\">78-84<\/td>\n<\/tr>\n<tr>\n<td data-sheets-value=\"{\">Plage de temp\u00e9rature<\/td>\n<td data-sheets-value=\"{\">15 &#8211; 22\u00b0C (59 &#8211; 72\u00b0F)<\/td>\n<\/tr>\n<tr>\n<td data-sheets-value=\"{\">Floculation<\/td>\n<td data-sheets-value=\"{\">Haute<\/td>\n<\/tr>\n<tr>\n<td data-sheets-value=\"{\">Ar\u00f4me<\/td>\n<td data-sheets-value=\"{\">Neutre avec un l\u00e9ger ester<\/td>\n<\/tr>\n<tr>\n<td data-sheets-value=\"{\">Tol\u00e9rance \u00e0 l&rsquo;alcool<\/td>\n<td data-sheets-value=\"{\">13% ABV<\/td>\n<\/tr>\n<tr>\n<td data-sheets-value=\"{\">Taux d&rsquo;ensemencement<\/td>\n<td data-sheets-value=\"{\">50 &#8211; 100g\/hL<\/td>\n<\/tr>\n<tr>\n<td><\/td>\n<td><\/td>\n<\/tr>\n<\/tbody>\n<\/table>\n","protected":false},"excerpt":{"rendered":"<p>LalBrew BRY-97\u2122 est une levure ale am\u00e9ricaine de style West Coast qui a \u00e9t\u00e9 s\u00e9lectionn\u00e9e dans la collection de cultures de l&rsquo;Institut Siebel pour sa capacit\u00e9 \u00e0 produire des fermentations propres pour des ales de haute qualit\u00e9. LalBrew BRY-97\u2122 est une souche neutre et tr\u00e8s att\u00e9nuante avec une capacit\u00e9 de floculation \u00e9lev\u00e9e qui peut \u00eatre utilis\u00e9e pour fabriquer une grande vari\u00e9t\u00e9 de bi\u00e8res de style am\u00e9ricain. Gr\u00e2ce \u00e0 l&rsquo;expression d&rsquo;une enzyme \u03b2-glucosidase, LalBrew BRY-97\u2122 peut favoriser la biotransformation du houblon et accentuer la saveur et l&rsquo;ar\u00f4me du houblon. Les ales traditionnelles fabriqu\u00e9es avec la LalBrew BRY-97\u2122 comprennent, mais ne sont certainement pas limit\u00e9es \u00e0 l&rsquo;American Pale Ale, l&rsquo;American Amber, l&rsquo;American Brown, l&rsquo;American IPA, l&rsquo;Imperial IPA, l&rsquo;American Stout, la Cream Ale, l&rsquo;American Wheat, la Scotch Ale, la Russian Imperial Stout, la Roggen\/Rye, la Old Ale et l&rsquo;American Barleywine.<\/p>\n","protected":false},"featured_media":1559,"template":"","meta":{"_themeisle_gutenberg_block_has_review":false},"product_brand":[],"product_cat":[478,364],"product_tag":[],"class_list":{"0":"post-2171","1":"product","2":"type-product","3":"status-publish","4":"has-post-thumbnail","6":"product_cat-ale-fr","7":"product_cat-levure","8":"product_shipping_class-planzer-fr","9":"pa_brand-lallemand-lalbrew","11":"first","12":"instock","13":"sale","14":"taxable","15":"shipping-taxable","16":"purchasable","17":"product-type-simple"},"_links":{"self":[{"href":"https:\/\/goodbeer.solutions\/fr\/wp-json\/wp\/v2\/product\/2171","targetHints":{"allow":["GET"]}}],"collection":[{"href":"https:\/\/goodbeer.solutions\/fr\/wp-json\/wp\/v2\/product"}],"about":[{"href":"https:\/\/goodbeer.solutions\/fr\/wp-json\/wp\/v2\/types\/product"}],"wp:featuredmedia":[{"embeddable":true,"href":"https:\/\/goodbeer.solutions\/fr\/wp-json\/wp\/v2\/media\/1559"}],"wp:attachment":[{"href":"https:\/\/goodbeer.solutions\/fr\/wp-json\/wp\/v2\/media?parent=2171"}],"wp:term":[{"taxonomy":"product_brand","embeddable":true,"href":"https:\/\/goodbeer.solutions\/fr\/wp-json\/wp\/v2\/product_brand?post=2171"},{"taxonomy":"product_cat","embeddable":true,"href":"https:\/\/goodbeer.solutions\/fr\/wp-json\/wp\/v2\/product_cat?post=2171"},{"taxonomy":"product_tag","embeddable":true,"href":"https:\/\/goodbeer.solutions\/fr\/wp-json\/wp\/v2\/product_tag?post=2171"}],"curies":[{"name":"wp","href":"https:\/\/api.w.org\/{rel}","templated":true}]}}