{"id":2258,"date":"2023-11-14T23:16:01","date_gmt":"2023-11-14T22:16:01","guid":{"rendered":"https:\/\/goodbeer.solutions\/product\/nutriments-pour-levure\/"},"modified":"2025-11-26T11:01:32","modified_gmt":"2025-11-26T10:01:32","slug":"nutriments-pour-levure-yeast-vit","status":"publish","type":"product","link":"https:\/\/goodbeer.solutions\/fr\/produit\/nutriments-pour-levure-yeast-vit\/","title":{"rendered":"Yeast Vit Murphy and Sons"},"content":{"rendered":"<p>La levure de bi\u00e8re est un organisme unicellulaire sophistiqu\u00e9 qui a \u00e9t\u00e9 domestiqu\u00e9 et qui poss\u00e8de des besoins nutritionnels vari\u00e9s. Pour pr\u00e9server la sant\u00e9 de ce micro-organisme remarquable et am\u00e9liorer la fermentation et la consistance, nous proposons des nutriments de levure m\u00e9ticuleusement formul\u00e9s qui compl\u00e8tent les nutriments pr\u00e9sents dans le mo\u00fbt.<\/p>\n<p>Lorsque la levure est manipul\u00e9e et stock\u00e9e correctement, sa r\u00e9utilisation permet de r\u00e9aliser d&rsquo;importantes \u00e9conomies et d&rsquo;am\u00e9liorer la qualit\u00e9. Toutefois, pour obtenir les meilleurs r\u00e9sultats, il est toujours conseill\u00e9 de nourrir correctement les levures. N\u00e9gliger les besoins nutritionnels de la levure peut entra\u00eener divers d\u00e9fauts de go\u00fbt dans la bi\u00e8re, ce qui souligne l&rsquo;importance de veiller \u00e0 ce qu&rsquo;elle dispose de tout ce dont elle a besoin.<\/p>\n<p>Les avantages de l&rsquo;utilisation de nos nutriments pour levures sont les suivants :<br \/>\n&#8211; Am\u00e9lioration de la viabilit\u00e9 pendant le stockage.<br \/>\n&#8211; R\u00e9duction de la phase de latence, ce qui permet un d\u00e9marrage plus rapide de la fermentation.<br \/>\n&#8211; Performances de fermentation constantes.<br \/>\n&#8211; Floculation fiable, facilitant la d\u00e9cantation des levures et la clart\u00e9 du produit final.<\/p>\n","protected":false},"excerpt":{"rendered":"<p>Yeast Vit est un nutriment pour levures tr\u00e8s complet qui peut \u00eatre utilis\u00e9 avec des levures m\u00eame d\u00e9ficientes sur le plan nutritionnel.<\/p>\n","protected":false},"featured_media":1353,"template":"","meta":{"_themeisle_gutenberg_block_has_review":false},"product_brand":[],"product_cat":[376,292],"product_tag":[],"class_list":{"0":"post-2258","1":"product","2":"type-product","3":"status-publish","4":"has-post-thumbnail","6":"product_cat-adjuvant","7":"product_cat-aide-au-brassage","8":"pa_brand-murphy-and-sons","9":"pa_capacity-25-kg","10":"pa_capacity-5kg-fr","12":"first","13":"instock","14":"taxable","15":"shipping-taxable","16":"purchasable","17":"product-type-variable","18":"has-default-attributes"},"_links":{"self":[{"href":"https:\/\/goodbeer.solutions\/fr\/wp-json\/wp\/v2\/product\/2258","targetHints":{"allow":["GET"]}}],"collection":[{"href":"https:\/\/goodbeer.solutions\/fr\/wp-json\/wp\/v2\/product"}],"about":[{"href":"https:\/\/goodbeer.solutions\/fr\/wp-json\/wp\/v2\/types\/product"}],"wp:featuredmedia":[{"embeddable":true,"href":"https:\/\/goodbeer.solutions\/fr\/wp-json\/wp\/v2\/media\/1353"}],"wp:attachment":[{"href":"https:\/\/goodbeer.solutions\/fr\/wp-json\/wp\/v2\/media?parent=2258"}],"wp:term":[{"taxonomy":"product_brand","embeddable":true,"href":"https:\/\/goodbeer.solutions\/fr\/wp-json\/wp\/v2\/product_brand?post=2258"},{"taxonomy":"product_cat","embeddable":true,"href":"https:\/\/goodbeer.solutions\/fr\/wp-json\/wp\/v2\/product_cat?post=2258"},{"taxonomy":"product_tag","embeddable":true,"href":"https:\/\/goodbeer.solutions\/fr\/wp-json\/wp\/v2\/product_tag?post=2258"}],"curies":[{"name":"wp","href":"https:\/\/api.w.org\/{rel}","templated":true}]}}