{"id":2263,"date":"2023-11-14T23:16:00","date_gmt":"2023-11-14T22:16:00","guid":{"rendered":"https:\/\/goodbeer.solutions\/product\/finitions-super-f\/"},"modified":"2026-04-08T08:20:26","modified_gmt":"2026-04-08T07:20:26","slug":"clarifiant-super-f","status":"publish","type":"product","link":"https:\/\/goodbeer.solutions\/fr\/produit\/clarifiant-super-f\/","title":{"rendered":"Clarifiant Super F Murphy and Sons"},"content":{"rendered":"<p>Super F est une formule hautement concentr\u00e9e qui donne des r\u00e9sultats remarquables. Gr\u00e2ce \u00e0 son faible dosage de 75 ml \u00e0 175 ml par hectolitre, vous pouvez obtenir une clart\u00e9 exceptionnelle en 48 heures seulement. Pour une performance optimale, nous recommandons l&rsquo;utilisation r\u00e9guli\u00e8re de Super F. Vous trouverez des informations d\u00e9taill\u00e9es dans notre fiche technique (TDS).<\/p>\n<p>Voici un conseil utile : Super F donne les meilleurs r\u00e9sultats lorsqu&rsquo;il est utilis\u00e9 \u00e0 une temp\u00e9rature de 5\u00b0C. Il fonctionne m\u00eame efficacement avec les bi\u00e8res houblonn\u00e9es \u00e0 cru, \u00e0 condition que la majorit\u00e9 des solides du houblon soient retir\u00e9s avant d&rsquo;ajouter le Super F.<\/p>\n<p>Les avantages de Super F sont les suivants<br \/>\n&#8211; Convient aux styles de bi\u00e8res fortement houblonn\u00e9es \u00e0 cru.<br \/>\n&#8211; Peut \u00eatre utilis\u00e9 pour diff\u00e9rents emballage tels que les bouteilles, les f\u00fbts, les canettes et les futs.<br \/>\n&#8211; Faibles taux de dosage.<br \/>\n&#8211; Reste stable \u00e0 temp\u00e9rature ambiante.<br \/>\n&#8211; Garantit une clart\u00e9 constante sans qu&rsquo;il soit n\u00e9cessaire de centrifuger ou de filtrer.<\/p>\n","protected":false},"excerpt":{"rendered":"<p>Super F est un agent de collage rapide et efficace qui convient aux v\u00e9g\u00e9taliens. Les agents de collage sont utilis\u00e9s depuis des si\u00e8cles pour produire une bi\u00e8re visuellement claire et vibrante. Qu&rsquo;ils soient utilis\u00e9s ind\u00e9pendamment ou en conjonction avec des processus de filtration ou de centrifugation, les produits finis peuvent am\u00e9liorer et optimiser leur efficacit\u00e9. Nous proposons une gamme vari\u00e9e de produits con\u00e7us pour r\u00e9pondre \u00e0 diff\u00e9rents d\u00e9fis en mati\u00e8re de brassage, et notre \u00e9quipe est ravie de vous aider \u00e0 d\u00e9couvrir l&rsquo;option la plus adapt\u00e9e \u00e0 vos besoins.<\/p>\n","protected":false},"featured_media":1347,"template":"","meta":{"_themeisle_gutenberg_block_has_review":false},"product_brand":[],"product_cat":[292,374],"product_tag":[],"class_list":{"0":"post-2263","1":"product","2":"type-product","3":"status-publish","4":"has-post-thumbnail","6":"product_cat-aide-au-brassage","7":"product_cat-clarifiant","8":"pa_brand-murphy-and-sons","9":"pa_capacity-25-kg","10":"pa_capacity-5kg-fr","12":"first","13":"instock","14":"taxable","15":"shipping-taxable","16":"purchasable","17":"product-type-variable"},"_links":{"self":[{"href":"https:\/\/goodbeer.solutions\/fr\/wp-json\/wp\/v2\/product\/2263","targetHints":{"allow":["GET"]}}],"collection":[{"href":"https:\/\/goodbeer.solutions\/fr\/wp-json\/wp\/v2\/product"}],"about":[{"href":"https:\/\/goodbeer.solutions\/fr\/wp-json\/wp\/v2\/types\/product"}],"wp:featuredmedia":[{"embeddable":true,"href":"https:\/\/goodbeer.solutions\/fr\/wp-json\/wp\/v2\/media\/1347"}],"wp:attachment":[{"href":"https:\/\/goodbeer.solutions\/fr\/wp-json\/wp\/v2\/media?parent=2263"}],"wp:term":[{"taxonomy":"product_brand","embeddable":true,"href":"https:\/\/goodbeer.solutions\/fr\/wp-json\/wp\/v2\/product_brand?post=2263"},{"taxonomy":"product_cat","embeddable":true,"href":"https:\/\/goodbeer.solutions\/fr\/wp-json\/wp\/v2\/product_cat?post=2263"},{"taxonomy":"product_tag","embeddable":true,"href":"https:\/\/goodbeer.solutions\/fr\/wp-json\/wp\/v2\/product_tag?post=2263"}],"curies":[{"name":"wp","href":"https:\/\/api.w.org\/{rel}","templated":true}]}}