{"id":2266,"date":"2023-11-14T23:16:00","date_gmt":"2023-11-14T22:16:00","guid":{"rendered":"https:\/\/goodbeer.solutions\/product\/trizyme\/"},"modified":"2024-09-17T14:03:59","modified_gmt":"2024-09-17T13:03:59","slug":"trizyme-clarifiant-collage","status":"publish","type":"product","link":"https:\/\/goodbeer.solutions\/fr\/produit\/trizyme-clarifiant-collage\/","title":{"rendered":"Enzyme Trizyme pour brassage \u2013 Murphy &#038; sons"},"content":{"rendered":"<p>Trizyme a \u00e9t\u00e9 sp\u00e9cifiquement d\u00e9velopp\u00e9 pour r\u00e9pondre aux diff\u00e9rents d\u00e9fis rencontr\u00e9s lors de l&#8217;emp\u00e2tage, tels que les probl\u00e8mes de faible extraction, d&rsquo;\u00e9coulement insuffisant et de production inad\u00e9quate d&rsquo;azote assimilable au cours de la fermentation.<\/p>\n<p>En outre, Trizyme s&rsquo;attaque efficacement aux probl\u00e8mes li\u00e9s aux fermentations lentes ou incompl\u00e8tes, ainsi qu&rsquo;aux probl\u00e8mes li\u00e9s \u00e0 l&rsquo;alt\u00e9ration de la culture de la levure et des niveaux de suspension de la levure.<\/p>\n<p>Dans le cas du conditionnement en f\u00fbts, Trizyme aide \u00e0 lutter contre le collage lent, les fonds l\u00e2ches et le manque de brillance g\u00e9n\u00e9rale. Ces sympt\u00f4mes peuvent r\u00e9sulter de l&rsquo;utilisation de vari\u00e9t\u00e9s d&rsquo;orge qui ne sont pas intrins\u00e8quement adapt\u00e9es \u00e0 l&rsquo;obtention d&rsquo;une modification \u00e9quilibr\u00e9e. Trizyme propose une triple approche pour s&rsquo;attaquer \u00e0 ces probl\u00e8mes le plus t\u00f4t possible.<\/p>\n<p>En outre, Trizyme peut \u00eatre utilis\u00e9 avec des adjuvants non malt\u00e9s pour fournir les enzymes \u03b1-amylase et \u00df-glucanase essentielles n\u00e9cessaires \u00e0 la production de mo\u00fbts de haute qualit\u00e9 avec des niveaux d&rsquo;extrait satisfaisants.<\/p>\n","protected":false},"excerpt":{"rendered":"<p>Trizyme est une solution enzymatique liquide sp\u00e9cialement con\u00e7ue pour \u00eatre appliqu\u00e9e dans la cuve de brassage. Il est compos\u00e9 d&rsquo;une combinaison d&rsquo;enzymes \u03b1-amylase et \u00df-glucanase d\u00e9riv\u00e9es d&rsquo;une source bact\u00e9rienne autoris\u00e9e, ainsi que d&rsquo;enzymes prot\u00e9olytiques d&rsquo;origine v\u00e9g\u00e9tale approuv\u00e9e. Trizyme contient \u00e9galement des conservateurs de qualit\u00e9 alimentaire autoris\u00e9s.<\/p>\n","protected":false},"featured_media":1351,"template":"","meta":{"_themeisle_gutenberg_block_has_review":false},"product_brand":[],"product_cat":[376,292],"product_tag":[],"class_list":{"0":"post-2266","1":"product","2":"type-product","3":"status-publish","4":"has-post-thumbnail","6":"product_cat-adjuvant","7":"product_cat-aide-au-brassage","8":"pa_brand-murphy-and-sons","9":"pa_capacity-25-kg","10":"pa_capacity-5kg-fr","12":"first","13":"instock","14":"taxable","15":"shipping-taxable","16":"purchasable","17":"product-type-variable"},"_links":{"self":[{"href":"https:\/\/goodbeer.solutions\/fr\/wp-json\/wp\/v2\/product\/2266","targetHints":{"allow":["GET"]}}],"collection":[{"href":"https:\/\/goodbeer.solutions\/fr\/wp-json\/wp\/v2\/product"}],"about":[{"href":"https:\/\/goodbeer.solutions\/fr\/wp-json\/wp\/v2\/types\/product"}],"wp:featuredmedia":[{"embeddable":true,"href":"https:\/\/goodbeer.solutions\/fr\/wp-json\/wp\/v2\/media\/1351"}],"wp:attachment":[{"href":"https:\/\/goodbeer.solutions\/fr\/wp-json\/wp\/v2\/media?parent=2266"}],"wp:term":[{"taxonomy":"product_brand","embeddable":true,"href":"https:\/\/goodbeer.solutions\/fr\/wp-json\/wp\/v2\/product_brand?post=2266"},{"taxonomy":"product_cat","embeddable":true,"href":"https:\/\/goodbeer.solutions\/fr\/wp-json\/wp\/v2\/product_cat?post=2266"},{"taxonomy":"product_tag","embeddable":true,"href":"https:\/\/goodbeer.solutions\/fr\/wp-json\/wp\/v2\/product_tag?post=2266"}],"curies":[{"name":"wp","href":"https:\/\/api.w.org\/{rel}","templated":true}]}}