{"id":2272,"date":"2023-11-14T23:16:00","date_gmt":"2023-11-14T22:16:00","guid":{"rendered":"https:\/\/goodbeer.solutions\/product\/metabs-5kg\/"},"modified":"2024-09-17T15:46:22","modified_gmt":"2024-09-17T14:46:22","slug":"metabs-5kg","status":"publish","type":"product","link":"https:\/\/goodbeer.solutions\/fr\/produit\/metabs-5kg\/","title":{"rendered":"Metabs (5kg) m\u00e9tabisulphite E223 pour la protection de la bi\u00e8re"},"content":{"rendered":"<p>Le m\u00e9tabisulfite (Metabs) sert de mesure pr\u00e9ventive contre la d\u00e9t\u00e9rioration biologique et la croissance et la reproduction des micro-organismes. Ses propri\u00e9t\u00e9s antioxydantes contribuent \u00e0 accro\u00eetre la stabilit\u00e9 et la dur\u00e9e de conservation de la bi\u00e8re.<\/p>\n<p>En outre, Metabs s&rsquo;av\u00e8re utile pour \u00e9liminer le chlore libre pr\u00e9sent dans l&rsquo;eau du robinet, qui peut \u00eatre \u00e0 l&rsquo;origine d&rsquo;ar\u00f4mes chloroph\u00e9noliques dans la bi\u00e8re.<\/p>\n<p>En outre, Metabs peut \u00eatre utilis\u00e9 pour pr\u00e9server la fra\u00eecheur des f\u00fbts vides pendant le stockage.<\/p>\n","protected":false},"excerpt":{"rendered":"<p>Le m\u00e9tabisulfite (Metabs) est une m\u00e9thode pratique pour introduire des quantit\u00e9s pr\u00e9cises de dioxyde de soufre. Sa forme de comprim\u00e9 \u00e9limine le besoin de mesurer ou de peser, ce qui le rend facile \u00e0 utiliser.<\/p>\n","protected":false},"featured_media":1345,"template":"","meta":{"_themeisle_gutenberg_block_has_review":false},"product_brand":[],"product_cat":[292,380],"product_tag":[],"class_list":{"0":"post-2272","1":"product","2":"type-product","3":"status-publish","4":"has-post-thumbnail","6":"product_cat-aide-au-brassage","7":"product_cat-stabilisant","8":"pa_brand-murphy-and-sons","10":"first","11":"instock","12":"taxable","13":"shipping-taxable","14":"purchasable","15":"product-type-simple"},"_links":{"self":[{"href":"https:\/\/goodbeer.solutions\/fr\/wp-json\/wp\/v2\/product\/2272","targetHints":{"allow":["GET"]}}],"collection":[{"href":"https:\/\/goodbeer.solutions\/fr\/wp-json\/wp\/v2\/product"}],"about":[{"href":"https:\/\/goodbeer.solutions\/fr\/wp-json\/wp\/v2\/types\/product"}],"wp:featuredmedia":[{"embeddable":true,"href":"https:\/\/goodbeer.solutions\/fr\/wp-json\/wp\/v2\/media\/1345"}],"wp:attachment":[{"href":"https:\/\/goodbeer.solutions\/fr\/wp-json\/wp\/v2\/media?parent=2272"}],"wp:term":[{"taxonomy":"product_brand","embeddable":true,"href":"https:\/\/goodbeer.solutions\/fr\/wp-json\/wp\/v2\/product_brand?post=2272"},{"taxonomy":"product_cat","embeddable":true,"href":"https:\/\/goodbeer.solutions\/fr\/wp-json\/wp\/v2\/product_cat?post=2272"},{"taxonomy":"product_tag","embeddable":true,"href":"https:\/\/goodbeer.solutions\/fr\/wp-json\/wp\/v2\/product_tag?post=2272"}],"curies":[{"name":"wp","href":"https:\/\/api.w.org\/{rel}","templated":true}]}}