{"id":2273,"date":"2023-11-14T23:16:00","date_gmt":"2023-11-14T22:16:00","guid":{"rendered":"https:\/\/goodbeer.solutions\/product\/sulfate-de-magnesium-25kg\/"},"modified":"2025-09-18T08:53:22","modified_gmt":"2025-09-18T07:53:22","slug":"sulfate-de-magnesium-25kg","status":"publish","type":"product","link":"https:\/\/goodbeer.solutions\/fr\/produit\/sulfate-de-magnesium-25kg\/","title":{"rendered":"Sulfate de magn\u00e9sium 25kg &#8211; Sel de brassage"},"content":{"rendered":"<p>Le sulfate de magn\u00e9sium est ajout\u00e9 en quantit\u00e9s variables en fonction de la composition de votre eau.<\/p>\n","protected":false},"excerpt":{"rendered":"<p>Le sulfate de magn\u00e9sium est incorpor\u00e9 \u00e0 l&rsquo;eau de brassage pour am\u00e9liorer la qualit\u00e9 de la boisson et \u00e9lever son niveau d&rsquo;acidit\u00e9.<\/p>\n","protected":false},"featured_media":1343,"template":"","meta":{"_themeisle_gutenberg_block_has_review":false},"product_brand":[],"product_cat":[292,372],"product_tag":[],"class_list":{"0":"post-2273","1":"product","2":"type-product","3":"status-publish","4":"has-post-thumbnail","6":"product_cat-aide-au-brassage","7":"product_cat-traitement-de-l-eau","8":"pa_brand-murphy-and-sons","10":"first","11":"onbackorder","12":"taxable","13":"shipping-taxable","14":"purchasable","15":"product-type-simple"},"_links":{"self":[{"href":"https:\/\/goodbeer.solutions\/fr\/wp-json\/wp\/v2\/product\/2273","targetHints":{"allow":["GET"]}}],"collection":[{"href":"https:\/\/goodbeer.solutions\/fr\/wp-json\/wp\/v2\/product"}],"about":[{"href":"https:\/\/goodbeer.solutions\/fr\/wp-json\/wp\/v2\/types\/product"}],"wp:featuredmedia":[{"embeddable":true,"href":"https:\/\/goodbeer.solutions\/fr\/wp-json\/wp\/v2\/media\/1343"}],"wp:attachment":[{"href":"https:\/\/goodbeer.solutions\/fr\/wp-json\/wp\/v2\/media?parent=2273"}],"wp:term":[{"taxonomy":"product_brand","embeddable":true,"href":"https:\/\/goodbeer.solutions\/fr\/wp-json\/wp\/v2\/product_brand?post=2273"},{"taxonomy":"product_cat","embeddable":true,"href":"https:\/\/goodbeer.solutions\/fr\/wp-json\/wp\/v2\/product_cat?post=2273"},{"taxonomy":"product_tag","embeddable":true,"href":"https:\/\/goodbeer.solutions\/fr\/wp-json\/wp\/v2\/product_tag?post=2273"}],"curies":[{"name":"wp","href":"https:\/\/api.w.org\/{rel}","templated":true}]}}