{"id":2278,"date":"2023-11-14T23:15:59","date_gmt":"2023-11-14T22:15:59","guid":{"rendered":"https:\/\/goodbeer.solutions\/product\/brewers-clarex-clarity-enzyme-sans-gluten\/"},"modified":"2025-02-03T11:20:46","modified_gmt":"2025-02-03T10:20:46","slug":"brewers-clarex-enzyme-sans-gluten","status":"publish","type":"product","link":"https:\/\/goodbeer.solutions\/fr\/produit\/brewers-clarex-enzyme-sans-gluten\/","title":{"rendered":"Enzyme CLAREX \/ CLARITY &#8211; Brassage de bi\u00e8re sans gluten &#8211; Murphy and sons"},"content":{"rendered":"<p>Brewers Clarity contient une enzyme endopeptidase fongique pour la production de bi\u00e8re sans gluten. Cette enzyme ne clive les polypeptides sensibles \u00e0 la brume qu&rsquo;au niveau de l&rsquo;extr\u00e9mit\u00e9 carboxyle de l&rsquo;acide amin\u00e9 proline. C&rsquo;est \u00e9galement l&rsquo;enzyme utilis\u00e9e pour produire la plupart des bi\u00e8res \u00e0 teneur r\u00e9duite en gluten que l&rsquo;on trouve aujourd&rsquo;hui sur le march\u00e9.<\/p>\n<p>La clart\u00e9 de brasserie peut \u00eatre utilis\u00e9e avec toutes sortes de malts et d&rsquo;autres mati\u00e8res premi\u00e8res. Le produit est ajout\u00e9 au mo\u00fbt refroidi au d\u00e9but de la fermentation.<\/p>\n<p>&nbsp;<\/p>\n<p>&nbsp;<\/p>\n","protected":false},"excerpt":{"rendered":"<p>Brewers Clarity est une enzyme utilis\u00e9e pour inhiber la formation de troube et permettre de brasser des bi\u00e8res sans gluten. Il pr\u00e9vient efficacement le trouble \u00e0 froid, ce qui permet d&rsquo;augmenter la capacit\u00e9 de production, tout en n&rsquo;ayant pas d&rsquo;impact sur les autres caract\u00e9ristiques de la bi\u00e8re. Il est \u00e9galement utilis\u00e9 dans la production de bi\u00e8res \u00e0 teneur r\u00e9duite en gluten.<\/p>\n","protected":false},"featured_media":1337,"template":"","meta":{"_themeisle_gutenberg_block_has_review":false},"product_brand":[],"product_cat":[376,292],"product_tag":[],"class_list":{"0":"post-2278","1":"product","2":"type-product","3":"status-publish","4":"has-post-thumbnail","6":"product_cat-adjuvant","7":"product_cat-aide-au-brassage","8":"pa_brand-murphy-and-sons","9":"pa_capacity-1kg-fr","10":"pa_capacity-5kg-fr","12":"first","13":"onbackorder","14":"taxable","15":"shipping-taxable","16":"product-type-variable"},"_links":{"self":[{"href":"https:\/\/goodbeer.solutions\/fr\/wp-json\/wp\/v2\/product\/2278","targetHints":{"allow":["GET"]}}],"collection":[{"href":"https:\/\/goodbeer.solutions\/fr\/wp-json\/wp\/v2\/product"}],"about":[{"href":"https:\/\/goodbeer.solutions\/fr\/wp-json\/wp\/v2\/types\/product"}],"wp:featuredmedia":[{"embeddable":true,"href":"https:\/\/goodbeer.solutions\/fr\/wp-json\/wp\/v2\/media\/1337"}],"wp:attachment":[{"href":"https:\/\/goodbeer.solutions\/fr\/wp-json\/wp\/v2\/media?parent=2278"}],"wp:term":[{"taxonomy":"product_brand","embeddable":true,"href":"https:\/\/goodbeer.solutions\/fr\/wp-json\/wp\/v2\/product_brand?post=2278"},{"taxonomy":"product_cat","embeddable":true,"href":"https:\/\/goodbeer.solutions\/fr\/wp-json\/wp\/v2\/product_cat?post=2278"},{"taxonomy":"product_tag","embeddable":true,"href":"https:\/\/goodbeer.solutions\/fr\/wp-json\/wp\/v2\/product_tag?post=2278"}],"curies":[{"name":"wp","href":"https:\/\/api.w.org\/{rel}","templated":true}]}}