{"id":2281,"date":"2023-11-14T23:15:58","date_gmt":"2023-11-14T22:15:58","guid":{"rendered":"https:\/\/goodbeer.solutions\/product\/sulfate-de-calcium-gypse-25kg\/"},"modified":"2025-09-10T12:55:50","modified_gmt":"2025-09-10T11:55:50","slug":"sulfate-de-calcium-gypse-25kg","status":"publish","type":"product","link":"https:\/\/goodbeer.solutions\/fr\/produit\/sulfate-de-calcium-gypse-25kg\/","title":{"rendered":"Sel de brassage  &#8211; Sulfate de Calcium \u2013 Gypse (25kg)"},"content":{"rendered":"<p>Le sulfate de calcium [Gypsum] r\u00e9duit le pH pendant l&#8217;emp\u00e2tage et l&rsquo;\u00e9bullition du mo\u00fbt, ce qui am\u00e9liore l&rsquo;activit\u00e9 enzymatique et r\u00e9duit le risque d&rsquo;infection.<\/p>\n<p>Avantages<\/p>\n<p>-Favorise la pr\u00e9cipitation des prot\u00e9ines ind\u00e9sirables \u00e0 l&rsquo;\u00e9bullition et au Whirpool<br \/>\n-Am\u00e9lioration du rendement<br \/>\n-R\u00e9duit la formation de \u00ab\u00a0beer stone\u00a0\u00bb et peut emp\u00eacher le \u00ab\u00a0gushing\u00a0\u00bb.<br \/>\n-Am\u00e9liore la performance du collage<br \/>\n-Favorise la r\u00e9tention de la mousse<\/p>\n","protected":false},"excerpt":{"rendered":"<p>Le sulfate de calcium, \u00e9galement connu sous le nom de gypse, est une m\u00e9thode de traitement de l&rsquo;eau de brassage \u00e0 l&rsquo;aide d&rsquo;un additif salin afin d&rsquo;augmenter les niveaux de min\u00e9raux et d&rsquo;obtenir ainsi les caract\u00e9ristiques souhait\u00e9es dans la bi\u00e8re. En introduisant du sulfate, il conf\u00e8re un effet sec et amer tout en am\u00e9liorant la sensation en bouche. En outre, le gypse permet d&rsquo;att\u00e9nuer l&rsquo;extraction de silicates, de tanins et de polyph\u00e9nols ind\u00e9sirables au cours du processus de brassage.<\/p>\n","protected":false},"featured_media":1335,"template":"","meta":{"_themeisle_gutenberg_block_has_review":false},"product_brand":[],"product_cat":[292,372],"product_tag":[],"class_list":{"0":"post-2281","1":"product","2":"type-product","3":"status-publish","4":"has-post-thumbnail","6":"product_cat-aide-au-brassage","7":"product_cat-traitement-de-l-eau","8":"pa_brand-murphy-and-sons","10":"first","11":"instock","12":"taxable","13":"shipping-taxable","14":"purchasable","15":"product-type-simple"},"_links":{"self":[{"href":"https:\/\/goodbeer.solutions\/fr\/wp-json\/wp\/v2\/product\/2281","targetHints":{"allow":["GET"]}}],"collection":[{"href":"https:\/\/goodbeer.solutions\/fr\/wp-json\/wp\/v2\/product"}],"about":[{"href":"https:\/\/goodbeer.solutions\/fr\/wp-json\/wp\/v2\/types\/product"}],"wp:featuredmedia":[{"embeddable":true,"href":"https:\/\/goodbeer.solutions\/fr\/wp-json\/wp\/v2\/media\/1335"}],"wp:attachment":[{"href":"https:\/\/goodbeer.solutions\/fr\/wp-json\/wp\/v2\/media?parent=2281"}],"wp:term":[{"taxonomy":"product_brand","embeddable":true,"href":"https:\/\/goodbeer.solutions\/fr\/wp-json\/wp\/v2\/product_brand?post=2281"},{"taxonomy":"product_cat","embeddable":true,"href":"https:\/\/goodbeer.solutions\/fr\/wp-json\/wp\/v2\/product_cat?post=2281"},{"taxonomy":"product_tag","embeddable":true,"href":"https:\/\/goodbeer.solutions\/fr\/wp-json\/wp\/v2\/product_tag?post=2281"}],"curies":[{"name":"wp","href":"https:\/\/api.w.org\/{rel}","templated":true}]}}