{"id":2282,"date":"2023-11-14T23:15:58","date_gmt":"2023-11-14T22:15:58","guid":{"rendered":"https:\/\/goodbeer.solutions\/product\/chlorure-de-calcium-25kg\/"},"modified":"2025-09-18T08:53:22","modified_gmt":"2025-09-18T07:53:22","slug":"chlorure-de-calcium-25kg","status":"publish","type":"product","link":"https:\/\/goodbeer.solutions\/fr\/produit\/chlorure-de-calcium-25kg\/","title":{"rendered":"Chlorure de Calcium (en cristaux 25kg)"},"content":{"rendered":"<p>Le chlorure de calcium est un traitement de l&rsquo;eau que vous pouvez utiliser pour am\u00e9liorer la sant\u00e9 et la vigueur de la levure.<\/p>\n<p>Il am\u00e9liore \u00e9galement le rendement global, la fermentabilit\u00e9 et la clarification de la bi\u00e8re.<\/p>\n<p>Nous calculons \u00e9galement volontiers les taux de dosage pour vous ! Il vous suffit de nous contacter en utilisant le formulaire de contact<\/p>\n","protected":false},"excerpt":{"rendered":"<p>Le chlorure de calcium en paillettes est un type de sel utilis\u00e9 pour am\u00e9liorer la composition min\u00e9rale de l&rsquo;eau de brassage afin d&rsquo;augmenter sa qualit\u00e9 de brassage et sa capacit\u00e9 \u00e0 g\u00e9n\u00e9rer des caract\u00e9ristiques distinctes associ\u00e9es \u00e0 un style de bi\u00e8re particulier.<\/p>\n","protected":false},"featured_media":1333,"template":"","meta":{"_themeisle_gutenberg_block_has_review":false},"product_brand":[],"product_cat":[292,372],"product_tag":[],"class_list":{"0":"post-2282","1":"product","2":"type-product","3":"status-publish","4":"has-post-thumbnail","6":"product_cat-aide-au-brassage","7":"product_cat-traitement-de-l-eau","8":"pa_brand-murphy-and-sons","10":"first","11":"instock","12":"taxable","13":"shipping-taxable","14":"purchasable","15":"product-type-simple"},"_links":{"self":[{"href":"https:\/\/goodbeer.solutions\/fr\/wp-json\/wp\/v2\/product\/2282","targetHints":{"allow":["GET"]}}],"collection":[{"href":"https:\/\/goodbeer.solutions\/fr\/wp-json\/wp\/v2\/product"}],"about":[{"href":"https:\/\/goodbeer.solutions\/fr\/wp-json\/wp\/v2\/types\/product"}],"wp:featuredmedia":[{"embeddable":true,"href":"https:\/\/goodbeer.solutions\/fr\/wp-json\/wp\/v2\/media\/1333"}],"wp:attachment":[{"href":"https:\/\/goodbeer.solutions\/fr\/wp-json\/wp\/v2\/media?parent=2282"}],"wp:term":[{"taxonomy":"product_brand","embeddable":true,"href":"https:\/\/goodbeer.solutions\/fr\/wp-json\/wp\/v2\/product_brand?post=2282"},{"taxonomy":"product_cat","embeddable":true,"href":"https:\/\/goodbeer.solutions\/fr\/wp-json\/wp\/v2\/product_cat?post=2282"},{"taxonomy":"product_tag","embeddable":true,"href":"https:\/\/goodbeer.solutions\/fr\/wp-json\/wp\/v2\/product_tag?post=2282"}],"curies":[{"name":"wp","href":"https:\/\/api.w.org\/{rel}","templated":true}]}}