{"id":2286,"date":"2023-11-14T23:15:50","date_gmt":"2023-11-14T22:15:50","guid":{"rendered":"https:\/\/goodbeer.solutions\/product\/ams\/"},"modified":"2025-09-25T07:47:49","modified_gmt":"2025-09-25T06:47:49","slug":"ams","status":"publish","type":"product","link":"https:\/\/goodbeer.solutions\/fr\/produit\/ams\/","title":{"rendered":"AMS traitemant pour duret\u00e9 de l&rsquo;eau &#8211; Murphy and sons"},"content":{"rendered":"<p>AMS est un m\u00e9lange d&rsquo;acides formul\u00e9 pour r\u00e9duire efficacement l&rsquo;alcalinit\u00e9 de l&rsquo;eau tout en ajoutant des ions<a href=\"https:\/\/www.google.com\" rel=\"noopener\"> chlorure<\/a> et sulfate<a href=\"https:\/\/www.google.com\" rel=\"noopener\"> utiles<\/a>. L&rsquo;utilisation de l&rsquo;AMS permet \u00e9galement de pr\u00e9venir l&rsquo;entartrage de vos r\u00e9servoirs d&rsquo;eau.<\/p>\n<p>CONSEIL ! Il peut \u00eatre utilis\u00e9 pour cr\u00e9er presque n&rsquo;importe quel style lorsqu&rsquo;il est utilis\u00e9 avec les m\u00e9langes de sels appropri\u00e9s.<\/p>\n","protected":false},"excerpt":{"rendered":"<p>Dans l&rsquo;industrie brassicole, l&rsquo;AMS trouve une application particuli\u00e8re en tant que traitement de la liqueur afin de garantir le maintien de niveaux de pH optimaux tout au long du processus de brassage. Son utilisation pr\u00e9sente de nombreux avantages, notamment un meilleur rendement des extraits, un meilleur \u00e9coulement du mo\u00fbt, ainsi qu&rsquo;une clart\u00e9 et une stabilit\u00e9 accrues du produit final de la bi\u00e8re.<\/p>\n","protected":false},"featured_media":1329,"template":"","meta":{"_themeisle_gutenberg_block_has_review":false},"product_brand":[],"product_cat":[292,372],"product_tag":[],"class_list":{"0":"post-2286","1":"product","2":"type-product","3":"status-publish","4":"has-post-thumbnail","6":"product_cat-aide-au-brassage","7":"product_cat-traitement-de-l-eau","8":"pa_brand-murphy-and-sons","9":"pa_capacity-1000kg-fr","10":"pa_capacity-200-kg","11":"pa_capacity-25-kg","13":"first","14":"instock","15":"taxable","16":"shipping-taxable","17":"purchasable","18":"product-type-variable"},"_links":{"self":[{"href":"https:\/\/goodbeer.solutions\/fr\/wp-json\/wp\/v2\/product\/2286","targetHints":{"allow":["GET"]}}],"collection":[{"href":"https:\/\/goodbeer.solutions\/fr\/wp-json\/wp\/v2\/product"}],"about":[{"href":"https:\/\/goodbeer.solutions\/fr\/wp-json\/wp\/v2\/types\/product"}],"wp:featuredmedia":[{"embeddable":true,"href":"https:\/\/goodbeer.solutions\/fr\/wp-json\/wp\/v2\/media\/1329"}],"wp:attachment":[{"href":"https:\/\/goodbeer.solutions\/fr\/wp-json\/wp\/v2\/media?parent=2286"}],"wp:term":[{"taxonomy":"product_brand","embeddable":true,"href":"https:\/\/goodbeer.solutions\/fr\/wp-json\/wp\/v2\/product_brand?post=2286"},{"taxonomy":"product_cat","embeddable":true,"href":"https:\/\/goodbeer.solutions\/fr\/wp-json\/wp\/v2\/product_cat?post=2286"},{"taxonomy":"product_tag","embeddable":true,"href":"https:\/\/goodbeer.solutions\/fr\/wp-json\/wp\/v2\/product_tag?post=2286"}],"curies":[{"name":"wp","href":"https:\/\/api.w.org\/{rel}","templated":true}]}}