{"id":2483,"date":"2024-02-16T20:25:54","date_gmt":"2024-02-16T19:25:54","guid":{"rendered":"https:\/\/goodbeer.solutions\/product\/lallemand-helveticus-pitch-250g-bacteries-seches\/"},"modified":"2025-02-03T11:20:45","modified_gmt":"2025-02-03T10:20:45","slug":"lallemand-helveticus-pitch-250g","status":"publish","type":"product","link":"https:\/\/goodbeer.solutions\/fr\/produit\/lallemand-helveticus-pitch-250g\/","title":{"rendered":"Lallemand Helveticus Pitch 250g"},"content":{"rendered":"<table dir=\"ltr\" border=\"1\" cellspacing=\"0\" cellpadding=\"0\" data-sheets-root=\"1\">\n<colgroup>\n<col width=\"153\" \/>\n<col width=\"391\" \/><\/colgroup>\n<tbody>\n<tr>\n<td data-sheets-value=\"{\">Souche<\/td>\n<td data-sheets-value=\"{\"><em>Lactobacillus helveticus<\/em><\/td>\n<\/tr>\n<tr>\n<td data-sheets-value=\"{\">Plage de temp\u00e9rature<\/td>\n<td data-sheets-value=\"{\">38 &#8211; 45\u00b0C (100 &#8211; 113\u00b0F)<\/td>\n<\/tr>\n<tr>\n<td data-sheets-value=\"{\">Ar\u00f4me<\/td>\n<td data-sheets-value=\"{\">Agrumes forts, acidul\u00e9s, aigreurs intenses<\/td>\n<\/tr>\n<tr>\n<td data-sheets-value=\"{\">Taux d&rsquo;inoculation<\/td>\n<td data-sheets-value=\"{\">10g\/hL<\/td>\n<\/tr>\n<tr>\n<td data-sheets-value=\"{\">Gamme de pH<\/td>\n<td data-sheets-value=\"{\">3.0 &#8211; 3.5<\/td>\n<\/tr>\n<tr>\n<td data-sheets-value=\"{\">Tol\u00e9rance au houblonnage<\/td>\n<td data-sheets-value=\"{\">Acide alpha : 4 ppm (IBU) &#8211; Acide b\u00eata : 4 ppm<\/td>\n<\/tr>\n<tr>\n<td><\/td>\n<td data-sheets-value=\"{\"><\/td>\n<\/tr>\n<\/tbody>\n<\/table>\n","protected":false},"excerpt":{"rendered":"<p>Lallemand WildBrew Helveticus Pitch\u2122 est une souche de bact\u00e9ries lactiques de premi\u00e8re qualit\u00e9 et de grande puret\u00e9, m\u00e9ticuleusement choisie pour sa capacit\u00e9 \u00e0 produire un large \u00e9ventail de types de bi\u00e8res acides.<\/p>\n","protected":false},"featured_media":1959,"template":"","meta":{"_themeisle_gutenberg_block_has_review":false},"product_brand":[],"product_cat":[484,364],"product_tag":[],"class_list":{"0":"post-2483","1":"product","2":"type-product","3":"status-publish","4":"has-post-thumbnail","6":"product_cat-bacteries-levure","7":"product_cat-levure","8":"product_shipping_class-planzer-fr","9":"pa_brand-lallemand-lalbrew","11":"first","12":"instock","13":"taxable","14":"shipping-taxable","15":"purchasable","16":"product-type-simple"},"_links":{"self":[{"href":"https:\/\/goodbeer.solutions\/fr\/wp-json\/wp\/v2\/product\/2483","targetHints":{"allow":["GET"]}}],"collection":[{"href":"https:\/\/goodbeer.solutions\/fr\/wp-json\/wp\/v2\/product"}],"about":[{"href":"https:\/\/goodbeer.solutions\/fr\/wp-json\/wp\/v2\/types\/product"}],"wp:featuredmedia":[{"embeddable":true,"href":"https:\/\/goodbeer.solutions\/fr\/wp-json\/wp\/v2\/media\/1959"}],"wp:attachment":[{"href":"https:\/\/goodbeer.solutions\/fr\/wp-json\/wp\/v2\/media?parent=2483"}],"wp:term":[{"taxonomy":"product_brand","embeddable":true,"href":"https:\/\/goodbeer.solutions\/fr\/wp-json\/wp\/v2\/product_brand?post=2483"},{"taxonomy":"product_cat","embeddable":true,"href":"https:\/\/goodbeer.solutions\/fr\/wp-json\/wp\/v2\/product_cat?post=2483"},{"taxonomy":"product_tag","embeddable":true,"href":"https:\/\/goodbeer.solutions\/fr\/wp-json\/wp\/v2\/product_tag?post=2483"}],"curies":[{"name":"wp","href":"https:\/\/api.w.org\/{rel}","templated":true}]}}