{"id":2488,"date":"2024-03-25T10:41:15","date_gmt":"2024-03-25T09:41:15","guid":{"rendered":"https:\/\/goodbeer.solutions\/product\/levure-seche-angel-yeast-cy115-500g\/"},"modified":"2025-07-16T13:52:00","modified_gmt":"2025-07-16T12:52:00","slug":"levure-seche-angel-yeast-cy115-500g","status":"publish","type":"product","link":"https:\/\/goodbeer.solutions\/fr\/produit\/levure-seche-angel-yeast-cy115-500g\/","title":{"rendered":"Levure s\u00e8che Angel Yeast CY115"},"content":{"rendered":"<h2 style=\"text-align: center;\">Seulement 38.- par paquet si vous commandez 20 paquets de 500g. Le meilleur prix pour cette fameuse souche ! Arr\u00eatez de d\u00e9penser trop pour vos levures, fermentez avec Angel Yeast CY115.<\/h2>\n<p>&nbsp;<\/p>\n<p>CY115 est une souche de levure de bi\u00e8re de premi\u00e8re qualit\u00e9, m\u00e9ticuleusement s\u00e9lectionn\u00e9e pour la production d&rsquo;ales anglaises, et t\u00e9moigne de l&rsquo;engagement d&rsquo;Angel Yeast en faveur de la qualit\u00e9 et de l&rsquo;excellence dans l&rsquo;industrie brassicole. Avec son taux de floculation remarquablement \u00e9lev\u00e9 et sa clart\u00e9 exceptionnelle, CY115 est id\u00e9ale pour les brasseurs qui souhaitent obtenir les caract\u00e9ristiques distinctives des ales anglaises traditionnelles, des Pale ale et des IPA. La capacit\u00e9 de cette souche \u00e0 produire de l\u00e9gers esters de fruits sucr\u00e9s, notamment de pomme et de banane, renforce le profil aromatique de la bi\u00e8re sans \u00e9clipser le caract\u00e8re int\u00e9gral du malt, ce qui garantit une exp\u00e9rience gustative \u00e9quilibr\u00e9e et authentique.<\/p>\n<p>La souche CY115 contribue \u00e9galement \u00e0 la structure de la bi\u00e8re, offrant un corps mod\u00e9r\u00e9 et une bouche douce, caract\u00e9ristiques tr\u00e8s pris\u00e9es dans l&rsquo;\u00e9laboration des bi\u00e8res de style anglais. Ces caract\u00e9ristiques en font un atout polyvalent et pr\u00e9cieux pour les brasseurs qui cherchent \u00e0 explorer les nuances de la production de bi\u00e8re anglaise tout en s&rsquo;assurant que leurs cr\u00e9ations se distinguent par leur qualit\u00e9 et leur authenticit\u00e9.<\/p>\n<p>Angel Yeast, en tant que fournisseur de la souche CY115, apporte non seulement un produit exceptionnel mais aussi une proposition de valeur in\u00e9gal\u00e9e. Reconnue mondialement pour son innovation, sa fiabilit\u00e9 et son engagement \u00e0 soutenir la communaut\u00e9 brassicole, Angel Yeast s&rsquo;assure que CY115 est disponible au meilleur prix sur le march\u00e9 pour cette vari\u00e9t\u00e9 de levure s\u00e8che sp\u00e9cifique. Cet engagement en faveur d&rsquo;un prix abordable, sans compromis sur la qualit\u00e9, permet aux brasseurs de tous niveaux d&rsquo;acc\u00e9der \u00e0 une souche de levure de premier ordre qui est \u00e0 la fois efficace et \u00e9conomique.<\/p>\n<p>En choisissant CY115 d&rsquo;Angel Yeast, les brasseurs n&rsquo;ach\u00e8tent pas seulement une souche de levure, ils investissent dans un partenariat avec un fournisseur r\u00e9put\u00e9 pour son souci de fournir des ingr\u00e9dients de brasserie de qualit\u00e9 sup\u00e9rieure. La proposition de valeur d&rsquo;Angel Yeast r\u00e9side dans sa capacit\u00e9 \u00e0 fournir des produits de haute qualit\u00e9 tels que CY115 \u00e0 des prix comp\u00e9titifs, permettant aux brasseurs de cr\u00e9er des ales anglaises, des ales p\u00e2les et des IPA exceptionnelles, fid\u00e8les au style et \u00e0 la saveur, tout en optimisant les co\u00fbts de production.<\/p>\n","protected":false},"excerpt":{"rendered":"<h2 style=\"text-align: center;\">Seulement 38.- par paquet si vous commandez 20 paquets de 500g. Le meilleur prix pour cette fameuse souche ! Arr\u00eatez de d\u00e9penser trop pour vos levures, fermentez avec Angel Yeast CY115.<\/h2>\n<p>&nbsp;<\/p>\n<p>CY115 est une souche de levure de bi\u00e8re de premi\u00e8re qualit\u00e9, m\u00e9ticuleusement s\u00e9lectionn\u00e9e pour la production d&rsquo;ales anglaises, et t\u00e9moigne de l&rsquo;engagement d&rsquo;Angel Yeast en faveur de la qualit\u00e9 et de l&rsquo;excellence dans l&rsquo;industrie brassicole. Avec son taux de floculation remarquablement \u00e9lev\u00e9 et sa clart\u00e9 exceptionnelle, CY115 est id\u00e9ale pour les brasseurs qui souhaitent obtenir les caract\u00e9ristiques distinctives des ales anglaises traditionnelles, des Pale ale et des IPA. La capacit\u00e9 de cette souche \u00e0 produire de l\u00e9gers esters de fruits sucr\u00e9s, notamment de pomme et de banane, renforce le profil aromatique de la bi\u00e8re sans \u00e9clipser le caract\u00e8re int\u00e9gral du malt, ce qui garantit une exp\u00e9rience gustative \u00e9quilibr\u00e9e et authentique.<\/p>\n<p>La souche CY115 contribue \u00e9galement \u00e0 la structure de la bi\u00e8re, offrant un corps mod\u00e9r\u00e9 et une bouche douce, caract\u00e9ristiques tr\u00e8s pris\u00e9es dans l&rsquo;\u00e9laboration des bi\u00e8res de style anglais. Ces caract\u00e9ristiques en font un atout polyvalent et pr\u00e9cieux pour les brasseurs qui cherchent \u00e0 explorer les nuances de la production de bi\u00e8re anglaise tout en s&rsquo;assurant que leurs cr\u00e9ations se distinguent par leur qualit\u00e9 et leur authenticit\u00e9.<\/p>\n<p>Angel Yeast, en tant que fournisseur de la souche CY115, apporte non seulement un produit exceptionnel mais aussi une proposition de valeur in\u00e9gal\u00e9e. Reconnue mondialement pour son innovation, sa fiabilit\u00e9 et son engagement \u00e0 soutenir la communaut\u00e9 brassicole, Angel Yeast s&rsquo;assure que CY115 est disponible au meilleur prix sur le march\u00e9 pour cette vari\u00e9t\u00e9 de levure s\u00e8che sp\u00e9cifique. Cet engagement en faveur d&rsquo;un prix abordable, sans compromis sur la qualit\u00e9, permet aux brasseurs de tous niveaux d&rsquo;acc\u00e9der \u00e0 une souche de levure de premier ordre qui est \u00e0 la fois efficace et \u00e9conomique.<\/p>\n<p>En choisissant CY115 d&rsquo;Angel Yeast, les brasseurs n&rsquo;ach\u00e8tent pas seulement une souche de levure, ils investissent dans un partenariat avec un fournisseur r\u00e9put\u00e9 pour son souci de fournir des ingr\u00e9dients de brasserie de qualit\u00e9 sup\u00e9rieure. La proposition de valeur d&rsquo;Angel Yeast r\u00e9side dans sa capacit\u00e9 \u00e0 fournir des produits de haute qualit\u00e9 tels que CY115 \u00e0 des prix comp\u00e9titifs, permettant aux brasseurs de cr\u00e9er des ales anglaises, des ales p\u00e2les et des IPA exceptionnelles, fid\u00e8les au style et \u00e0 la saveur, tout en optimisant les co\u00fbts de production.<\/p>\n","protected":false},"featured_media":2636,"template":"","meta":{"_themeisle_gutenberg_block_has_review":false},"product_brand":[],"product_cat":[478,364],"product_tag":[],"class_list":{"0":"post-2488","1":"product","2":"type-product","3":"status-publish","4":"has-post-thumbnail","6":"product_cat-ale-fr","7":"product_cat-levure","8":"product_shipping_class-planzer-fr","9":"pa_brand-angel-yeast-fr","10":"pa_capacity-20x500g-fr","11":"pa_capacity-500g-fr","13":"first","14":"instock","15":"taxable","16":"shipping-taxable","17":"purchasable","18":"product-type-variable"},"_links":{"self":[{"href":"https:\/\/goodbeer.solutions\/fr\/wp-json\/wp\/v2\/product\/2488","targetHints":{"allow":["GET"]}}],"collection":[{"href":"https:\/\/goodbeer.solutions\/fr\/wp-json\/wp\/v2\/product"}],"about":[{"href":"https:\/\/goodbeer.solutions\/fr\/wp-json\/wp\/v2\/types\/product"}],"wp:featuredmedia":[{"embeddable":true,"href":"https:\/\/goodbeer.solutions\/fr\/wp-json\/wp\/v2\/media\/2636"}],"wp:attachment":[{"href":"https:\/\/goodbeer.solutions\/fr\/wp-json\/wp\/v2\/media?parent=2488"}],"wp:term":[{"taxonomy":"product_brand","embeddable":true,"href":"https:\/\/goodbeer.solutions\/fr\/wp-json\/wp\/v2\/product_brand?post=2488"},{"taxonomy":"product_cat","embeddable":true,"href":"https:\/\/goodbeer.solutions\/fr\/wp-json\/wp\/v2\/product_cat?post=2488"},{"taxonomy":"product_tag","embeddable":true,"href":"https:\/\/goodbeer.solutions\/fr\/wp-json\/wp\/v2\/product_tag?post=2488"}],"curies":[{"name":"wp","href":"https:\/\/api.w.org\/{rel}","templated":true}]}}