{"id":2492,"date":"2024-03-25T10:32:32","date_gmt":"2024-03-25T09:32:32","guid":{"rendered":"https:\/\/goodbeer.solutions\/product\/levure-seche-angel-yeast-a01-500g\/"},"modified":"2026-03-17T11:38:48","modified_gmt":"2026-03-17T10:38:48","slug":"levure-seche-angel-yeast-a01-500g","status":"publish","type":"product","link":"https:\/\/goodbeer.solutions\/fr\/produit\/levure-seche-angel-yeast-a01-500g\/","title":{"rendered":"Levure s\u00e8che Angel Yeast A01 500g"},"content":{"rendered":"<h3 style=\"text-align: center;\">Seulement 38.- par paquet si vous commandez 20 paquets de 500g. Le meilleur prix pour cette souche de levure tr\u00e8s populaire ! Arr\u00eatez de d\u00e9penser trop pour la levure, utilisez la levure Angel yeast A01<\/h3>\n<p>A01, la c\u00e9l\u00e8bre \u00a0\u00bb souche Chicco \u00a0\u00bb de Californie, n&rsquo;est pas seulement un t\u00e9moignage de la performance sup\u00e9rieure de la levure ale am\u00e9ricaine, mais aussi un point fort de l&rsquo;engagement d&rsquo;Angel Yeast en faveur de la qualit\u00e9 et de l&rsquo;innovation dans le secteur de l&rsquo;approvisionnement en levure. Angel Yeast est un fournisseur mondialement reconnu pour son engagement \u00e0 fournir des levures de haute qualit\u00e9 qui r\u00e9pondent aux divers besoins des brasseurs du monde entier. Avec une r\u00e9putation fond\u00e9e sur la fiabilit\u00e9, la puret\u00e9 et une large gamme de produits, Angel Yeast est devenue synonyme d&rsquo;excellence dans l&rsquo;industrie brassicole.<\/p>\n<p>La souche de levure A01, fournie par Angel Yeast, offre aux brasseurs une combinaison unique de profils aromatiques nets, neutres et secs, assurant la production d&rsquo;esters peu fruit\u00e9s et la mise en valeur des caract\u00e9ristiques du malt et du houblon dans une grande vari\u00e9t\u00e9 de styles de bi\u00e8res am\u00e9ricaines. Cette adaptabilit\u00e9 et cette efficacit\u00e9 soulignent l&rsquo;expertise d&rsquo;Angel Yeast dans la culture de la levure et sa volont\u00e9 d&rsquo;accompagner les brasseurs dans leur qu\u00eate de la perfection.<\/p>\n<p>De plus, Angel Yeast est fi\u00e8re de proposer la souche A01 au meilleur prix du march\u00e9 pour cette variante de levure s\u00e8che, garantissant ainsi aux brasseurs l&rsquo;acc\u00e8s \u00e0 une levure de qualit\u00e9 sup\u00e9rieure sans compromettre leur budget. Cette proposition de valeur s&rsquo;inscrit dans la mission d&rsquo;Angel Yeast de soutenir la communaut\u00e9 brassicole, en permettant aux brasseurs commerciaux et ind\u00e9pendants d&rsquo;obtenir les profils de bi\u00e8re souhait\u00e9s tout en conservant un bon rapport co\u00fbt-efficacit\u00e9.<\/p>\n<p>Choisir A01 d&rsquo;Angel Yeast, c&rsquo;est opter pour une souche de levure qui non seulement donne des r\u00e9sultats de brassage exceptionnels, mais qui provient \u00e9galement d&rsquo;un fournisseur qui accorde de l&rsquo;importance \u00e0 la qualit\u00e9, \u00e0 l&rsquo;accessibilit\u00e9 et aux divers besoins de la communaut\u00e9 brassicole. Elle repr\u00e9sente un choix judicieux pour ceux qui cherchent \u00e0 produire des bi\u00e8res am\u00e9ricaines authentiques avec clart\u00e9, croustillance et une finition nette, tout en b\u00e9n\u00e9ficiant du meilleur rapport qualit\u00e9\/prix du march\u00e9.<\/p>\n","protected":false},"excerpt":{"rendered":"<h3 style=\"text-align: center;\">Seulement 38.- par paquet si vous commandez 20 paquets de 500g. Le meilleur prix pour cette souche de levure tr\u00e8s populaire ! Arr\u00eatez de d\u00e9penser trop pour la levure, utilisez la levure Angel yeast A01<\/h3>\n<p>A01, la c\u00e9l\u00e8bre \u00a0\u00bb souche Chicco \u00a0\u00bb de Californie, n&rsquo;est pas seulement un t\u00e9moignage de la performance sup\u00e9rieure de la levure ale am\u00e9ricaine, mais aussi un point fort de l&rsquo;engagement d&rsquo;Angel Yeast en faveur de la qualit\u00e9 et de l&rsquo;innovation dans le secteur de l&rsquo;approvisionnement en levure. Angel Yeast est un fournisseur mondialement reconnu pour son engagement \u00e0 fournir des levures de haute qualit\u00e9 qui r\u00e9pondent aux divers besoins des brasseurs du monde entier. Avec une r\u00e9putation fond\u00e9e sur la fiabilit\u00e9, la puret\u00e9 et une large gamme de produits, Angel Yeast est devenue synonyme d&rsquo;excellence dans l&rsquo;industrie brassicole.<\/p>\n<p>La souche de levure A01, fournie par Angel Yeast, offre aux brasseurs une combinaison unique de profils aromatiques nets, neutres et secs, assurant la production d&rsquo;esters peu fruit\u00e9s et la mise en valeur des caract\u00e9ristiques du malt et du houblon dans une grande vari\u00e9t\u00e9 de styles de bi\u00e8res am\u00e9ricaines. Cette adaptabilit\u00e9 et cette efficacit\u00e9 soulignent l&rsquo;expertise d&rsquo;Angel Yeast dans la culture de la levure et sa volont\u00e9 d&rsquo;accompagner les brasseurs dans leur qu\u00eate de la perfection.<\/p>\n<p>De plus, Angel Yeast est fi\u00e8re de proposer la souche A01 au meilleur prix du march\u00e9 pour cette variante de levure s\u00e8che, garantissant ainsi aux brasseurs l&rsquo;acc\u00e8s \u00e0 une levure de qualit\u00e9 sup\u00e9rieure sans compromettre leur budget. Cette proposition de valeur s&rsquo;inscrit dans la mission d&rsquo;Angel Yeast de soutenir la communaut\u00e9 brassicole, en permettant aux brasseurs commerciaux et ind\u00e9pendants d&rsquo;obtenir les profils de bi\u00e8re souhait\u00e9s tout en conservant un bon rapport co\u00fbt-efficacit\u00e9.<\/p>\n<p>Choisir A01 d&rsquo;Angel Yeast, c&rsquo;est opter pour une souche de levure qui non seulement donne des r\u00e9sultats de brassage exceptionnels, mais qui provient \u00e9galement d&rsquo;un fournisseur qui accorde de l&rsquo;importance \u00e0 la qualit\u00e9, \u00e0 l&rsquo;accessibilit\u00e9 et aux divers besoins de la communaut\u00e9 brassicole. Elle repr\u00e9sente un choix judicieux pour ceux qui cherchent \u00e0 produire des bi\u00e8res am\u00e9ricaines authentiques avec clart\u00e9, croustillance et une finition nette, tout en b\u00e9n\u00e9ficiant du meilleur rapport qualit\u00e9\/prix du march\u00e9.<\/p>\n","protected":false},"featured_media":2013,"template":"","meta":{"_themeisle_gutenberg_block_has_review":false},"product_brand":[],"product_cat":[478,364],"product_tag":[],"class_list":{"0":"post-2492","1":"product","2":"type-product","3":"status-publish","4":"has-post-thumbnail","6":"product_cat-ale-fr","7":"product_cat-levure","8":"product_shipping_class-planzer-fr","9":"pa_brand-angel-yeast-fr","10":"pa_capacity-20x500g-fr","11":"pa_capacity-500g-fr","13":"first","14":"instock","15":"taxable","16":"shipping-taxable","17":"purchasable","18":"product-type-variable"},"_links":{"self":[{"href":"https:\/\/goodbeer.solutions\/fr\/wp-json\/wp\/v2\/product\/2492","targetHints":{"allow":["GET"]}}],"collection":[{"href":"https:\/\/goodbeer.solutions\/fr\/wp-json\/wp\/v2\/product"}],"about":[{"href":"https:\/\/goodbeer.solutions\/fr\/wp-json\/wp\/v2\/types\/product"}],"wp:featuredmedia":[{"embeddable":true,"href":"https:\/\/goodbeer.solutions\/fr\/wp-json\/wp\/v2\/media\/2013"}],"wp:attachment":[{"href":"https:\/\/goodbeer.solutions\/fr\/wp-json\/wp\/v2\/media?parent=2492"}],"wp:term":[{"taxonomy":"product_brand","embeddable":true,"href":"https:\/\/goodbeer.solutions\/fr\/wp-json\/wp\/v2\/product_brand?post=2492"},{"taxonomy":"product_cat","embeddable":true,"href":"https:\/\/goodbeer.solutions\/fr\/wp-json\/wp\/v2\/product_cat?post=2492"},{"taxonomy":"product_tag","embeddable":true,"href":"https:\/\/goodbeer.solutions\/fr\/wp-json\/wp\/v2\/product_tag?post=2492"}],"curies":[{"name":"wp","href":"https:\/\/api.w.org\/{rel}","templated":true}]}}