{"id":2500,"date":"2024-01-18T15:47:32","date_gmt":"2024-01-18T14:47:32","guid":{"rendered":"https:\/\/goodbeer.solutions\/product\/lallemand-belle-saison-saison-500g-de-levure-seche\/"},"modified":"2024-09-17T13:43:08","modified_gmt":"2024-09-17T12:43:08","slug":"lallemand-belle-saison-500g","status":"publish","type":"product","link":"https:\/\/goodbeer.solutions\/fr\/produit\/lallemand-belle-saison-500g\/","title":{"rendered":"Levure Lallemand Lalbrew Belle Saison 500g pack"},"content":{"rendered":"<table dir=\"ltr\" border=\"1\" cellspacing=\"0\" cellpadding=\"0\" data-sheets-root=\"1\">\n<colgroup>\n<col width=\"153\" \/>\n<col width=\"391\" \/><\/colgroup>\n<tbody>\n<tr>\n<td data-sheets-value=\"{\">Souche<\/td>\n<td data-sheets-value=\"{\">Saccharomyces cerevisaie var. diastatique<\/td>\n<\/tr>\n<tr>\n<td data-sheets-value=\"{\">Styles de bi\u00e8res<\/td>\n<td data-sheets-value=\"{\">Saison, Gose, Farmhouse, Berliner Weiss<\/td>\n<\/tr>\n<tr>\n<td data-sheets-value=\"{\">Att\u00e9nuation<\/td>\n<td data-sheets-value=\"{\">86-94<\/td>\n<\/tr>\n<tr>\n<td data-sheets-value=\"{\">Plage de temp\u00e9rature<\/td>\n<td data-sheets-value=\"{\">20 &#8211; 35\u00b0C (68 &#8211; 95\u00b0F)<\/td>\n<\/tr>\n<tr>\n<td data-sheets-value=\"{\">Floculation<\/td>\n<td data-sheets-value=\"{\">Faible<\/td>\n<\/tr>\n<tr>\n<td data-sheets-value=\"{\">Ar\u00f4me<\/td>\n<td data-sheets-value=\"{\">Agrumes, poivre<\/td>\n<\/tr>\n<tr>\n<td data-sheets-value=\"{\">Tol\u00e9rance \u00e0 l&rsquo;alcool<\/td>\n<td data-sheets-value=\"{\">15% ABV<\/td>\n<\/tr>\n<tr>\n<td data-sheets-value=\"{\">Taux d&rsquo;ensemencement<\/td>\n<td data-sheets-value=\"{\">50 &#8211; 100g\/hL<\/td>\n<\/tr>\n<\/tbody>\n<\/table>\n","protected":false},"excerpt":{"rendered":"<p><span style=\"font-weight: 400;\">LalBrew Belle Saison\u2122<\/span><\/p>\n<p><span style=\"font-weight: 400;\">LalBrew Belle Saison\u2122 est une levure de bi\u00e8re de style belge m\u00e9ticuleusement s\u00e9lectionn\u00e9e pour ses prouesses exceptionnelles dans la production de bi\u00e8res de style Saison. Cette souche diastatique est sp\u00e9cialement con\u00e7ue pour obtenir la forte att\u00e9nuation caract\u00e9ristique de ce style classique. Con\u00e7ue pour prosp\u00e9rer dans des fermentations \u00e0 temp\u00e9rature chaude rappelant les pratiques \u00ab\u00a0Farmhouse\u00a0\u00bb traditionnelles, LalBrew Belle Saison\u2122 produit des bi\u00e8res caract\u00e9ris\u00e9es par leur fruit\u00e9, leur piquant et leur rafra\u00eechissement. De plus, gr\u00e2ce \u00e0 l&rsquo;expression d&rsquo;une enzyme \u03b2-glucosidase, LalBrew Belle Saison\u2122 renforce la saveur et l&rsquo;ar\u00f4me du houblon, ce qui en fait un superbe choix pour \u00e9laborer des bi\u00e8res houblonn\u00e9es de style saison.<\/span><\/p>\n","protected":false},"featured_media":1557,"template":"","meta":{"_themeisle_gutenberg_block_has_review":false},"product_brand":[],"product_cat":[478,364],"product_tag":[],"class_list":{"0":"post-2500","1":"product","2":"type-product","3":"status-publish","4":"has-post-thumbnail","6":"product_cat-ale-fr","7":"product_cat-levure","8":"product_shipping_class-planzer-fr","9":"pa_brand-lallemand-lalbrew","11":"first","12":"instock","13":"taxable","14":"shipping-taxable","15":"purchasable","16":"product-type-simple"},"_links":{"self":[{"href":"https:\/\/goodbeer.solutions\/fr\/wp-json\/wp\/v2\/product\/2500","targetHints":{"allow":["GET"]}}],"collection":[{"href":"https:\/\/goodbeer.solutions\/fr\/wp-json\/wp\/v2\/product"}],"about":[{"href":"https:\/\/goodbeer.solutions\/fr\/wp-json\/wp\/v2\/types\/product"}],"wp:featuredmedia":[{"embeddable":true,"href":"https:\/\/goodbeer.solutions\/fr\/wp-json\/wp\/v2\/media\/1557"}],"wp:attachment":[{"href":"https:\/\/goodbeer.solutions\/fr\/wp-json\/wp\/v2\/media?parent=2500"}],"wp:term":[{"taxonomy":"product_brand","embeddable":true,"href":"https:\/\/goodbeer.solutions\/fr\/wp-json\/wp\/v2\/product_brand?post=2500"},{"taxonomy":"product_cat","embeddable":true,"href":"https:\/\/goodbeer.solutions\/fr\/wp-json\/wp\/v2\/product_cat?post=2500"},{"taxonomy":"product_tag","embeddable":true,"href":"https:\/\/goodbeer.solutions\/fr\/wp-json\/wp\/v2\/product_tag?post=2500"}],"curies":[{"name":"wp","href":"https:\/\/api.w.org\/{rel}","templated":true}]}}