{"id":2502,"date":"2024-01-18T15:22:31","date_gmt":"2024-01-18T14:22:31","guid":{"rendered":"https:\/\/goodbeer.solutions\/product\/levure-seche-lallemand-abbaye-belgian-style-500\/"},"modified":"2025-11-26T11:01:30","modified_gmt":"2025-11-26T10:01:30","slug":"lallemand-abbaye-belge-levure-500g","status":"publish","type":"product","link":"https:\/\/goodbeer.solutions\/fr\/produit\/lallemand-abbaye-belge-levure-500g\/","title":{"rendered":"Levure Lallemand Lalbrew Abbaye Belgian-Style 500g"},"content":{"rendered":"<table dir=\"ltr\" border=\"1\" cellspacing=\"0\" cellpadding=\"0\" data-sheets-root=\"1\">\n<colgroup>\n<col width=\"153\" \/>\n<col width=\"391\" \/><\/colgroup>\n<tbody>\n<tr>\n<td data-sheets-value=\"{\">Souche<\/td>\n<td data-sheets-value=\"{\">Saccharomyces cerevisiae<\/td>\n<\/tr>\n<tr>\n<td data-sheets-value=\"{\">Styles de bi\u00e8res<\/td>\n<td data-sheets-value=\"{\">\n<div>\n<div>Belgian Blonde Ale, Belgian Dark Strong Ale, Belgian Dubbel, Belgian Golden Strong Ale, Belgian Pale Ale, Belgian Quad, Belgian Tripel, Biere de Garde, Witbier<\/div>\n<\/div>\n<\/td>\n<\/tr>\n<tr>\n<td data-sheets-value=\"{\">Att\u00e9nuation<\/td>\n<td data-sheets-value=\"{\">77-83<\/td>\n<\/tr>\n<tr>\n<td data-sheets-value=\"{\">Plage de temp\u00e9rature<\/td>\n<td data-sheets-value=\"{\">17 &#8211; 25\u00b0C (63 &#8211; 77\u00b0F)<\/td>\n<\/tr>\n<tr>\n<td data-sheets-value=\"{\">Floculation<\/td>\n<td data-sheets-value=\"{\">Moyenne-\u00e9lev\u00e9e<\/td>\n<\/tr>\n<tr>\n<td data-sheets-value=\"{\">Ar\u00f4me<\/td>\n<td data-sheets-value=\"{\">\u00c9pic\u00e9, fruit\u00e9, tropical, banane<\/td>\n<\/tr>\n<tr>\n<td data-sheets-value=\"{\">Tol\u00e9rance \u00e0 l&rsquo;alcool<\/td>\n<td data-sheets-value=\"{\">14% ABV<\/td>\n<\/tr>\n<tr>\n<td data-sheets-value=\"{\">Taux d&rsquo;ensemencement<\/td>\n<td data-sheets-value=\"{\">50 &#8211; 100g\/hL<\/td>\n<\/tr>\n<\/tbody>\n<\/table>\n","protected":false},"excerpt":{"rendered":"<p><span style=\"font-weight: 400;\">LalBrew Abbaye\u2122<\/span><\/p>\n<p><span style=\"font-weight: 400;\">LalBrew Abbaye\u2122 repr\u00e9sente une levure ale originaire du c\u0153ur de la Belgique. Choisi avec soin pour ses capacit\u00e9s fermentaires exceptionnelles couvrant le spectre de la teneur en alcool faible \u00e0 \u00e9lev\u00e9e, LalBrew Abbaye\u2122 conf\u00e8re le caract\u00e8re \u00e9pic\u00e9 et fruit\u00e9 caract\u00e9ristique des ales belges et de style trappiste. Soumis \u00e0 des temp\u00e9ratures de fermentation plus \u00e9lev\u00e9es, il lib\u00e8re des notes tropicales, \u00e9pic\u00e9es et de banane. \u00c0 des temp\u00e9ratures plus basses, LalBrew Abbaye\u2122 d\u00e9voile un profil fruit\u00e9 plus sombre, avec des notes de raisin sec, de datte et de figue. Cette souche de levure polyvalente convient parfaitement \u00e0 la fabrication d&rsquo;un large \u00e9ventail de styles de bi\u00e8res traditionnelles, y compris, mais sans s&rsquo;y limiter, la bi\u00e8re blanche belge, la bi\u00e8re blonde belge, la bi\u00e8re dor\u00e9e belge, la Dubbel, la Tripel et la Quad.<\/span><\/p>\n<p>&nbsp;<\/p>\n<p>&nbsp;<\/p>\n<p>&nbsp;<\/p>\n","protected":false},"featured_media":1611,"template":"","meta":{"_themeisle_gutenberg_block_has_review":false},"product_brand":[],"product_cat":[478,364],"product_tag":[],"class_list":{"0":"post-2502","1":"product","2":"type-product","3":"status-publish","4":"has-post-thumbnail","6":"product_cat-ale-fr","7":"product_cat-levure","8":"product_shipping_class-planzer-fr","9":"pa_brand-lallemand-lalbrew","11":"first","12":"onbackorder","13":"taxable","14":"shipping-taxable","15":"purchasable","16":"product-type-simple"},"_links":{"self":[{"href":"https:\/\/goodbeer.solutions\/fr\/wp-json\/wp\/v2\/product\/2502","targetHints":{"allow":["GET"]}}],"collection":[{"href":"https:\/\/goodbeer.solutions\/fr\/wp-json\/wp\/v2\/product"}],"about":[{"href":"https:\/\/goodbeer.solutions\/fr\/wp-json\/wp\/v2\/types\/product"}],"wp:featuredmedia":[{"embeddable":true,"href":"https:\/\/goodbeer.solutions\/fr\/wp-json\/wp\/v2\/media\/1611"}],"wp:attachment":[{"href":"https:\/\/goodbeer.solutions\/fr\/wp-json\/wp\/v2\/media?parent=2502"}],"wp:term":[{"taxonomy":"product_brand","embeddable":true,"href":"https:\/\/goodbeer.solutions\/fr\/wp-json\/wp\/v2\/product_brand?post=2502"},{"taxonomy":"product_cat","embeddable":true,"href":"https:\/\/goodbeer.solutions\/fr\/wp-json\/wp\/v2\/product_cat?post=2502"},{"taxonomy":"product_tag","embeddable":true,"href":"https:\/\/goodbeer.solutions\/fr\/wp-json\/wp\/v2\/product_tag?post=2502"}],"curies":[{"name":"wp","href":"https:\/\/api.w.org\/{rel}","templated":true}]}}