{"id":2507,"date":"2023-12-08T15:48:48","date_gmt":"2023-12-08T14:48:48","guid":{"rendered":"https:\/\/goodbeer.solutions\/product\/munich-15-md\/"},"modified":"2024-09-17T13:47:28","modified_gmt":"2024-09-17T12:47:28","slug":"munich-15-dingemans","status":"publish","type":"product","link":"https:\/\/goodbeer.solutions\/fr\/produit\/munich-15-dingemans\/","title":{"rendered":"Malt MUNICH 15 &#8211; Dingemans malt"},"content":{"rendered":"<table dir=\"ltr\" style=\"height: 183px;\" border=\"1\" width=\"275\" cellspacing=\"0\" cellpadding=\"0\" data-sheets-root=\"1\">\n<colgroup>\n<col width=\"100\" \/>\n<col width=\"100\" \/><\/colgroup>\n<tbody>\n<tr>\n<td data-sheets-value=\"{\">COULEUR EBC :<\/td>\n<td data-sheets-value=\"{\">15<\/td>\n<\/tr>\n<tr>\n<td data-sheets-value=\"{\">LOVIBOND :<\/td>\n<td data-sheets-value=\"{\">6<\/td>\n<\/tr>\n<tr>\n<td data-sheets-value=\"{\">SAVEUR :<\/td>\n<td data-sheets-value=\"{\">Tr\u00e8s malt\u00e9<\/td>\n<\/tr>\n<tr>\n<td data-sheets-value=\"{\">UTILISATION :<\/td>\n<td data-sheets-value=\"{\">Tous les types de bi\u00e8re<\/td>\n<\/tr>\n<tr>\n<td data-sheets-value=\"{\">Malt Bill :<\/td>\n<td data-sheets-value=\"{\">Jusqu&rsquo;\u00e0 100<\/td>\n<\/tr>\n<\/tbody>\n<\/table>\n","protected":false},"excerpt":{"rendered":"<div class=\"field field-name-field-colour-ebc field-type-number-integer field-label-inline clearfix\">\n<div class=\"field-label\">\n<p>Notre Munich 15 MD a un malt et un ar\u00f4me prononc\u00e9s. Ce malt de Munich renforce \u00e9galement le caract\u00e8re et la richesse de la bi\u00e8re et lui conf\u00e8re une agr\u00e9able couleur ambr\u00e9e\/orange.<\/p>\n<p>Pendant le touraillage, nous atteignons des temp\u00e9ratures plus \u00e9lev\u00e9es que pour notre malt Pilsen MD, ce qui se traduit par une activit\u00e9 enzymatique nettement plus faible.<\/p>\n<p>C&rsquo;est pourquoi ce <a href=\"http:\/\/dingemansmout.nexperteamhosting.be\/kilned-malts\">malt touraill\u00e9<\/a> peut repr\u00e9senter jusqu&rsquo;\u00e0 80 % de la composition des grains dans tous les types de bi\u00e8re.<\/p>\n<\/div>\n<\/div>\n","protected":false},"featured_media":1451,"template":"","meta":{"_themeisle_gutenberg_block_has_review":false},"product_brand":[],"product_cat":[366,370],"product_tag":[],"class_list":{"0":"post-2507","1":"product","2":"type-product","3":"status-publish","4":"has-post-thumbnail","6":"product_cat-malt-cereale","7":"product_cat-malt-de-base","8":"pa_brand-dingemans","9":"pa_capacity-1t-big-bag-fr","10":"pa_capacity-40-x-sacs-de-25-kg","12":"first","13":"onbackorder","14":"taxable","15":"shipping-taxable","16":"purchasable","17":"product-type-variable","18":"has-default-attributes"},"_links":{"self":[{"href":"https:\/\/goodbeer.solutions\/fr\/wp-json\/wp\/v2\/product\/2507","targetHints":{"allow":["GET"]}}],"collection":[{"href":"https:\/\/goodbeer.solutions\/fr\/wp-json\/wp\/v2\/product"}],"about":[{"href":"https:\/\/goodbeer.solutions\/fr\/wp-json\/wp\/v2\/types\/product"}],"wp:featuredmedia":[{"embeddable":true,"href":"https:\/\/goodbeer.solutions\/fr\/wp-json\/wp\/v2\/media\/1451"}],"wp:attachment":[{"href":"https:\/\/goodbeer.solutions\/fr\/wp-json\/wp\/v2\/media?parent=2507"}],"wp:term":[{"taxonomy":"product_brand","embeddable":true,"href":"https:\/\/goodbeer.solutions\/fr\/wp-json\/wp\/v2\/product_brand?post=2507"},{"taxonomy":"product_cat","embeddable":true,"href":"https:\/\/goodbeer.solutions\/fr\/wp-json\/wp\/v2\/product_cat?post=2507"},{"taxonomy":"product_tag","embeddable":true,"href":"https:\/\/goodbeer.solutions\/fr\/wp-json\/wp\/v2\/product_tag?post=2507"}],"curies":[{"name":"wp","href":"https:\/\/api.w.org\/{rel}","templated":true}]}}