{"id":2515,"date":"2023-12-08T15:34:29","date_gmt":"2023-12-08T14:34:29","guid":{"rendered":"https:\/\/goodbeer.solutions\/product\/pale-ale-9-md\/"},"modified":"2025-08-25T10:34:00","modified_gmt":"2025-08-25T09:34:00","slug":"pale-ale-9-dingemans-base-malt","status":"publish","type":"product","link":"https:\/\/goodbeer.solutions\/fr\/produit\/pale-ale-9-dingemans-base-malt\/","title":{"rendered":"Malt PALE ALE &#8211; Malt de base &#8211; Malts Dingemans"},"content":{"rendered":"<table dir=\"ltr\" style=\"height: 183px;\" border=\"1\" width=\"275\" cellspacing=\"0\" cellpadding=\"0\" data-sheets-root=\"1\">\n<colgroup>\n<col width=\"100\" \/>\n<col width=\"100\" \/><\/colgroup>\n<tbody>\n<tr>\n<td data-sheets-value=\"{\">COULEUR EBC :<\/td>\n<td data-sheets-value=\"{\">9<\/td>\n<\/tr>\n<tr>\n<td data-sheets-value=\"{\">LOVIBOND :<\/td>\n<td data-sheets-value=\"{\">3,8<\/td>\n<\/tr>\n<tr>\n<td data-sheets-value=\"{\">SAVEUR :<\/td>\n<td data-sheets-value=\"{\">Maltais<\/td>\n<\/tr>\n<tr>\n<td data-sheets-value=\"{\">UTILISATION :<\/td>\n<td data-sheets-value=\"{\">Tous les types de bi\u00e8re<\/td>\n<\/tr>\n<tr>\n<td data-sheets-value=\"{\">Malt Bill :<\/td>\n<td data-sheets-value=\"{\">Jusqu&rsquo;\u00e0 100 %<\/td>\n<\/tr>\n<\/tbody>\n<\/table>\n","protected":false},"excerpt":{"rendered":"<p>Notre malt Pale Ale 9 MD est fabriqu\u00e9 \u00e0 partir de la meilleure orge d&rsquo;\u00e9t\u00e9 europ\u00e9enne \u00e0 deux rangs. Il est enti\u00e8rement modifi\u00e9 et subit un touraillage plus long et plus intense que notre malt Pilsen MD. Il conf\u00e8re au produit final une couleur dor\u00e9e, un caract\u00e8re malt\u00e9 complexe et un corps exquis. C&rsquo;est la base malt id\u00e9al pour produire tous style de bi\u00e8res.<\/p>\n<p>Gr\u00e2ce \u00e0 des conditions optimales de trempage et de germination, une modification homog\u00e8ne est assur\u00e9e. C&rsquo;est pourquoi notre malt Pale Ale 9 MD peut \u00eatre utilis\u00e9 dans des mo\u00fbts \u00e0 une ou plusieurs \u00e9tapes. Les faibles teneurs en prot\u00e9ines et en glucane facilitent \u00e9galement la clarification et l&rsquo;efficacit\u00e9 de l&rsquo;extraction.<\/p>\n<p>En raison de sa forte activit\u00e9 enzymatique, ce <a href=\"http:\/\/dingemansmout.nexperteamhosting.be\/kilned-malts\">malt touraill\u00e9<\/a> peut \u00eatre utilis\u00e9 jusqu&rsquo;\u00e0 100 % de la masse c\u00e9r\u00e9ali\u00e8re dans tous les types de bi\u00e8re.<\/p>\n","protected":false},"featured_media":1469,"template":"","meta":{"_themeisle_gutenberg_block_has_review":false},"product_brand":[],"product_cat":[366,370],"product_tag":[],"class_list":{"0":"post-2515","1":"product","2":"type-product","3":"status-publish","4":"has-post-thumbnail","6":"product_cat-malt-cereale","7":"product_cat-malt-de-base","8":"pa_brand-dingemans","9":"pa_capacity-1t-big-bag-fr","10":"pa_capacity-40-x-sacs-de-25-kg","12":"first","13":"instock","14":"taxable","15":"shipping-taxable","16":"purchasable","17":"product-type-variable","18":"has-default-attributes"},"_links":{"self":[{"href":"https:\/\/goodbeer.solutions\/fr\/wp-json\/wp\/v2\/product\/2515","targetHints":{"allow":["GET"]}}],"collection":[{"href":"https:\/\/goodbeer.solutions\/fr\/wp-json\/wp\/v2\/product"}],"about":[{"href":"https:\/\/goodbeer.solutions\/fr\/wp-json\/wp\/v2\/types\/product"}],"wp:featuredmedia":[{"embeddable":true,"href":"https:\/\/goodbeer.solutions\/fr\/wp-json\/wp\/v2\/media\/1469"}],"wp:attachment":[{"href":"https:\/\/goodbeer.solutions\/fr\/wp-json\/wp\/v2\/media?parent=2515"}],"wp:term":[{"taxonomy":"product_brand","embeddable":true,"href":"https:\/\/goodbeer.solutions\/fr\/wp-json\/wp\/v2\/product_brand?post=2515"},{"taxonomy":"product_cat","embeddable":true,"href":"https:\/\/goodbeer.solutions\/fr\/wp-json\/wp\/v2\/product_cat?post=2515"},{"taxonomy":"product_tag","embeddable":true,"href":"https:\/\/goodbeer.solutions\/fr\/wp-json\/wp\/v2\/product_tag?post=2515"}],"curies":[{"name":"wp","href":"https:\/\/api.w.org\/{rel}","templated":true}]}}