{"id":2521,"date":"2023-11-27T08:31:15","date_gmt":"2023-11-27T07:31:15","guid":{"rendered":"https:\/\/goodbeer.solutions\/product\/pilsen-md\/"},"modified":"2025-07-01T16:41:16","modified_gmt":"2025-07-01T15:41:16","slug":"malt-pilsen-malt-de-base-dingemans","status":"publish","type":"product","link":"https:\/\/goodbeer.solutions\/fr\/produit\/malt-pilsen-malt-de-base-dingemans\/","title":{"rendered":"Malt Pilsen &#8211; Malt de base type plisner- Malts Dingemans"},"content":{"rendered":"<table dir=\"ltr\" style=\"height: 173px;\" border=\"1\" width=\"310\" cellspacing=\"0\" cellpadding=\"0\" data-sheets-root=\"1\">\n<colgroup>\n<col width=\"100\" \/>\n<col width=\"100\" \/><\/colgroup>\n<tbody>\n<tr>\n<td data-sheets-value=\"{\">COULEUR EBC :<\/td>\n<td data-sheets-value=\"{\">3<\/td>\n<\/tr>\n<tr>\n<td data-sheets-value=\"{\">LOVIBOND :<\/td>\n<td data-sheets-value=\"{\">1,6<\/td>\n<\/tr>\n<tr>\n<td data-sheets-value=\"{\">SAVEUR :<\/td>\n<td data-sheets-value=\"{\">L\u00e9g\u00e8rement malt\u00e9<\/td>\n<\/tr>\n<tr>\n<td data-sheets-value=\"{\">UTILISATION :<\/td>\n<td data-sheets-value=\"{\">Tous les types de bi\u00e8re<\/td>\n<\/tr>\n<tr>\n<td data-sheets-value=\"{\">Malt Bill :<\/td>\n<td data-sheets-value=\"{\">Jusqu&rsquo;\u00e0 100%<\/td>\n<\/tr>\n<\/tbody>\n<\/table>\n","protected":false},"excerpt":{"rendered":"<div class=\"field field-name-field-colour-ebc field-type-number-integer field-label-inline clearfix\">\n<div class=\"field-label\">\n<p>Notre malt Pilsen MD est de couleur claire et a une faible teneur en prot\u00e9ines. Il est fabriqu\u00e9 \u00e0 partir des meilleures orges d&rsquo;\u00e9t\u00e9 europ\u00e9ennes \u00e0 deux rangs. Gr\u00e2ce \u00e0 des conditions optimales de trempage et de germination, une modification homog\u00e8ne est assur\u00e9e. C&rsquo;est la malt de base id\u00e9al.<\/p>\n<p>C&rsquo;est pourquoi notre malt Pilsen MD est id\u00e9al pour les programmes d&#8217;emp\u00e2tage en une \u00e9tape.<\/p>\n<p>&nbsp;<\/p>\n<p>Ce <a href=\"http:\/\/dingemansmout.nexperteamhosting.be\/kilned-malts\">malt touraill\u00e9<\/a> peut repr\u00e9senter jusqu&rsquo;\u00e0 100 % de la composition des grains dans tous les types de bi\u00e8re.<\/p>\n<p>&nbsp;<\/p>\n<\/div>\n<\/div>\n","protected":false},"featured_media":1397,"template":"","meta":{"_themeisle_gutenberg_block_has_review":false},"product_brand":[],"product_cat":[366,370],"product_tag":[],"class_list":{"0":"post-2521","1":"product","2":"type-product","3":"status-publish","4":"has-post-thumbnail","6":"product_cat-malt-cereale","7":"product_cat-malt-de-base","8":"pa_brand-dingemans","9":"pa_capacity-1t-big-bag-fr","10":"pa_capacity-40-x-sacs-de-25-kg","12":"first","13":"instock","14":"taxable","15":"shipping-taxable","16":"purchasable","17":"product-type-variable"},"_links":{"self":[{"href":"https:\/\/goodbeer.solutions\/fr\/wp-json\/wp\/v2\/product\/2521","targetHints":{"allow":["GET"]}}],"collection":[{"href":"https:\/\/goodbeer.solutions\/fr\/wp-json\/wp\/v2\/product"}],"about":[{"href":"https:\/\/goodbeer.solutions\/fr\/wp-json\/wp\/v2\/types\/product"}],"wp:featuredmedia":[{"embeddable":true,"href":"https:\/\/goodbeer.solutions\/fr\/wp-json\/wp\/v2\/media\/1397"}],"wp:attachment":[{"href":"https:\/\/goodbeer.solutions\/fr\/wp-json\/wp\/v2\/media?parent=2521"}],"wp:term":[{"taxonomy":"product_brand","embeddable":true,"href":"https:\/\/goodbeer.solutions\/fr\/wp-json\/wp\/v2\/product_brand?post=2521"},{"taxonomy":"product_cat","embeddable":true,"href":"https:\/\/goodbeer.solutions\/fr\/wp-json\/wp\/v2\/product_cat?post=2521"},{"taxonomy":"product_tag","embeddable":true,"href":"https:\/\/goodbeer.solutions\/fr\/wp-json\/wp\/v2\/product_tag?post=2521"}],"curies":[{"name":"wp","href":"https:\/\/api.w.org\/{rel}","templated":true}]}}