{"id":2530,"date":"2024-01-25T14:35:36","date_gmt":"2024-01-25T13:35:36","guid":{"rendered":"https:\/\/goodbeer.solutions\/product\/biscuit-50-malt-un-malt-torrefie-leger-de-dingemans-malts\/"},"modified":"2024-09-17T12:00:50","modified_gmt":"2024-09-17T11:00:50","slug":"biscuit-50-malt-torrefie-dingemans","status":"publish","type":"product","link":"https:\/\/goodbeer.solutions\/fr\/produit\/biscuit-50-malt-torrefie-dingemans\/","title":{"rendered":"BISCUIT 50 &#8211; Malt torr\u00e9fi\u00e9 l\u00e9ger de Dingemans"},"content":{"rendered":"<table dir=\"ltr\" style=\"height: 183px;\" border=\"1\" width=\"275\" cellspacing=\"0\" cellpadding=\"0\" data-sheets-root=\"1\">\n<colgroup>\n<col width=\"100\" \/>\n<col width=\"100\" \/><\/colgroup>\n<tbody>\n<tr>\n<td data-sheets-value=\"{\">COULEUR EBC :<\/td>\n<td data-sheets-value=\"{\">50<\/td>\n<\/tr>\n<tr>\n<td data-sheets-value=\"{\">LOVIBOND :<\/td>\n<td data-sheets-value=\"{\">20<\/td>\n<\/tr>\n<tr>\n<td data-sheets-value=\"{\">SAVEUR :<\/td>\n<td data-sheets-value=\"{\">\n<div class=\"field field-name-field-flavour field-type-text field-label-inline clearfix\">\n<div class=\"field-items\">\n<div class=\"field-item even\">Pain chaud et biscuits<\/div>\n<\/div>\n<\/div>\n<\/td>\n<\/tr>\n<tr>\n<td data-sheets-value=\"{\">UTILISATION :<\/td>\n<td data-sheets-value=\"{\">\n<div class=\"field-item even\">\n<div class=\"field-item even\">\n<div class=\"field-item even\">\n<div class=\"field-item even\">\n<div class=\"field-item even\">\n<div class=\"field-item even\">\n<div class=\"field-item even\">\n<div class=\"field-item even\">Bi\u00e8res d&rsquo;abbaye<\/div>\n<div class=\"field-item odd\">Stout<\/div>\n<div class=\"field-item even\">Speciale Belge<\/div>\n<div class=\"field-item odd\">Porter<\/div>\n<div class=\"field-item even\">Barleywine<\/div>\n<div class=\"field-item odd\">Flemish Old Brown<\/div>\n<div class=\"field-item even\">Dark Ale<\/div>\n<div class=\"field-item odd\">Quadrupel belge<\/div>\n<div class=\"field-item even\">Belgian Brown<\/div>\n<\/div>\n<\/div>\n<\/div>\n<\/div>\n<\/div>\n<\/div>\n<\/div>\n<\/td>\n<\/tr>\n<tr>\n<td data-sheets-value=\"{\">Malt Bill :<\/td>\n<td data-sheets-value=\"{\">Jusqu&rsquo;\u00e0 15 % de r\u00e9duction<\/td>\n<\/tr>\n<\/tbody>\n<\/table>\n","protected":false},"excerpt":{"rendered":"<div class=\"field field-name-field-colour-ebc field-type-number-integer field-label-inline clearfix\">\n<div class=\"field-label\">\n<p>Biscuit\u00ae 50 MD est le plus l\u00e9ger de notre s\u00e9lection de malts torr\u00e9fi\u00e9s, cr\u00e9\u00e9s dans un tambour de torr\u00e9faction. Ce malt acquiert ses saveurs et ses ar\u00f4mes uniques, qui rappellent le pain et les biscuits fra\u00eechement cuits, ainsi que sa couleur brune caract\u00e9ristique, gr\u00e2ce \u00e0 une torr\u00e9faction imm\u00e9diate lors de la production.<\/p>\n<p>Ce malt torr\u00e9fi\u00e9 particulier peut \u00eatre utilis\u00e9 dans des quantit\u00e9s allant jusqu&rsquo;\u00e0 30 % de la masse de c\u00e9r\u00e9ales.<\/p>\n<p>Ce malt caram\u00e9lis\u00e9 particulier peut repr\u00e9senter jusqu&rsquo;\u00e0 15 % de la composition des grains en brasserie.<\/p>\n<\/div>\n<\/div>\n","protected":false},"featured_media":1417,"template":"","meta":{"_themeisle_gutenberg_block_has_review":false},"product_brand":[],"product_cat":[366,314,315],"product_tag":[],"class_list":{"0":"post-2530","1":"product","2":"type-product","3":"status-publish","4":"has-post-thumbnail","6":"product_cat-malt-cereale","7":"product_cat-malt-speciaux","8":"product_cat-roti","9":"pa_brand-dingemans","10":"pa_capacity-1t-big-bag-fr","11":"pa_capacity-40-x-sacs-de-25-kg","13":"first","14":"onbackorder","15":"taxable","16":"shipping-taxable","17":"purchasable","18":"product-type-variable"},"_links":{"self":[{"href":"https:\/\/goodbeer.solutions\/fr\/wp-json\/wp\/v2\/product\/2530","targetHints":{"allow":["GET"]}}],"collection":[{"href":"https:\/\/goodbeer.solutions\/fr\/wp-json\/wp\/v2\/product"}],"about":[{"href":"https:\/\/goodbeer.solutions\/fr\/wp-json\/wp\/v2\/types\/product"}],"wp:featuredmedia":[{"embeddable":true,"href":"https:\/\/goodbeer.solutions\/fr\/wp-json\/wp\/v2\/media\/1417"}],"wp:attachment":[{"href":"https:\/\/goodbeer.solutions\/fr\/wp-json\/wp\/v2\/media?parent=2530"}],"wp:term":[{"taxonomy":"product_brand","embeddable":true,"href":"https:\/\/goodbeer.solutions\/fr\/wp-json\/wp\/v2\/product_brand?post=2530"},{"taxonomy":"product_cat","embeddable":true,"href":"https:\/\/goodbeer.solutions\/fr\/wp-json\/wp\/v2\/product_cat?post=2530"},{"taxonomy":"product_tag","embeddable":true,"href":"https:\/\/goodbeer.solutions\/fr\/wp-json\/wp\/v2\/product_tag?post=2530"}],"curies":[{"name":"wp","href":"https:\/\/api.w.org\/{rel}","templated":true}]}}