{"id":2537,"date":"2024-01-25T12:12:53","date_gmt":"2024-01-25T11:12:53","guid":{"rendered":"https:\/\/goodbeer.solutions\/product\/malt-caramel-cara-120-de-dingemans-malts\/"},"modified":"2024-09-17T12:00:55","modified_gmt":"2024-09-17T11:00:55","slug":"malt-caramel-cara-120-de-dingemans-malts","status":"publish","type":"product","link":"https:\/\/goodbeer.solutions\/fr\/produit\/malt-caramel-cara-120-de-dingemans-malts\/","title":{"rendered":"Malt CARA 120 caramel &#8211; Malts Dingemans"},"content":{"rendered":"<table dir=\"ltr\" style=\"height: 183px;\" border=\"1\" width=\"275\" cellspacing=\"0\" cellpadding=\"0\" data-sheets-root=\"1\">\n<colgroup>\n<col width=\"100\" \/>\n<col width=\"100\" \/><\/colgroup>\n<tbody>\n<tr>\n<td data-sheets-value=\"{\">COULEUR EBC :<\/td>\n<td data-sheets-value=\"{\">120<\/td>\n<\/tr>\n<tr>\n<td data-sheets-value=\"{\">LOVIBOND :<\/td>\n<td data-sheets-value=\"{\">47<\/td>\n<\/tr>\n<tr>\n<td data-sheets-value=\"{\">SAVEUR :<\/td>\n<td data-sheets-value=\"{\">\n<div class=\"field field-name-field-flavour field-type-text field-label-inline clearfix\">\n<div class=\"field-items\">\n<div class=\"field-item even\">Go\u00fbt prononc\u00e9 de caramel sucr\u00e9<\/div>\n<\/div>\n<\/div>\n<\/td>\n<\/tr>\n<tr>\n<td data-sheets-value=\"{\">UTILISATION :<\/td>\n<td data-sheets-value=\"{\">\n<div class=\"field-item even\">\n<div class=\"field-item even\">\n<div class=\"field-item even\">\n<div class=\"field-item even\">\n<div class=\"field-item even\">Bi\u00e8res d&rsquo;abbaye<\/div>\n<div class=\"field-item odd\">Stout<\/div>\n<div class=\"field-item even\">Porter<\/div>\n<div class=\"field-item odd\">Barleywine<\/div>\n<div class=\"field-item even\">Flemish Old Brown<\/div>\n<div class=\"field-item odd\">Dark Ale<\/div>\n<div class=\"field-item even\">Quadrupel belge<\/div>\n<\/div>\n<\/div>\n<\/div>\n<\/div>\n<\/td>\n<\/tr>\n<tr>\n<td data-sheets-value=\"{\">Malt Bill :<\/td>\n<td data-sheets-value=\"{\">Jusqu&rsquo;\u00e0 25<\/td>\n<\/tr>\n<\/tbody>\n<\/table>\n","protected":false},"excerpt":{"rendered":"<div class=\"field field-name-field-colour-ebc field-type-number-integer field-label-inline clearfix\">\n<div class=\"field-label\">\n<p>Notre Cara 120 MD est un malt caramel riche et fonc\u00e9, d\u00e9velopp\u00e9 dans un tambour de torr\u00e9faction. L&rsquo;augmentation progressive de la temp\u00e9rature au cours de la production conf\u00e8re \u00e0 ce malt sa douceur caramel profonde, tant au niveau de l&rsquo;ar\u00f4me que de la saveur, ainsi que sa coloration fonc\u00e9e.<\/p>\n<p>De nombreuses brasseries belges privil\u00e9gient le malt Cara 120 MD pour la fabrication de leurs bi\u00e8res d&rsquo;abbaye.<\/p>\n<p>Les malts caram\u00e9lis\u00e9s, tels que le Cara 120 MD, sont connus pour am\u00e9liorer la stabilit\u00e9 de la mousse, m\u00eame lorsque seulement 5 % sont inclus dans la nomenclature des grains.<\/p>\n<p>Ce type de malt caram\u00e9lis\u00e9 peut \u00eatre incorpor\u00e9 \u00e0 hauteur de 25 % dans le m\u00e9lange de c\u00e9r\u00e9ales destin\u00e9 au brassage.<\/p>\n<\/div>\n<\/div>\n","protected":false},"featured_media":1455,"template":"","meta":{"_themeisle_gutenberg_block_has_review":false},"product_brand":[],"product_cat":[366,368],"product_tag":[],"class_list":{"0":"post-2537","1":"product","2":"type-product","3":"status-publish","4":"has-post-thumbnail","6":"product_cat-malt-cereale","7":"product_cat-malt-caramelise","8":"pa_brand-dingemans","9":"pa_capacity-1t-big-bag-fr","10":"pa_capacity-40-x-sacs-de-25-kg","12":"first","13":"onbackorder","14":"taxable","15":"shipping-taxable","16":"purchasable","17":"product-type-variable"},"_links":{"self":[{"href":"https:\/\/goodbeer.solutions\/fr\/wp-json\/wp\/v2\/product\/2537","targetHints":{"allow":["GET"]}}],"collection":[{"href":"https:\/\/goodbeer.solutions\/fr\/wp-json\/wp\/v2\/product"}],"about":[{"href":"https:\/\/goodbeer.solutions\/fr\/wp-json\/wp\/v2\/types\/product"}],"wp:featuredmedia":[{"embeddable":true,"href":"https:\/\/goodbeer.solutions\/fr\/wp-json\/wp\/v2\/media\/1455"}],"wp:attachment":[{"href":"https:\/\/goodbeer.solutions\/fr\/wp-json\/wp\/v2\/media?parent=2537"}],"wp:term":[{"taxonomy":"product_brand","embeddable":true,"href":"https:\/\/goodbeer.solutions\/fr\/wp-json\/wp\/v2\/product_brand?post=2537"},{"taxonomy":"product_cat","embeddable":true,"href":"https:\/\/goodbeer.solutions\/fr\/wp-json\/wp\/v2\/product_cat?post=2537"},{"taxonomy":"product_tag","embeddable":true,"href":"https:\/\/goodbeer.solutions\/fr\/wp-json\/wp\/v2\/product_tag?post=2537"}],"curies":[{"name":"wp","href":"https:\/\/api.w.org\/{rel}","templated":true}]}}