{"id":2546,"date":"2024-01-25T12:19:36","date_gmt":"2024-01-25T11:19:36","guid":{"rendered":"https:\/\/goodbeer.solutions\/product\/cara-200-md-malt-caramel-moyennement-fonce-dingemans-malts\/"},"modified":"2024-09-17T12:00:53","modified_gmt":"2024-09-17T11:00:53","slug":"cara-200-md-malt-caramel-moyennement-fonce-dingemans-malts","status":"publish","type":"product","link":"https:\/\/goodbeer.solutions\/fr\/produit\/cara-200-md-malt-caramel-moyennement-fonce-dingemans-malts\/","title":{"rendered":"Malt CARA 200  caramel moyen &#8211; Dingemans malt"},"content":{"rendered":"<table dir=\"ltr\" style=\"height: 183px;\" border=\"1\" width=\"275\" cellspacing=\"0\" cellpadding=\"0\" data-sheets-root=\"1\">\n<colgroup>\n<col width=\"100\" \/>\n<col width=\"100\" \/><\/colgroup>\n<tbody>\n<tr>\n<td data-sheets-value=\"{\">COULEUR EBC :<\/td>\n<td data-sheets-value=\"{\">200<\/td>\n<\/tr>\n<tr>\n<td data-sheets-value=\"{\">LOVIBOND :<\/td>\n<td data-sheets-value=\"{\">75<\/td>\n<\/tr>\n<tr>\n<td data-sheets-value=\"{\">SAVEUR :<\/td>\n<td data-sheets-value=\"{\">\n<div class=\"field field-name-field-flavour field-type-text field-label-inline clearfix\">\n<div class=\"field-items\">\n<div class=\"field-item even\">Caramel fonc\u00e9<\/div>\n<\/div>\n<\/div>\n<\/td>\n<\/tr>\n<tr>\n<td data-sheets-value=\"{\">UTILISATION :<\/td>\n<td data-sheets-value=\"{\">\n<div class=\"field-item even\">\n<div class=\"field-item even\">\n<div class=\"field-item even\">\n<div class=\"field-item even\">\n<div class=\"field-item even\">\n<div class=\"field-item even\">Bi\u00e8res d&rsquo;abbaye<\/div>\n<div class=\"field-item odd\">Stout<\/div>\n<div class=\"field-item even\">Speciale Belge<\/div>\n<div class=\"field-item odd\">Porter<\/div>\n<div class=\"field-item even\">Barleywine<\/div>\n<div class=\"field-item odd\">Flemish Old Brown<\/div>\n<div class=\"field-item even\">Dark Ale<\/div>\n<div class=\"field-item odd\">Quadrupel belge<\/div>\n<div class=\"field-item even\">Belgian Brown<\/div>\n<\/div>\n<\/div>\n<\/div>\n<\/div>\n<\/div>\n<\/td>\n<\/tr>\n<tr>\n<td data-sheets-value=\"{\">Malt Bill :<\/td>\n<td data-sheets-value=\"{\">Jusqu&rsquo;\u00e0 15 % de r\u00e9duction<\/td>\n<\/tr>\n<\/tbody>\n<\/table>\n","protected":false},"excerpt":{"rendered":"<div class=\"field field-name-field-colour-ebc field-type-number-integer field-label-inline clearfix\">\n<div class=\"field-label\">\n<p>Le malt Cara 200 MD, une vari\u00e9t\u00e9 caram\u00e9lis\u00e9e tr\u00e8s fonc\u00e9e, est produit dans un tambour de torr\u00e9faction. Apr\u00e8s la caram\u00e9lisation, le malt est soumis \u00e0 un processus de s\u00e9chage minutieux \u00e0 des temp\u00e9ratures \u00e9lev\u00e9es, ce qui renforce son go\u00fbt sucr\u00e9 et lui conf\u00e8re une teinte sombre et profonde.<\/p>\n<p>Privil\u00e9gi\u00e9 par de nombreuses brasseries belges, ce malt est un ingr\u00e9dient courant dans la production des bi\u00e8res d&rsquo;abbaye.<\/p>\n<p>Comme tous les malts caram\u00e9lis\u00e9s, Cara 200 MD contribue positivement \u00e0 la stabilit\u00e9 de la mousse, m\u00eame lorsqu&rsquo;il ne repr\u00e9sente que 5 % de la masse de grains.<\/p>\n<p>Ce malt caram\u00e9lis\u00e9 particulier peut \u00eatre utilis\u00e9 dans des quantit\u00e9s allant jusqu&rsquo;\u00e0 15 % de la masse totale des grains dans les processus de brassage.<\/p>\n<p>&nbsp;<\/p>\n<\/div>\n<\/div>\n","protected":false},"featured_media":1425,"template":"","meta":{"_themeisle_gutenberg_block_has_review":false},"product_brand":[],"product_cat":[366,368],"product_tag":[],"class_list":{"0":"post-2546","1":"product","2":"type-product","3":"status-publish","4":"has-post-thumbnail","6":"product_cat-malt-cereale","7":"product_cat-malt-caramelise","8":"pa_brand-dingemans","9":"pa_capacity-1t-big-bag-fr","10":"pa_capacity-40-x-sacs-de-25-kg","12":"first","13":"onbackorder","14":"taxable","15":"shipping-taxable","16":"purchasable","17":"product-type-variable"},"_links":{"self":[{"href":"https:\/\/goodbeer.solutions\/fr\/wp-json\/wp\/v2\/product\/2546","targetHints":{"allow":["GET"]}}],"collection":[{"href":"https:\/\/goodbeer.solutions\/fr\/wp-json\/wp\/v2\/product"}],"about":[{"href":"https:\/\/goodbeer.solutions\/fr\/wp-json\/wp\/v2\/types\/product"}],"wp:featuredmedia":[{"embeddable":true,"href":"https:\/\/goodbeer.solutions\/fr\/wp-json\/wp\/v2\/media\/1425"}],"wp:attachment":[{"href":"https:\/\/goodbeer.solutions\/fr\/wp-json\/wp\/v2\/media?parent=2546"}],"wp:term":[{"taxonomy":"product_brand","embeddable":true,"href":"https:\/\/goodbeer.solutions\/fr\/wp-json\/wp\/v2\/product_brand?post=2546"},{"taxonomy":"product_cat","embeddable":true,"href":"https:\/\/goodbeer.solutions\/fr\/wp-json\/wp\/v2\/product_cat?post=2546"},{"taxonomy":"product_tag","embeddable":true,"href":"https:\/\/goodbeer.solutions\/fr\/wp-json\/wp\/v2\/product_tag?post=2546"}],"curies":[{"name":"wp","href":"https:\/\/api.w.org\/{rel}","templated":true}]}}