{"id":2586,"date":"2024-01-25T11:59:34","date_gmt":"2024-01-25T10:59:34","guid":{"rendered":"https:\/\/goodbeer.solutions\/product\/malt-cara-50-caramel-moyen-clair-dingemans-malt\/"},"modified":"2024-09-17T12:00:57","modified_gmt":"2024-09-17T11:00:57","slug":"malt-cara-50-caramel-moyen-clair-dingemans-malt","status":"publish","type":"product","link":"https:\/\/goodbeer.solutions\/fr\/produit\/malt-cara-50-caramel-moyen-clair-dingemans-malt\/","title":{"rendered":"Malt CARA 50 caramel moyen &#8211; Dingemans malt"},"content":{"rendered":"<table dir=\"ltr\" style=\"height: 183px;\" border=\"1\" width=\"275\" cellspacing=\"0\" cellpadding=\"0\" data-sheets-root=\"1\">\n<colgroup>\n<col width=\"100\" \/>\n<col width=\"100\" \/><\/colgroup>\n<tbody>\n<tr>\n<td data-sheets-value=\"{\">COULEUR EBC :<\/td>\n<td data-sheets-value=\"{\">50<\/td>\n<\/tr>\n<tr>\n<td data-sheets-value=\"{\">LOVIBOND :<\/td>\n<td data-sheets-value=\"{\">20<\/td>\n<\/tr>\n<tr>\n<td data-sheets-value=\"{\">SAVEUR :<\/td>\n<td data-sheets-value=\"{\">\n<div class=\"field field-name-field-flavour field-type-text field-label-inline clearfix\">\n<div class=\"field-items\">\n<div class=\"field-item even\">Go\u00fbt prononc\u00e9 de caramel avec une note douce de miel<\/div>\n<\/div>\n<\/div>\n<\/td>\n<\/tr>\n<tr>\n<td data-sheets-value=\"{\">UTILISATION :<\/td>\n<td data-sheets-value=\"{\">\n<div class=\"field-item even\">\n<div class=\"field-item even\">\n<div class=\"field-item even\">\n<div class=\"field-item even\">Bi\u00e8res d&rsquo;abbaye<\/div>\n<div class=\"field-item odd\">Stout<\/div>\n<div class=\"field-item even\">Porter<\/div>\n<div class=\"field-item odd\">Barleywine<\/div>\n<div class=\"field-item even\">Flemish Old Brown<\/div>\n<div class=\"field-item odd\">Dark Ale<\/div>\n<div class=\"field-item even\">Quadrupel belge<\/div>\n<div class=\"field-item odd\">Belgian Brown<\/div>\n<\/div>\n<\/div>\n<\/div>\n<\/td>\n<\/tr>\n<tr>\n<td data-sheets-value=\"{\">Malt Bill :<\/td>\n<td data-sheets-value=\"{\">Jusqu&rsquo;\u00e0 25<\/td>\n<\/tr>\n<\/tbody>\n<\/table>\n","protected":false},"excerpt":{"rendered":"<div class=\"field field-name-field-colour-ebc field-type-number-integer field-label-inline clearfix\">\n<div class=\"field-label\">\n<p>Le Cara 50 MD est un malt subtilement caram\u00e9lis\u00e9 fabriqu\u00e9 dans un tambour de torr\u00e9faction. Son profil de saveur distinctif \u00e9merge du processus de caram\u00e9lisation associ\u00e9 \u00e0 un s\u00e9chage \u00e0 basse temp\u00e9rature. Ce malt est un choix populaire parmi les brasseries belges pour l&rsquo;\u00e9laboration de bi\u00e8res de style abbaye.<\/p>\n<p>Les malts caram\u00e9lis\u00e9s comme le Cara 50 MD sont connus pour leur impact b\u00e9n\u00e9fique sur la stabilit\u00e9 de la mousse, m\u00eame lorsqu&rsquo;ils sont utilis\u00e9s en quantit\u00e9s aussi faibles que 5 % de la masse de grains.<\/p>\n<p>Pour le brassage, ce malt caram\u00e9lis\u00e9 peut \u00eatre utilis\u00e9 dans des proportions allant jusqu&rsquo;\u00e0 25 % de la masse de c\u00e9r\u00e9ales.<\/p>\n<\/div>\n<\/div>\n","protected":false},"featured_media":1421,"template":"","meta":{"_themeisle_gutenberg_block_has_review":false},"product_brand":[],"product_cat":[366,368],"product_tag":[],"class_list":{"0":"post-2586","1":"product","2":"type-product","3":"status-publish","4":"has-post-thumbnail","6":"product_cat-malt-cereale","7":"product_cat-malt-caramelise","8":"pa_brand-dingemans","9":"pa_capacity-1t-big-bag-fr","10":"pa_capacity-40-x-sacs-de-25-kg","12":"first","13":"onbackorder","14":"taxable","15":"shipping-taxable","16":"purchasable","17":"product-type-variable"},"_links":{"self":[{"href":"https:\/\/goodbeer.solutions\/fr\/wp-json\/wp\/v2\/product\/2586","targetHints":{"allow":["GET"]}}],"collection":[{"href":"https:\/\/goodbeer.solutions\/fr\/wp-json\/wp\/v2\/product"}],"about":[{"href":"https:\/\/goodbeer.solutions\/fr\/wp-json\/wp\/v2\/types\/product"}],"wp:featuredmedia":[{"embeddable":true,"href":"https:\/\/goodbeer.solutions\/fr\/wp-json\/wp\/v2\/media\/1421"}],"wp:attachment":[{"href":"https:\/\/goodbeer.solutions\/fr\/wp-json\/wp\/v2\/media?parent=2586"}],"wp:term":[{"taxonomy":"product_brand","embeddable":true,"href":"https:\/\/goodbeer.solutions\/fr\/wp-json\/wp\/v2\/product_brand?post=2586"},{"taxonomy":"product_cat","embeddable":true,"href":"https:\/\/goodbeer.solutions\/fr\/wp-json\/wp\/v2\/product_cat?post=2586"},{"taxonomy":"product_tag","embeddable":true,"href":"https:\/\/goodbeer.solutions\/fr\/wp-json\/wp\/v2\/product_tag?post=2586"}],"curies":[{"name":"wp","href":"https:\/\/api.w.org\/{rel}","templated":true}]}}