{"id":2605,"date":"2023-11-14T23:16:00","date_gmt":"2023-11-14T22:16:00","guid":{"rendered":"https:\/\/goodbeer.solutions\/product\/protafloc-comprimes-et-granules-pour-le-collage-en-bouilloire-par-murphy-and-sons\/"},"modified":"2025-10-18T09:27:02","modified_gmt":"2025-10-18T08:27:02","slug":"protafloc-comprimes-granules","status":"publish","type":"product","link":"https:\/\/goodbeer.solutions\/fr\/produit\/protafloc-comprimes-granules\/","title":{"rendered":"Comprim\u00e9s de Protafloc pour clarification &#8211; Murphy and sons"},"content":{"rendered":"<p>Les tablettes Protafloc sont des clarifiants du mout de qualit\u00e9 alimentaire qui subissent un processus de semi-raffinage. Ces comprim\u00e9s sont ajout\u00e9s dans le brassin environ 10 minutes avant la fin de l&rsquo;\u00e9bullition. En utilisant un dosage optimis\u00e9 de 1 \u00e0 5 g par hectolitre (HL), les brasseurs peuvent b\u00e9n\u00e9ficier des avantages suivants: meilleur rendement, meilleure fermentation, meilleure stabilit\u00e9. Les granul\u00e9s Protafloc sont rentables et extr\u00eamement efficaces, ce qui les rend adapt\u00e9s \u00e0 une large gamme de bi\u00e8res.<\/p>\n<p>Vous trouverez plus d&rsquo;informations dans l&rsquo;article suivant: <a href=\"https:\/\/goodbeer.solutions\/fr\/la-clarification-du-mout-a-lebullition-aka-kettle-fining\/\">La clarification du mo\u00fbt \u00e0 l\u2019\u00e9bullition aka \u00ab Kettle fining \u00bb<\/a><\/p>\n<h2 style=\"text-align: center;\">Guide Rapide d&rsquo;Utilisation du Protafloc<\/h2>\n<h4>Qu&rsquo;est-ce que le Protafloc ?<\/h4>\n<p>Protafloc est un agent de clarification du mo\u00fbt utilis\u00e9 pour am\u00e9liorer la clart\u00e9 de la bi\u00e8re en favorisant la coagulation et la s\u00e9dimentation des prot\u00e9ines ind\u00e9sirables et des particules non microbiologiques (PNM). Il est fabriqu\u00e9 \u00e0 partir de carragh\u00e9nanes d\u00e9riv\u00e9s d&rsquo;algues marines rouges du genre <em>Eucheuma<\/em>.<\/p>\n<h4>Avantages du Protafloc<\/h4>\n<ul>\n<li><strong>Clart\u00e9 am\u00e9lior\u00e9e de la bi\u00e8re<\/strong> : R\u00e9duit la turbidit\u00e9 et am\u00e9liore la limpidit\u00e9.<\/li>\n<li><strong>Efficacit\u00e9 du processus<\/strong> : R\u00e9duit le temps de fermentation et de garde, et diminue l&rsquo;utilisation des filtres.<\/li>\n<li><strong>Qualit\u00e9 de la levure<\/strong> : Am\u00e9liore la r\u00e9utilisation de la levure en s\u00e9parant efficacement la cassure \u00e0 froid de la levure dans le fermenteur.<\/li>\n<li><strong>\u00c9conomie d&rsquo;\u00e9nergie<\/strong> : R\u00e9duit les co\u00fbts de refroidissement en diminuant le temps de garde n\u00e9cessaire.<\/li>\n<li><strong>Dur\u00e9e de conservation<\/strong> : Prolonge la dur\u00e9e de conservation de la bi\u00e8re gr\u00e2ce \u00e0 une meilleure \u00e9limination des particules.<\/li>\n<\/ul>\n<h4>Mode d&rsquo;Emploi<\/h4>\n<ol>\n<li><strong>Pr\u00e9paration<\/strong> : Assurez-vous que le mo\u00fbt atteint une temp\u00e9rature de 60\u00b0C ou plus pour permettre la dissolution compl\u00e8te des carragh\u00e9nanes.<\/li>\n<li><strong>Dosage<\/strong> : Ajoutez Protafloc \u00e0 raison de 1 \u00e0 2 grammes par hectolitre de mo\u00fbt. Le dosage optimal peut varier selon la vari\u00e9t\u00e9 de malt et le pH du mo\u00fbt. Pour des r\u00e9sultats pr\u00e9cis, ajustez le dosage en fonction des besoins sp\u00e9cifiques de votre brassin.<\/li>\n<li><strong>Moment de l&rsquo;ajout<\/strong> : Ajoutez Protafloc 10 \u00e0 15 minutes avant la fin de l&rsquo;\u00e9bullition. Cela permet une dispersion uniforme et une efficacit\u00e9 maximale.<\/li>\n<li><strong>\u00c9bullition<\/strong> : Continuez \u00e0 faire bouillir le mo\u00fbt pendant 10 \u00e0 15 minutes apr\u00e8s l&rsquo;ajout de Protafloc pour assurer une coagulation optimale des prot\u00e9ines.<\/li>\n<li><strong>Refroidissement et s\u00e9dimentation<\/strong> : Refroidissez le mo\u00fbt rapidement apr\u00e8s l&rsquo;\u00e9bullition. Les prot\u00e9ines coagul\u00e9es et les particules s\u00e9dimenteront au fond du fermenteur pendant le refroidissement.<\/li>\n<\/ol>\n<h4>Facteurs Cl\u00e9s pour une Performance Optimale du Protafloc<\/h4>\n<ul>\n<li><strong>pH du mo\u00fbt<\/strong> : Maintenez un pH d&rsquo;environ 5,0 pour une clarification efficace. Les mo\u00fbts avec un pH inf\u00e9rieur \u00e0 4,5 clarifient moins bien.<\/li>\n<li><strong>Qualit\u00e9 et vari\u00e9t\u00e9 du malt<\/strong> : Diff\u00e9rentes vari\u00e9t\u00e9s de malt peuvent n\u00e9cessiter des ajustements dans le dosage du Protafloc.<\/li>\n<li><strong>Clart\u00e9 du mo\u00fbt chaud<\/strong> : Un mo\u00fbt chaud clair avant l&rsquo;ajout de Protafloc favorise une meilleure performance de clarification.<\/li>\n<\/ul>\n<h4>Remarques Importantes<\/h4>\n<ul>\n<li><strong>Stockage<\/strong> : Conservez Protafloc dans un endroit sec et frais pour pr\u00e9server son efficacit\u00e9.<\/li>\n<li><strong>Compatibilit\u00e9<\/strong> : Protafloc est compatible avec la plupart des syst\u00e8mes de brassage et des vari\u00e9t\u00e9s de malt.<\/li>\n<\/ul>\n<p>Pour des conseils personnalis\u00e9s et des informations suppl\u00e9mentaires, n&rsquo;h\u00e9sitez pas \u00e0 nous contacter. Nous offrons des services de support et d&rsquo;optimisation pour les brasseries professionnelles afin d&rsquo;am\u00e9liorer leur processus de clarification.<\/p>\n<p><strong><a href=\"https:\/\/goodbeer.solutions\/fr\/contact\/\">Contactez-nous<\/a> aujourd&rsquo;hui pour am\u00e9liorer la clart\u00e9 et la qualit\u00e9 de votre bi\u00e8re!<\/strong><\/p>\n<p>Quelques informations suppl\u00e9mentaires sur le protafloc par le fabricant:\u00a0 <a href=\"https:\/\/www.murphyandson.co.uk\/resources\/technical-articles\/addition-of-copper-finings\/\" rel=\"noopener\">Addition of Copper Finings<\/a> (en anglais)<\/p>\n","protected":false},"excerpt":{"rendered":"<p>Les comprim\u00e9s Protafloc sont constitu\u00e9s de carragh\u00e9nane en granul\u00e9s, une substance ajout\u00e9e au mo\u00fbt \u00e0 l&rsquo;\u00e9bulition pour am\u00e9liorer l&rsquo;\u00e9limination des prot\u00e9ines pendant le processus de refroidissement.<\/p>\n","protected":false},"featured_media":1349,"template":"","meta":{"_themeisle_gutenberg_block_has_review":false},"product_brand":[],"product_cat":[292,374],"product_tag":[],"class_list":{"0":"post-2605","1":"product","2":"type-product","3":"status-publish","4":"has-post-thumbnail","6":"product_cat-aide-au-brassage","7":"product_cat-clarifiant","8":"pa_brand-murphy-and-sons","9":"pa_capacity-20-kg","10":"pa_capacity-2kg-fr","12":"first","13":"instock","14":"taxable","15":"shipping-taxable","16":"purchasable","17":"product-type-variable"},"_links":{"self":[{"href":"https:\/\/goodbeer.solutions\/fr\/wp-json\/wp\/v2\/product\/2605","targetHints":{"allow":["GET"]}}],"collection":[{"href":"https:\/\/goodbeer.solutions\/fr\/wp-json\/wp\/v2\/product"}],"about":[{"href":"https:\/\/goodbeer.solutions\/fr\/wp-json\/wp\/v2\/types\/product"}],"wp:featuredmedia":[{"embeddable":true,"href":"https:\/\/goodbeer.solutions\/fr\/wp-json\/wp\/v2\/media\/1349"}],"wp:attachment":[{"href":"https:\/\/goodbeer.solutions\/fr\/wp-json\/wp\/v2\/media?parent=2605"}],"wp:term":[{"taxonomy":"product_brand","embeddable":true,"href":"https:\/\/goodbeer.solutions\/fr\/wp-json\/wp\/v2\/product_brand?post=2605"},{"taxonomy":"product_cat","embeddable":true,"href":"https:\/\/goodbeer.solutions\/fr\/wp-json\/wp\/v2\/product_cat?post=2605"},{"taxonomy":"product_tag","embeddable":true,"href":"https:\/\/goodbeer.solutions\/fr\/wp-json\/wp\/v2\/product_tag?post=2605"}],"curies":[{"name":"wp","href":"https:\/\/api.w.org\/{rel}","templated":true}]}}