{"id":3736,"date":"2026-03-17T10:06:04","date_gmt":"2026-03-17T09:06:04","guid":{"rendered":"https:\/\/goodbeer.solutions\/product\/fuggle-gbr-2023-5kg\/"},"modified":"2026-04-08T10:42:06","modified_gmt":"2026-04-08T09:42:06","slug":"fuggle-gbr-2023-5kg","status":"publish","type":"product","link":"https:\/\/goodbeer.solutions\/fr\/produit\/fuggle-gbr-2023-5kg\/","title":{"rendered":"Fuggle Hops Pellets United Kingdom 2023 &#8211; 5kg T90"},"content":{"rendered":"<p>La commande minimum pour le houblon est de 20 kg. Vous pouvez mixer diff\u00e9rentes vari\u00e9t\u00e9s pour atteindre ce minimum.<br \/>\nTous les houblons sont en pellets T90 sauf indication contraire, conditionn\u00e9s en sachets sous vide de 5 kg.<br \/>\nLe houblon est syst\u00e9matiquement stock\u00e9 en environnement \u00e0 temp\u00e9rature contr\u00f4l\u00e9e pour pr\u00e9server la fra\u00eecheur, les ar\u00f4mes et l&rsquo;int\u00e9grit\u00e9 des acides alpha.<br \/>\nLivraison directe depuis notre entrep\u00f4t jusqu&rsquo;\u00e0 votre brasserie \u2014 sans frais suppl\u00e9mentaires.<\/p>\n","protected":false},"excerpt":{"rendered":"<p>Stock\u00e9 en environnement \u00e0 temp\u00e9rature contr\u00f4l\u00e9e<br \/>\nIssu de fournisseurs europ\u00e9ens de confiance<br \/>\nSachet sous vide de 5 kg \u2014 fra\u00eecheur garantie<\/p>\n","protected":false},"featured_media":3731,"template":"","meta":{"_themeisle_gutenberg_block_has_review":false},"product_brand":[],"product_cat":[542],"product_tag":[],"class_list":{"0":"post-3736","1":"product","2":"type-product","3":"status-publish","4":"has-post-thumbnail","6":"product_cat-other","7":"product_shipping_class-hops","8":"pa_capacity-5kg-fr","10":"first","11":"instock","12":"taxable","13":"shipping-taxable","14":"purchasable","15":"product-type-simple"},"_links":{"self":[{"href":"https:\/\/goodbeer.solutions\/fr\/wp-json\/wp\/v2\/product\/3736","targetHints":{"allow":["GET"]}}],"collection":[{"href":"https:\/\/goodbeer.solutions\/fr\/wp-json\/wp\/v2\/product"}],"about":[{"href":"https:\/\/goodbeer.solutions\/fr\/wp-json\/wp\/v2\/types\/product"}],"wp:featuredmedia":[{"embeddable":true,"href":"https:\/\/goodbeer.solutions\/fr\/wp-json\/wp\/v2\/media\/3731"}],"wp:attachment":[{"href":"https:\/\/goodbeer.solutions\/fr\/wp-json\/wp\/v2\/media?parent=3736"}],"wp:term":[{"taxonomy":"product_brand","embeddable":true,"href":"https:\/\/goodbeer.solutions\/fr\/wp-json\/wp\/v2\/product_brand?post=3736"},{"taxonomy":"product_cat","embeddable":true,"href":"https:\/\/goodbeer.solutions\/fr\/wp-json\/wp\/v2\/product_cat?post=3736"},{"taxonomy":"product_tag","embeddable":true,"href":"https:\/\/goodbeer.solutions\/fr\/wp-json\/wp\/v2\/product_tag?post=3736"}],"curies":[{"name":"wp","href":"https:\/\/api.w.org\/{rel}","templated":true}]}}