{"id":3899,"date":"2026-03-17T10:06:03","date_gmt":"2026-03-17T09:06:03","guid":{"rendered":"https:\/\/goodbeer.solutions\/product\/pellets-de-houblon-east-kent-golding-royaume-uni-2024-5-kg-t90\/"},"modified":"2026-04-24T13:17:46","modified_gmt":"2026-04-24T12:17:46","slug":"pellets-de-houblon-east-kent-golding-royaume-uni-2024-5-kg-t90","status":"publish","type":"product","link":"https:\/\/goodbeer.solutions\/fr\/produit\/pellets-de-houblon-east-kent-golding-royaume-uni-2024-5-kg-t90\/","title":{"rendered":"Pellets de houblon East Kent Golding, Royaume-Uni 2024 &#8211; 5 kg T90"},"content":{"rendered":"<p>La commande minimale de houblon est de 20 kg. Vous pouvez m\u00e9langer diff\u00e9rentes vari\u00e9t\u00e9s pour atteindre ce minimum. <\/p>\n<p>Tous les houblons sont des pellets T90, sauf indication contraire, vendus en sachets sous vide scell\u00e9s de 5 kg.<\/p>\n<p>Les houblons sont toujours stock\u00e9s dans un environnement \u00e0 temp\u00e9rature contr\u00f4l\u00e9e pour pr\u00e9server leur fra\u00eecheur, leur ar\u00f4me et l\u2019int\u00e9grit\u00e9 de leurs acides alpha.<\/p>\n<p>Livraison directe de l\u2019entrep\u00f4t \u00e0 votre brasserie \u2014 sans frais suppl\u00e9mentaires.<\/p>\n","protected":false},"excerpt":{"rendered":"<p>\u2705 Stock\u00e9 dans un environnement \u00e0 temp\u00e9rature contr\u00f4l\u00e9e<br \/>\n\u2705 Provenance d\u2019un fournisseur europ\u00e9en de confiance<br \/>\n\u2705 Sachet sous vide scell\u00e9 de 5 kg \u2014 fra\u00eecheur garantie<\/p>\n","protected":false},"featured_media":3731,"template":"","meta":{"_themeisle_gutenberg_block_has_review":false},"product_brand":[],"product_cat":[542],"product_tag":[],"class_list":{"0":"post-3899","1":"product","2":"type-product","3":"status-publish","4":"has-post-thumbnail","6":"product_cat-other","7":"product_shipping_class-hops","9":"first","10":"instock","11":"taxable","12":"shipping-taxable","13":"purchasable","14":"product-type-simple"},"_links":{"self":[{"href":"https:\/\/goodbeer.solutions\/fr\/wp-json\/wp\/v2\/product\/3899","targetHints":{"allow":["GET"]}}],"collection":[{"href":"https:\/\/goodbeer.solutions\/fr\/wp-json\/wp\/v2\/product"}],"about":[{"href":"https:\/\/goodbeer.solutions\/fr\/wp-json\/wp\/v2\/types\/product"}],"wp:featuredmedia":[{"embeddable":true,"href":"https:\/\/goodbeer.solutions\/fr\/wp-json\/wp\/v2\/media\/3731"}],"wp:attachment":[{"href":"https:\/\/goodbeer.solutions\/fr\/wp-json\/wp\/v2\/media?parent=3899"}],"wp:term":[{"taxonomy":"product_brand","embeddable":true,"href":"https:\/\/goodbeer.solutions\/fr\/wp-json\/wp\/v2\/product_brand?post=3899"},{"taxonomy":"product_cat","embeddable":true,"href":"https:\/\/goodbeer.solutions\/fr\/wp-json\/wp\/v2\/product_cat?post=3899"},{"taxonomy":"product_tag","embeddable":true,"href":"https:\/\/goodbeer.solutions\/fr\/wp-json\/wp\/v2\/product_tag?post=3899"}],"curies":[{"name":"wp","href":"https:\/\/api.w.org\/{rel}","templated":true}]}}