{"id":4018,"date":"2025-08-11T15:51:54","date_gmt":"2025-08-11T14:51:54","guid":{"rendered":"https:\/\/goodbeer.solutions\/product\/enzyme-dehaze-sans-gluten-et-stabilisante\/"},"modified":"2025-08-11T15:51:54","modified_gmt":"2025-08-11T14:51:54","slug":"enzyme-dehaze-sans-gluten-et-stabilisante","status":"publish","type":"product","link":"https:\/\/goodbeer.solutions\/fr\/produit\/enzyme-dehaze-sans-gluten-et-stabilisante\/","title":{"rendered":"Enzyme DeHaze sans gluten et stabilisante"},"content":{"rendered":"<h5 data-start=\"2114\" data-end=\"2551\">DeHaze est une enzyme sp\u00e9cifique qui d\u00e9compose les prot\u00e9ines riches en proline responsables de la pr\u00e9sence de gluten et de la formation du trouble au froid.<br data-start=\"2261\" data-end=\"2264\">Ajout\u00e9e au mo\u00fbt refroidi avant l\u2019ensemencement de la levure, DeHaze permet la production de bi\u00e8res \u00e0 faible teneur en gluten (\u2264 20 ppm) tout en pr\u00e9servant l\u2019ar\u00f4me, la couleur et la mousse.<br data-start=\"2415\" data-end=\"2418\">De plus, elle am\u00e9liore la stabilit\u00e9 collo\u00efdale et prolonge la dur\u00e9e de conservation de la bi\u00e8re, tout en r\u00e9duisant le besoin d\u2019un conditionnement \u00e0 froid prolong\u00e9.<\/h5>\n<p>&nbsp;<\/p>\n<p>Clarification en cuve<\/p>\n<p data-start=\"2553\" data-end=\"2567\"><strong data-start=\"2553\" data-end=\"2565\">Avantages<\/strong><\/p>\n<ul data-start=\"2568\" data-end=\"2802\">\n<li data-start=\"2568\" data-end=\"2615\">\n<p data-start=\"2570\" data-end=\"2615\">R\u00e9duction efficace du gluten jusqu\u2019\u00e0 \u2264 20 ppm<\/p>\n<\/li>\n<li data-start=\"2616\" data-end=\"2661\">\n<p data-start=\"2618\" data-end=\"2661\">Pr\u00e9serve int\u00e9gralement la saveur, la couleur et la mousse<\/p>\n<\/li>\n<li data-start=\"2662\" data-end=\"2708\">\n<p data-start=\"2664\" data-end=\"2708\">Pr\u00e9vient le trouble au froid et am\u00e9liore la stabilit\u00e9<\/p>\n<\/li>\n<li data-start=\"2709\" data-end=\"2754\">\n<p data-start=\"2711\" data-end=\"2754\">R\u00e9duit le temps et l\u2019\u00e9nergie de conditionnement \u00e0 froid<\/p>\n<\/li>\n<li data-start=\"2755\" data-end=\"2802\">\n<p data-start=\"2757\" data-end=\"2802\">Convient \u00e0 tous les styles de bi\u00e8re et types de mo\u00fbt<\/p>\n<\/li>\n<\/ul>\n<p data-start=\"2804\" data-end=\"2815\"><strong data-start=\"2804\" data-end=\"2813\">Utilisation<\/strong><\/p>\n<ul data-start=\"2816\" data-end=\"3024\">\n<li data-start=\"2816\" data-end=\"2886\">\n<p data-start=\"2818\" data-end=\"2886\">Ajouter au mo\u00fbt refroidi directement dans le fermenteur avant l\u2019ensemencement de la levure<\/p>\n<\/li>\n<li data-start=\"2887\" data-end=\"2956\">\n<p data-start=\"2889\" data-end=\"2956\">Dosage recommand\u00e9 : 1\u20135 g\/hl selon le mo\u00fbt et l\u2019effet d\u00e9sir\u00e9<\/p>\n<\/li>\n<li data-start=\"2957\" data-end=\"3024\">\n<p data-start=\"2959\" data-end=\"3024\">Testez chaque lot dans un laboratoire certifi\u00e9 pour la validation <em data-start=\"2998\" data-end=\"3011\">sans gluten<\/em><\/p>\n<\/li>\n<\/ul>\n<p data-start=\"3026\" data-end=\"3061\"><strong data-start=\"3026\" data-end=\"3039\">Conditionnement<\/strong><br data-start=\"3039\" data-end=\"3042\">1 kg, 5 kg<\/p>\n<p data-start=\"3063\" data-end=\"3132\"><strong data-start=\"3063\" data-end=\"3074\">Stockage<\/strong><br data-start=\"3074\" data-end=\"3077\">0\u201310 \u00b0C, \u00e0 l\u2019abri de la lumi\u00e8re \u2013 Dur\u00e9e de conservation : 24 mois<\/p>\n","protected":false},"excerpt":{"rendered":"<p>Enzyme prolyl-oligopeptidase pour une r\u00e9duction efficace du gluten dans la bi\u00e8re, tout en am\u00e9liorant la clart\u00e9 et la stabilit\u00e9.<\/p>\n","protected":false},"featured_media":3345,"template":"","meta":{"_themeisle_gutenberg_block_has_review":false},"product_brand":[],"product_cat":[292,380],"product_tag":[],"class_list":{"0":"post-4018","1":"product","2":"type-product","3":"status-publish","4":"has-post-thumbnail","6":"product_cat-aide-au-brassage","7":"product_cat-stabilisant","8":"pa_brand-murphy-and-sons","9":"pa_capacity-1kg-fr","10":"pa_capacity-5kg-fr","12":"first","13":"onbackorder","14":"taxable","15":"shipping-taxable","16":"purchasable","17":"product-type-variable"},"_links":{"self":[{"href":"https:\/\/goodbeer.solutions\/fr\/wp-json\/wp\/v2\/product\/4018","targetHints":{"allow":["GET"]}}],"collection":[{"href":"https:\/\/goodbeer.solutions\/fr\/wp-json\/wp\/v2\/product"}],"about":[{"href":"https:\/\/goodbeer.solutions\/fr\/wp-json\/wp\/v2\/types\/product"}],"wp:featuredmedia":[{"embeddable":true,"href":"https:\/\/goodbeer.solutions\/fr\/wp-json\/wp\/v2\/media\/3345"}],"wp:attachment":[{"href":"https:\/\/goodbeer.solutions\/fr\/wp-json\/wp\/v2\/media?parent=4018"}],"wp:term":[{"taxonomy":"product_brand","embeddable":true,"href":"https:\/\/goodbeer.solutions\/fr\/wp-json\/wp\/v2\/product_brand?post=4018"},{"taxonomy":"product_cat","embeddable":true,"href":"https:\/\/goodbeer.solutions\/fr\/wp-json\/wp\/v2\/product_cat?post=4018"},{"taxonomy":"product_tag","embeddable":true,"href":"https:\/\/goodbeer.solutions\/fr\/wp-json\/wp\/v2\/product_tag?post=4018"}],"curies":[{"name":"wp","href":"https:\/\/api.w.org\/{rel}","templated":true}]}}